{"id":10003,"date":"2024-11-22T13:43:37","date_gmt":"2024-11-22T12:43:37","guid":{"rendered":"https:\/\/www.mobility4all.eu\/de\/?page_id=10003"},"modified":"2024-12-09T14:23:29","modified_gmt":"2024-12-09T13:23:29","slug":"farhzeugumbau","status":"publish","type":"page","link":"https:\/\/www.mobility4all.eu\/de\/farhzeugumbau\/","title":{"rendered":"Farhzeugumbau"},"content":{"rendered":"\n[et_pb_section fb_built=&#8220;1&#8243; admin_label=&#8220;Tekstgebied wit&#8220; _builder_version=&#8220;4.27.3&#8243; _module_preset=&#8220;default&#8220; background_color=&#8220;#FFFFFF&#8220; custom_padding=&#8220;20px||20px||false|false&#8220; bottom_divider_style=&#8220;curve&#8220; bottom_divider_color=&#8220;#EFEFEF&#8220; bottom_divider_height=&#8220;40px&#8220; locked=&#8220;off&#8220; global_colors_info=&#8220;{}&#8220;][et_pb_row column_structure=&#8220;1_2,1_2&#8243; _builder_version=&#8220;4.27.3&#8243; _module_preset=&#8220;default&#8220; custom_margin=&#8220;||||false|false&#8220; custom_padding=&#8220;80px||80px||false|false&#8220; locked=&#8220;off&#8220; global_colors_info=&#8220;{}&#8220;][et_pb_column type=&#8220;1_2&#8243; _builder_version=&#8220;4.19.0&#8243; _module_preset=&#8220;default&#8220; global_colors_info=&#8220;{}&#8220;][et_pb_text admin_label=&#8220;Title&#8220; _builder_version=&#8220;4.27.3&#8243; _module_preset=&#8220;6918ccfd-f835-474b-ac79-6df21dcefccd&#8220; custom_margin=&#8220;||40px||false|false&#8220; animation_direction=&#8220;bottom&#8220; animation_duration=&#8220;500ms&#8220; animation_intensity_slide=&#8220;10%&#8220; locked=&#8220;off&#8220; global_colors_info=&#8220;{}&#8220;]<h2>Wir erledigen Ihren Fahrzeugumbau behindertengerecht<\/h2>[\/et_pb_text][et_pb_text admin_label=&#8220;Tekst&#8220; _builder_version=&#8220;4.27.3&#8243; _module_preset=&#8220;8a3199e1-372f-4ef8-80ec-1609f2846847&#8243; custom_margin=&#8220;||0px||false|false&#8220; animation_direction=&#8220;bottom&#8220; locked=&#8220;off&#8220; global_colors_info=&#8220;{}&#8220;]<p>Menschen mit einer Behinderung haben es in Ihrem Leben zumeist alles andere als leicht, weshalb diesen wenigstens der Transport ein wenig erleichtert werden soll mit Fargrzeugumbau.<br \/>Und genau darin besteht unser Ziel bei MOBILITY4ALL, welches wir bereits seit 60 Jahren verfolgen. Denn so lange erledigen wir bereits den Fahrzeugumbau f\u00fcr eine Reihe von Unternehmen, die sich auf den Transport von Menschen mit einer Behinderung spezialisiert haben und deren Fahrzeuge mitunter auf ganz besondere Weise umger\u00fcstet werden m\u00fcssen.<\/p>[\/et_pb_text][\/et_pb_column][et_pb_column type=&#8220;1_2&#8243; _builder_version=&#8220;4.19.0&#8243; _module_preset=&#8220;default&#8220; global_colors_info=&#8220;{}&#8220;][et_pb_image src=&#8220;https:\/\/www.mobility4all.eu\/de\/wp-content\/uploads\/2024\/11\/Fahrzeugumbau.jpg&#8220; alt=&#8220;Fahrzeugumbau&#8220; title_text=&#8220;Fahrzeugumbau&#8220; _builder_version=&#8220;4.27.3&#8243; _module_preset=&#8220;default&#8220; global_colors_info=&#8220;{}&#8220;][\/et_pb_image][\/et_pb_column][\/et_pb_row][\/et_pb_section][et_pb_section fb_built=&#8220;1&#8243; admin_label=&#8220;Tekstgebied grijs&#8220; _builder_version=&#8220;4.27.3&#8243; _module_preset=&#8220;default&#8220; background_color=&#8220;#EFEFEF&#8220; use_background_color_gradient=&#8220;on&#8220; background_color_gradient_stops=&#8220;#efefef 0%|#ffffff 100%&#8220; custom_padding=&#8220;40px||20px||false|false&#8220; bottom_divider_style=&#8220;curve&#8220; bottom_divider_color=&#8220;#efefef&#8220; bottom_divider_height=&#8220;40px&#8220; locked=&#8220;off&#8220; global_colors_info=&#8220;{}&#8220;][et_pb_row column_structure=&#8220;1_2,1_2&#8243; _builder_version=&#8220;4.27.3&#8243; _module_preset=&#8220;default&#8220; custom_margin=&#8220;||||false|false&#8220; custom_padding=&#8220;80px||80px||false|false&#8220; global_colors_info=&#8220;{}&#8220;][et_pb_column type=&#8220;1_2&#8243; _builder_version=&#8220;4.19.0&#8243; _module_preset=&#8220;default&#8220; global_colors_info=&#8220;{}&#8220;][et_pb_text admin_label=&#8220;Title&#8220; _builder_version=&#8220;4.21.0&#8243; _module_preset=&#8220;6918ccfd-f835-474b-ac79-6df21dcefccd&#8220; custom_margin=&#8220;||40px||false|false&#8220; animation_direction=&#8220;bottom&#8220; animation_duration=&#8220;500ms&#8220; animation_intensity_slide=&#8220;10%&#8220; locked=&#8220;off&#8220; global_colors_info=&#8220;{}&#8220;]<h2>Behindertengerechter Umbau jeglicher Fahrzeuge<\/h2>[\/et_pb_text][et_pb_text admin_label=&#8220;Tekst&#8220; _builder_version=&#8220;4.27.3&#8243; _module_preset=&#8220;8a3199e1-372f-4ef8-80ec-1609f2846847&#8243; custom_margin=&#8220;||40px||false|false&#8220; animation_direction=&#8220;bottom&#8220; locked=&#8220;off&#8220; global_colors_info=&#8220;{}&#8220;]<ul><\/ul>\n<p>Oftmals werden behinderte Menschen von speziellen Fahrdiensten zur Schule oder zu Ihrer Arbeitsstelle gebracht, um diese hierdurch ein wenig bei der Bew\u00e4ltigung des Alltags zu unterst\u00fctzen.<\/p>\n<p>Hierf\u00fcr verwenden die Anbieter dieser Fahrdienste in der Regel spezielle <a href=\"https:\/\/www.mobility4all.eu\/de\/rollstuhl-transport\/\">Rollstuhltransport<\/a>, die zuvor auf die besonderen Anforderungen der Behinderten umger\u00fcstet wurden.<\/p>\n<p>Und genau diese Art von Fahrzeugumbau k\u00f6nnen wir Ihnen auch in unserer Werkstatt anbieten und zwar f\u00fcr fast alle erdenklichen Fahrzeuge, sogar VW <a href=\"https:\/\/www.mobility4all.eu\/de\/caddy-with-rollstuhlrampe\/\">Caddy mit Rollstuhlrampe<\/a>.<\/p>\n<p>So r\u00fcsten wir nicht nur Ihren Neuwagen um, sondern f\u00fchren den gew\u00fcnschten Fahrzeugumbau auch dann f\u00fcr Sie durch, wenn es sich bei dem Fahrzeug um einen Gebrauchtwagen handelt.<\/p>\n<p>Und auch wenn es um den Fahrzeugumbau mehrerer Fahrzeuge geht, ganz egal, ob diese vom gleichen Typ sind oder nicht, stehen wir Ihnen jederzeit zur Verf\u00fcgung und f\u00fchren die gew\u00fcnschten Umr\u00fcstungen zu jeder Zeit fachm\u00e4nnisch f\u00fcr Sie durch.<\/p>\n<p>Dabei spielt zudem auch das Modell des Fahrzeugs oder der Fahrzeuge, die wir f\u00fcr Sie umbauen sollen, nur eine untergeordnete Rolle, da wir dazu in der Lage sind nahezu s\u00e4mtliche Fahrzeuge behindertengerecht f\u00fcr Sie umzubauen. So bauen wir sowohl Minibusse als auch jegliche PKWs ganz nach Wunsch f\u00fcr Sie um und ber\u00fccksichtigen dabei auch Ihre Sonderw\u00fcnsche, sofern diese bei dem jeweiligen Fahrzeug in der gew\u00fcnschten Form durchf\u00fchrt werden k\u00f6nnen.<\/p>[\/et_pb_text][\/et_pb_column][et_pb_column type=&#8220;1_2&#8243; _builder_version=&#8220;4.19.0&#8243; _module_preset=&#8220;default&#8220; global_colors_info=&#8220;{}&#8220;][et_pb_text admin_label=&#8220;Title&#8220; _builder_version=&#8220;4.21.0&#8243; _module_preset=&#8220;6918ccfd-f835-474b-ac79-6df21dcefccd&#8220; custom_margin=&#8220;||40px||false|false&#8220; animation_direction=&#8220;bottom&#8220; animation_duration=&#8220;500ms&#8220; animation_intensity_slide=&#8220;10%&#8220; locked=&#8220;off&#8220; global_colors_info=&#8220;{}&#8220;]<h2>Fahrzeugumbau behindertengerecht vom Profi!<\/h2>[\/et_pb_text][et_pb_text admin_label=&#8220;Tekst&#8220; _builder_version=&#8220;4.27.3&#8243; _module_preset=&#8220;8a3199e1-372f-4ef8-80ec-1609f2846847&#8243; custom_margin=&#8220;||40px||false|false&#8220; animation_direction=&#8220;bottom&#8220; locked=&#8220;off&#8220; global_colors_info=&#8220;{}&#8220;]<ul><\/ul>\n<p>Wenn Sie sich f\u00fcr einen Fahrzeugumbau von uns entscheiden, dann entscheiden Sie sich damit f\u00fcr einen Umbau der von echten Profis durchgef\u00fchrt wird. Denn bereits seit vielen Jahren erledigen wir bereits den Fahrzeugumbau f\u00fcr eine ganze Reihe von Pflegediensten, Altenheimen oder Krankenh\u00e4usern und unterst\u00fctzen auch einige Taxi-Unternehmen durch den behindertengerechten Fahrzeugumbau, selbst dann, wenn der Umbau einmal komplizierter sein sollte. Wenden Sie sich daher jetzt gleich mit Ihrer Anfrage f\u00fcr den von Ihnen gew\u00fcnschten behindertengerechten Fahrzeugumbau an uns und wir werden uns in der Folge schnellstm\u00f6glich wieder mit einem individuellen Angebot bei Ihnen melden. Und f\u00fcr den Fall, dass ein solcher Fahrzeugumbau einmal etwas teurer werden sollte, dann bedenken Sie bitte, dass es hierbei um das Wohl von behinderten Menschen geht und \u00fcberlegen Sie sich dann noch einmal ganz genau, ob Sie einen derartigen Umbau wirklich von jemand unerfahrenen durchf\u00fchren lassen m\u00f6chten oder doch lieber von echten Profis auf diesem Gebiet. Denn aufgrund unserer 60-j\u00e4hrigen Erfahrung im behindertengerechten Umbau von Fahrzeugen k\u00f6nnen Sie sich stets darauf verlassen, dass die Qualit\u00e4t der Umbauten Ihren Erwartungen auch wirklich entspricht. Stellen Sie jetzt einfach eine unverbindliche Anfrage f\u00fcr die ben\u00f6tigen Umbauten an uns und lassen Sie sich im Anschluss daran von den Umbauten und der Qualit\u00e4t unserer Arbeit selbst \u00fcberzeugen. Und dann sind wir uns ziemlich sicher, dass Sie Ihren bef\u00f6rderten zuliebe auch in Zukunft jeden Fahrzeugumbau bei uns durchf\u00fchren lassen, um f\u00fcr diese zu jeder Zeit eine gute Fahrt zu gew\u00e4hrleisten. Denn schlie\u00dflich geht es bei dem Transport behinderter Menschen vor allem darum, dass diese Ihr Ziel stets unbeschadet erreichen, wof\u00fcr die von uns durchgef\u00fchrten Umbauten ebenfalls einen Beitrag leisten.<\/p>[\/et_pb_text][\/et_pb_column][\/et_pb_row][\/et_pb_section]\n","protected":false},"excerpt":{"rendered":"<p>Behindertengerecht<\/p>\n","protected":false},"author":1,"featured_media":1738,"parent":0,"menu_order":993,"comment_status":"closed","ping_status":"closed","template":"","meta":{"_et_pb_use_builder":"on","_et_pb_old_content":"","_et_gb_content_width":"","footnotes":""},"class_list":["post-10003","page","type-page","status-publish","has-post-thumbnail","hentry"],"aioseo_notices":[],"_links":{"self":[{"href":"https:\/\/www.mobility4all.eu\/de\/wp-json\/wp\/v2\/pages\/10003","targetHints":{"allow":["GET"]}}],"collection":[{"href":"https:\/\/www.mobility4all.eu\/de\/wp-json\/wp\/v2\/pages"}],"about":[{"href":"https:\/\/www.mobility4all.eu\/de\/wp-json\/wp\/v2\/types\/page"}],"author":[{"embeddable":true,"href":"https:\/\/www.mobility4all.eu\/de\/wp-json\/wp\/v2\/users\/1"}],"replies":[{"embeddable":true,"href":"https:\/\/www.mobility4all.eu\/de\/wp-json\/wp\/v2\/comments?post=10003"}],"version-history":[{"count":9,"href":"https:\/\/www.mobility4all.eu\/de\/wp-json\/wp\/v2\/pages\/10003\/revisions"}],"predecessor-version":[{"id":10178,"href":"https:\/\/www.mobility4all.eu\/de\/wp-json\/wp\/v2\/pages\/10003\/revisions\/10178"}],"wp:featuredmedia":[{"embeddable":true,"href":"https:\/\/www.mobility4all.eu\/de\/wp-json\/wp\/v2\/media\/1738"}],"wp:attachment":[{"href":"https:\/\/www.mobility4all.eu\/de\/wp-json\/wp\/v2\/media?parent=10003"}],"curies":[{"name":"wp","href":"https:\/\/api.w.org\/{rel}","templated":true}]}}