{"id":10006,"date":"2024-11-22T13:47:34","date_gmt":"2024-11-22T12:47:34","guid":{"rendered":"https:\/\/www.mobility4all.eu\/de\/?page_id=10006"},"modified":"2024-12-09T14:24:34","modified_gmt":"2024-12-09T13:24:34","slug":"rollstuhllift","status":"publish","type":"page","link":"https:\/\/www.mobility4all.eu\/de\/rollstuhllift\/","title":{"rendered":"Rollstuhllift"},"content":{"rendered":"\n[et_pb_section fb_built=&#8220;1&#8243; admin_label=&#8220;Tekstgebied wit&#8220; _builder_version=&#8220;4.27.3&#8243; _module_preset=&#8220;default&#8220; background_color=&#8220;#FFFFFF&#8220; custom_padding=&#8220;20px||20px||false|false&#8220; bottom_divider_style=&#8220;curve&#8220; bottom_divider_color=&#8220;#EFEFEF&#8220; bottom_divider_height=&#8220;40px&#8220; locked=&#8220;off&#8220; global_colors_info=&#8220;{}&#8220;][et_pb_row column_structure=&#8220;1_2,1_2&#8243; _builder_version=&#8220;4.27.3&#8243; _module_preset=&#8220;default&#8220; custom_margin=&#8220;||||false|false&#8220; custom_padding=&#8220;80px||0px||false|false&#8220; locked=&#8220;off&#8220; global_colors_info=&#8220;{}&#8220;][et_pb_column type=&#8220;1_2&#8243; _builder_version=&#8220;4.19.0&#8243; _module_preset=&#8220;default&#8220; global_colors_info=&#8220;{}&#8220;][et_pb_text admin_label=&#8220;Title&#8220; _builder_version=&#8220;4.27.3&#8243; _module_preset=&#8220;6918ccfd-f835-474b-ac79-6df21dcefccd&#8220; custom_margin=&#8220;||40px||false|false&#8220; animation_direction=&#8220;bottom&#8220; animation_duration=&#8220;500ms&#8220; animation_intensity_slide=&#8220;10%&#8220; locked=&#8220;off&#8220; global_colors_info=&#8220;{}&#8220;]<h2>Rollstuhllift<\/h2>[\/et_pb_text][et_pb_text admin_label=&#8220;Tekst&#8220; _builder_version=&#8220;4.27.3&#8243; _module_preset=&#8220;8a3199e1-372f-4ef8-80ec-1609f2846847&#8243; custom_margin=&#8220;||0px||false|false&#8220; animation_direction=&#8220;bottom&#8220; locked=&#8220;off&#8220; global_colors_info=&#8220;{}&#8220;]<p>Als Privatperson m\u00f6chten Sie weiterhin selbst Auto fahren k\u00f6nnen zb. mit ein Rollstuhllift und einfach Ihren Mobilit\u00e4tsroller oder Rollstuhl mitnehmen.<\/p>\n<p>Mobility4all hat daf\u00fcr eine wunderbare kompakte L\u00f6sung f\u00fcr <a href=\"https:\/\/www.mobility4all.eu\/de\/farhzeugumbau\/\">Fahrzeugumbau<\/a>, die in fast jedes Auto eingebaut werden kann. Mit unserem Lift behalten Sie die volle Sicht durch die Heckscheibe und k\u00f6nnen Ihren Kofferraum auch dann maximal nutzen, wenn Sie keinen Rollstuhl dabei haben.<\/p>\n<p>Mobility4all bietet viele M\u00f6glichkeiten, um Sie mobil zu halten. Mit einigen dieser Anpassungen haben Sie Anspruch auf eine Steuerverg\u00fcnstigung. Wir k\u00f6nnen Sie in einem informellen Gespr\u00e4ch dar\u00fcber informieren. Wir glauben, dass alle <a href=\"https:\/\/www.mobility4all.eu\/de\/rollstuhl-transport\/\">Rollstuhltransportl\u00f6sungen<\/a> ein kundenspezifisches Produkt sind. Wir unterbreiten Ihnen daher NACH einem pers\u00f6nlichen Gespr\u00e4ch einen Vorschlag.<\/p>[\/et_pb_text][\/et_pb_column][et_pb_column type=&#8220;1_2&#8243; _builder_version=&#8220;4.19.0&#8243; _module_preset=&#8220;default&#8220; global_colors_info=&#8220;{}&#8220;][et_pb_image src=&#8220;https:\/\/www.mobility4all.eu\/de\/wp-content\/uploads\/2023\/06\/Mobility4All-Visual.jpg&#8220; alt=&#8220;Mobility4all &#8211; Visual&#8220; title_text=&#8220;Mobility4all &#8211; Visual&#8220; _builder_version=&#8220;4.27.3&#8243; _module_preset=&#8220;default&#8220; global_colors_info=&#8220;{}&#8220;][\/et_pb_image][\/et_pb_column][\/et_pb_row][et_pb_row _builder_version=&#8220;4.27.3&#8243; _module_preset=&#8220;default&#8220; custom_margin=&#8220;||||false|false&#8220; custom_padding=&#8220;80px||80px||false|false&#8220; locked=&#8220;off&#8220; global_colors_info=&#8220;{}&#8220;][et_pb_column type=&#8220;4_4&#8243; _builder_version=&#8220;4.19.0&#8243; _module_preset=&#8220;default&#8220; global_colors_info=&#8220;{}&#8220;][et_pb_text admin_label=&#8220;Title&#8220; _builder_version=&#8220;4.27.3&#8243; _module_preset=&#8220;6918ccfd-f835-474b-ac79-6df21dcefccd&#8220; custom_margin=&#8220;||40px||false|false&#8220; animation_direction=&#8220;bottom&#8220; animation_duration=&#8220;500ms&#8220; animation_intensity_slide=&#8220;10%&#8220; locked=&#8220;off&#8220; global_colors_info=&#8220;{}&#8220;]<h2>Was sind Rollstuhllifte?<\/h2>[\/et_pb_text][et_pb_text admin_label=&#8220;Tekst&#8220; _builder_version=&#8220;4.27.3&#8243; _module_preset=&#8220;8a3199e1-372f-4ef8-80ec-1609f2846847&#8243; custom_margin=&#8220;||0px||false|false&#8220; animation_direction=&#8220;bottom&#8220; locked=&#8220;off&#8220; global_colors_info=&#8220;{}&#8220;]<p>Mit Hilfe von Kofferraumhebern k\u00f6nnen Sie m\u00fchelos Ihren Rollstuhl oder Roller in den Kofferraum hinein- und herausheben. Ein Hebepunkt ist an Ihrem Rollstuhl \/ Mobilit\u00e4tsroller angebracht. Der Hebepunkt ist so montiert, dass der Rollstuhl \/ Mobilit\u00e4tsroller beim Heben im Gleichgewicht ist. Sie haken den Rollstuhl \/ Mobilit\u00e4tsroller in den Lift ein und dieser wird in die richtige Position gehoben, damit er in den Kofferraum gelegt werden kann.<\/p>\n<p>Diese Aufz\u00fcge gibt es in 10 Ausf\u00fchrungen. Sie k\u00f6nnen eine Auswahl treffen, die von Ihrem Auto, der Art der Einrichtung und dem Gewicht abh\u00e4ngt. Gerne listen wir Ihnen die M\u00f6glichkeiten auf!<\/p>[\/et_pb_text][\/et_pb_column][\/et_pb_row][\/et_pb_section][et_pb_section fb_built=&#8220;1&#8243; admin_label=&#8220;Tekstgebied grijs&#8220; _builder_version=&#8220;4.27.2&#8243; _module_preset=&#8220;default&#8220; background_color=&#8220;#EFEFEF&#8220; custom_padding=&#8220;40px||20px||false|false&#8220; bottom_divider_style=&#8220;curve&#8220; bottom_divider_color=&#8220;#FFFFFF&#8220; bottom_divider_height=&#8220;40px&#8220; locked=&#8220;off&#8220; global_colors_info=&#8220;{}&#8220;][et_pb_row column_structure=&#8220;1_2,1_2&#8243; _builder_version=&#8220;4.27.3&#8243; _module_preset=&#8220;default&#8220; custom_margin=&#8220;||||false|false&#8220; custom_padding=&#8220;80px||80px||false|false&#8220; global_colors_info=&#8220;{}&#8220;][et_pb_column type=&#8220;1_2&#8243; _builder_version=&#8220;4.19.0&#8243; _module_preset=&#8220;default&#8220; global_colors_info=&#8220;{}&#8220;][et_pb_text admin_label=&#8220;Title&#8220; _builder_version=&#8220;4.21.0&#8243; _module_preset=&#8220;6918ccfd-f835-474b-ac79-6df21dcefccd&#8220; custom_margin=&#8220;||40px||false|false&#8220; animation_direction=&#8220;bottom&#8220; animation_duration=&#8220;500ms&#8220; animation_intensity_slide=&#8220;10%&#8220; locked=&#8220;off&#8220; global_colors_info=&#8220;{}&#8220;]<h2>Einige L\u00f6sungen, die Mobility4all Ihnen anbieten kann:<\/h2>[\/et_pb_text][et_pb_text admin_label=&#8220;Tekst&#8220; _builder_version=&#8220;4.27.3&#8243; _module_preset=&#8220;8a3199e1-372f-4ef8-80ec-1609f2846847&#8243; custom_margin=&#8220;||40px||false|false&#8220; animation_direction=&#8220;bottom&#8220; locked=&#8220;off&#8220; global_colors_info=&#8220;{}&#8220;]<ul>\n<li>Mobil- oder Rollstuhllift in jedem Auto oder Bus.<\/li>\n<li>Einbauen eines Rollstuhllifts.<\/li>\n<li>Einbauen eines Rollstuhllifts in den Kofferraum Ihres (Liefer-) Autos.<\/li>\n<li>Installation eines Scooter-Profillifts in Ihrem Auto.<\/li>\n<li>Gaspedalverschiebung.<\/li>\n<li>Selbstpreissituation mit angepasster Gasbremsregelung.<\/li>\n<li>Untersetzung im Rollstuhlwagen. Mit 5 Personen + 1 Rollstuhlm\u00f6glichkeit.<\/li>\n<li>Drehstuhl im Bus oder im Auto zum einfachen Umsteigen.<\/li>\n<\/ul>\n<p>Fragen Sie nach den vielen anderen M\u00f6glichkeiten.<\/p>\n<p>Alle unsere Anpassungen sind RDW-gepr\u00fcft, damit Sie sicher und ordnungsgem\u00e4\u00df versichert unterwegs sind.<\/p>\n<p>Wir gehen davon aus, dass wir die \u00c4nderung auf Ihrem Registrierungszertifikat veranlassen.<\/p>\n<p>Seit 1959 passen wir Fahrzeuge an. Bei uns sind Sie in guten H\u00e4nden.<\/p>[\/et_pb_text][\/et_pb_column][et_pb_column type=&#8220;1_2&#8243; _builder_version=&#8220;4.19.0&#8243; _module_preset=&#8220;default&#8220; global_colors_info=&#8220;{}&#8220;][et_pb_text admin_label=&#8220;Tekst&#8220; _builder_version=&#8220;4.27.2&#8243; _module_preset=&#8220;8a3199e1-372f-4ef8-80ec-1609f2846847&#8243; custom_margin=&#8220;||40px||false|false&#8220; animation_direction=&#8220;bottom&#8220; locked=&#8220;off&#8220; global_colors_info=&#8220;{}&#8220;]<p>Rollstuhllifte sind heute die moderne M\u00f6glichkeit, stabile und sichere Hilfe zu leisten, wenn Treppen ein gro\u00dfes Hindernis in Geb\u00e4uden darstellen. Rollstuhlfahrer k\u00f6nnen ihre Rollst\u00fchle direkt auf die Plattform des Rollstuhllifts fahren und so bequem und sicher von einer Etage zur n\u00e4chsten gelangen.<\/p>\n<p>Ob Lift oder Plattformlift, beide eignen sich f\u00fcr eine Vielzahl von Bauweisen und bieten dem Anwender eine ganze Reihe von Vorteilen und Annehmlichkeiten. Aufz\u00fcge eignen sich sehr gut f\u00fcr eine geringere H\u00f6he, beispielsweise im Au\u00dfenbereich eines Wohngeb\u00e4udes oder in \u00f6ffentlichen Einrichtungen. Ein Rollstuhlfahrer kann mit einem solchen Aufzug bis zu 1,80 m hoch klettern. Dar\u00fcber hinaus ist die Installation eines Aufzugs sehr einfach und erfordert keine Voraussetzungen. Er ist sehr platzsparend und sowohl f\u00fcr den Innen- als auch f\u00fcr den Au\u00dfenbereich geeignet.<\/p>\n<p>Heutzutage k\u00f6nnen Sie diese praktischen Helfer neu oder gebraucht kaufen. Wer sich f\u00fcr einen neuen Rollstuhllift entscheiden sollte, kann bis zu 25% bares Geld sparen. Die Preise f\u00fcr einen Rollstuhllift k\u00f6nnen sehr unterschiedlich sein, da der Verlauf einer Treppe auch sehr unterschiedlich sein kann. Entscheidend f\u00fcr den Preis eines Treppenlifts sind auch die Art des Aufzugs, der vorgesehene Einbaubereich und nat\u00fcrlich das entsprechende Modell.<\/p>\n<p>Rollstuhllifte sind Treppenlifte, die es Menschen mit Gehschwierigkeiten erm\u00f6glichen, \u00fcber eine stabile Plattform von einer Etage in eine andere zu gelangen. Grunds\u00e4tzlich k\u00f6nnen Sie zwischen zwei Varianten w\u00e4hlen. Zum einen gibt es den Lift und zum anderen den Plattformlift.<\/p>[\/et_pb_text][\/et_pb_column][\/et_pb_row][\/et_pb_section][et_pb_section fb_built=&#8220;1&#8243; admin_label=&#8220;Tekstgebied wit&#8220; _builder_version=&#8220;4.27.3&#8243; _module_preset=&#8220;default&#8220; background_color=&#8220;#FFFFFF&#8220; custom_padding=&#8220;20px||20px||false|false&#8220; bottom_divider_style=&#8220;curve&#8220; bottom_divider_color=&#8220;#EFEFEF&#8220; bottom_divider_height=&#8220;40px&#8220; locked=&#8220;off&#8220; global_colors_info=&#8220;{}&#8220;][et_pb_row _builder_version=&#8220;4.27.3&#8243; _module_preset=&#8220;default&#8220; custom_margin=&#8220;||||false|false&#8220; custom_padding=&#8220;80px||0px||false|false&#8220; locked=&#8220;off&#8220; global_colors_info=&#8220;{}&#8220;][et_pb_column type=&#8220;4_4&#8243; _builder_version=&#8220;4.19.0&#8243; _module_preset=&#8220;default&#8220; global_colors_info=&#8220;{}&#8220;][et_pb_text admin_label=&#8220;Title&#8220; _builder_version=&#8220;4.27.3&#8243; _module_preset=&#8220;6918ccfd-f835-474b-ac79-6df21dcefccd&#8220; animation_direction=&#8220;bottom&#8220; animation_duration=&#8220;500ms&#8220; animation_intensity_slide=&#8220;10%&#8220; locked=&#8220;off&#8220; global_colors_info=&#8220;{}&#8220;]<h2>Platformlift<\/h2>[\/et_pb_text][\/et_pb_column][\/et_pb_row][et_pb_row column_structure=&#8220;1_2,1_2&#8243; _builder_version=&#8220;4.27.3&#8243; _module_preset=&#8220;default&#8220; custom_margin=&#8220;||||false|false&#8220; custom_padding=&#8220;40px||80px||false|false&#8220; locked=&#8220;off&#8220; global_colors_info=&#8220;{}&#8220;][et_pb_column type=&#8220;1_2&#8243; _builder_version=&#8220;4.19.0&#8243; _module_preset=&#8220;default&#8220; global_colors_info=&#8220;{}&#8220;][et_pb_text admin_label=&#8220;Tekst&#8220; _builder_version=&#8220;4.27.3&#8243; _module_preset=&#8220;8a3199e1-372f-4ef8-80ec-1609f2846847&#8243; custom_margin=&#8220;||0px||false|false&#8220; animation_direction=&#8220;bottom&#8220; locked=&#8220;off&#8220; global_colors_info=&#8220;{}&#8220;]<p>Der Plattformlift hingegen ist ideal geeignet, um gr\u00f6\u00dfere H\u00f6hen problemlos zu \u00fcberwinden. Sie werden auf h\u00f6heren Treppen eingesetzt und sind daher auch sehr gute Alltagshelfer. Der Plattformlift ist sowohl f\u00fcr gekr\u00fcmmte als auch f\u00fcr gerade Treppen erh\u00e4ltlich. Ein Rollstuhlfahrer kann dank der sehr flachen Rampe leicht auf diese Plattform zugreifen. Befindet sich der Rollstuhlfahrer dann auf dieser Rampe, klappt sie automatisch zusammen und der Rollstuhl ist sicher und kann problemlos transportiert werden. Diese Art von Rollstuhllift ist platzsparend und kann flexibel an die Gr\u00f6\u00dfe eines Rollstuhls angepasst werden. Sie eignen sich gleicherma\u00dfen f\u00fcr den Au\u00dfen- und Innenbereich.<\/p>\n<p>Die billigere Option w\u00e4re ein gebrauchter Treppenlift oder ein Mietaufzug. Wer sich f\u00fcr einen Treppenlift entscheidet, hat auch Anspruch auf einen Zuschuss aus der Pflegeversicherung. Wenn Sie den entsprechenden Antrag vor dem Kauf eingereicht haben, erhalten Sie einen Zuschuss von bis zu 4000 Euro. Ein solcher Treppenlift kann f\u00fcr nur 9.000 Euro gekauft werden. Die Installation auf sehr kurvigen Treppen kann teurer sein als auf ebeneren Treppen. Bei gekr\u00fcmmten Treppen ist die Einstellung der Schienen mit zus\u00e4tzlichem Aufwand verbunden. Sonderausstattung ist aber auch m\u00f6glich und hat dementsprechend einen h\u00f6heren Preis.<\/p>[\/et_pb_text][\/et_pb_column][et_pb_column type=&#8220;1_2&#8243; _builder_version=&#8220;4.19.0&#8243; _module_preset=&#8220;default&#8220; global_colors_info=&#8220;{}&#8220;][et_pb_image src=&#8220;https:\/\/www.mobility4all.eu\/de\/wp-content\/uploads\/2024\/09\/Achterkant-bus-lift-3.jpg&#8220; alt=&#8220;Draaistoel voor rolstoelplaats&#8220; title_text=&#8220;Draaistoel voor rolstoelplaats&#8220; _builder_version=&#8220;4.27.3&#8243; _module_preset=&#8220;default&#8220; global_colors_info=&#8220;{}&#8220;][\/et_pb_image][\/et_pb_column][\/et_pb_row][\/et_pb_section]\n","protected":false},"excerpt":{"rendered":"<p>Ein barrierefreies Taxi<\/p>\n","protected":false},"author":1,"featured_media":1738,"parent":0,"menu_order":994,"comment_status":"closed","ping_status":"closed","template":"","meta":{"_et_pb_use_builder":"on","_et_pb_old_content":"","_et_gb_content_width":"","footnotes":""},"class_list":["post-10006","page","type-page","status-publish","has-post-thumbnail","hentry"],"aioseo_notices":[],"_links":{"self":[{"href":"https:\/\/www.mobility4all.eu\/de\/wp-json\/wp\/v2\/pages\/10006","targetHints":{"allow":["GET"]}}],"collection":[{"href":"https:\/\/www.mobility4all.eu\/de\/wp-json\/wp\/v2\/pages"}],"about":[{"href":"https:\/\/www.mobility4all.eu\/de\/wp-json\/wp\/v2\/types\/page"}],"author":[{"embeddable":true,"href":"https:\/\/www.mobility4all.eu\/de\/wp-json\/wp\/v2\/users\/1"}],"replies":[{"embeddable":true,"href":"https:\/\/www.mobility4all.eu\/de\/wp-json\/wp\/v2\/comments?post=10006"}],"version-history":[{"count":4,"href":"https:\/\/www.mobility4all.eu\/de\/wp-json\/wp\/v2\/pages\/10006\/revisions"}],"predecessor-version":[{"id":10179,"href":"https:\/\/www.mobility4all.eu\/de\/wp-json\/wp\/v2\/pages\/10006\/revisions\/10179"}],"wp:featuredmedia":[{"embeddable":true,"href":"https:\/\/www.mobility4all.eu\/de\/wp-json\/wp\/v2\/media\/1738"}],"wp:attachment":[{"href":"https:\/\/www.mobility4all.eu\/de\/wp-json\/wp\/v2\/media?parent=10006"}],"curies":[{"name":"wp","href":"https:\/\/api.w.org\/{rel}","templated":true}]}}