{"id":10010,"date":"2024-11-22T13:53:41","date_gmt":"2024-11-22T12:53:41","guid":{"rendered":"https:\/\/www.mobility4all.eu\/de\/?page_id=10010"},"modified":"2024-12-09T14:25:40","modified_gmt":"2024-12-09T13:25:40","slug":"kaufen-sie-einen-rollstuhlbus","status":"publish","type":"page","link":"https:\/\/www.mobility4all.eu\/de\/kaufen-sie-einen-rollstuhlbus\/","title":{"rendered":"Kaufen Sie einen Rollstuhlbus\u200b"},"content":{"rendered":"\n[et_pb_section fb_built=&#8220;1&#8243; admin_label=&#8220;Tekstgebied wit&#8220; _builder_version=&#8220;4.27.3&#8243; _module_preset=&#8220;default&#8220; background_color=&#8220;#FFFFFF&#8220; custom_padding=&#8220;20px||20px||false|false&#8220; bottom_divider_style=&#8220;curve&#8220; bottom_divider_color=&#8220;#EFEFEF&#8220; bottom_divider_height=&#8220;40px&#8220; locked=&#8220;off&#8220; global_colors_info=&#8220;{}&#8220;][et_pb_row column_structure=&#8220;1_2,1_2&#8243; _builder_version=&#8220;4.27.3&#8243; _module_preset=&#8220;default&#8220; custom_margin=&#8220;||||false|false&#8220; custom_padding=&#8220;80px||40px||false|false&#8220; locked=&#8220;off&#8220; global_colors_info=&#8220;{}&#8220;][et_pb_column type=&#8220;1_2&#8243; _builder_version=&#8220;4.19.0&#8243; _module_preset=&#8220;default&#8220; global_colors_info=&#8220;{}&#8220;][et_pb_text admin_label=&#8220;Title&#8220; _builder_version=&#8220;4.27.3&#8243; _module_preset=&#8220;6918ccfd-f835-474b-ac79-6df21dcefccd&#8220; custom_margin=&#8220;||40px||false|false&#8220; animation_direction=&#8220;bottom&#8220; animation_duration=&#8220;500ms&#8220; animation_intensity_slide=&#8220;10%&#8220; locked=&#8220;off&#8220; global_colors_info=&#8220;{}&#8220;]<h2>Kaufen Sie einen Rollstuhlbus\u200b<\/h2>[\/et_pb_text][et_pb_text admin_label=&#8220;Tekst&#8220; _builder_version=&#8220;4.27.3&#8243; _module_preset=&#8220;8a3199e1-372f-4ef8-80ec-1609f2846847&#8243; custom_margin=&#8220;||0px||false|false&#8220; animation_direction=&#8220;bottom&#8220; locked=&#8220;off&#8220; global_colors_info=&#8220;{}&#8220;]<p>Ein Rollstuhlbus kaufen kann oftmals eine gro\u00dfe Investition sein, daher hat Mobility4all eine gro\u00dfe Auswahl an Gebrauchtwagen. Dar\u00fcber hinaus haben wir eine breite Palette von Rollstuhlbusmodellen und -marken, einschlie\u00dflich; Volkswagen Transporter Rollstuhlbus, Mercedes Vito Rollstuhlbus und Ford Transit Rollstuhlbus. Unsere gebrauchten Modelle sind erschwinglich und dank unseres Services und der fachm\u00e4nnischen Wartung immer in gutem Zustand.<\/p>\n<p>Der einzige Nachteil eines gebrauchten Rollstuhlbusses ist, dass jeder Mensch unterschiedliche Bed\u00fcrfnisse und Anforderungen hat. Mobility4all bietet daf\u00fcr die L\u00f6sung; Wir sind darauf spezialisiert, Rollstuhlbusse so anzupassen. sogar mit <a href=\"https:\/\/www.mobility4all.eu\/de\/rollstuhllift\/\">Rollstuhllifte,<\/a> dass sie Ihren W\u00fcnschen voll und ganz entsprechen.<\/p>[\/et_pb_text][\/et_pb_column][et_pb_column type=&#8220;1_2&#8243; _builder_version=&#8220;4.19.0&#8243; _module_preset=&#8220;default&#8220; global_colors_info=&#8220;{}&#8220;][et_pb_image src=&#8220;https:\/\/www.mobility4all.eu\/de\/wp-content\/uploads\/2024\/03\/Mobility4All-Over-ons-Caddys-1.jpg&#8220; alt=&#8220;Mobility4All &#8211; Over ons &#8211; Caddys&#8220; title_text=&#8220;Mobility4All &#8211; Over ons &#8211; Caddys&#8220; _builder_version=&#8220;4.27.3&#8243; _module_preset=&#8220;default&#8220; global_colors_info=&#8220;{}&#8220;][\/et_pb_image][\/et_pb_column][\/et_pb_row][\/et_pb_section][et_pb_section fb_built=&#8220;1&#8243; admin_label=&#8220;Tekstgebied grijs&#8220; _builder_version=&#8220;4.27.2&#8243; _module_preset=&#8220;default&#8220; background_color=&#8220;#EFEFEF&#8220; custom_padding=&#8220;40px||20px||false|false&#8220; bottom_divider_style=&#8220;curve&#8220; bottom_divider_color=&#8220;#FFFFFF&#8220; bottom_divider_height=&#8220;40px&#8220; locked=&#8220;off&#8220; global_colors_info=&#8220;{}&#8220;][et_pb_row _builder_version=&#8220;4.27.3&#8243; _module_preset=&#8220;default&#8220; custom_margin=&#8220;||||false|false&#8220; custom_padding=&#8220;80px||80px||false|false&#8220; global_colors_info=&#8220;{}&#8220;][et_pb_column type=&#8220;4_4&#8243; _builder_version=&#8220;4.19.0&#8243; _module_preset=&#8220;default&#8220; global_colors_info=&#8220;{}&#8220;][et_pb_text admin_label=&#8220;Title&#8220; _builder_version=&#8220;4.27.3&#8243; _module_preset=&#8220;6918ccfd-f835-474b-ac79-6df21dcefccd&#8220; custom_margin=&#8220;||40px||false|false&#8220; animation_direction=&#8220;bottom&#8220; animation_duration=&#8220;500ms&#8220; animation_intensity_slide=&#8220;10%&#8220; locked=&#8220;off&#8220; global_colors_info=&#8220;{}&#8220;]<h2>Kaufen Sie einen Rollstuhlbus mit einem Rollstuhllift<\/h2>[\/et_pb_text][et_pb_text admin_label=&#8220;Tekst&#8220; _builder_version=&#8220;4.27.3&#8243; _module_preset=&#8220;8a3199e1-372f-4ef8-80ec-1609f2846847&#8243; custom_margin=&#8220;||0px||false|false&#8220; animation_direction=&#8220;bottom&#8220; locked=&#8220;off&#8220; global_colors_info=&#8220;{}&#8220;]<p>Mobility4all bietet Rollstuhllifte an, mit denen Sie problemlos mindestens 350 kg heben und innerhalb von 30 Sekunden im Bus Platz nehmen k\u00f6nnen. Dar\u00fcber hinaus bieten wir zus\u00e4tzliche <a href=\"https:\/\/www.mobility4all.eu\/de\/farhzeugumbau\/\">Fahrzeugumbau<\/a> an, beispielsweise die Steuerung des Aufzugs mit einer Funkfernbedienung und elektrischen T\u00fcr\u00f6ffnern. F\u00fcr zus\u00e4tzlichen Komfort k\u00f6nnen wir den Aufzug so umbauen, dass er mit einer App auf Ihrem Telefon ferngesteuert werden kann. Auf diese Weise m\u00fcssen Sie keine physische Fernbedienung dabei haben.<\/p>[\/et_pb_text][\/et_pb_column][\/et_pb_row][\/et_pb_section][et_pb_section fb_built=&#8220;1&#8243; admin_label=&#8220;Tekstgebied wit&#8220; _builder_version=&#8220;4.27.3&#8243; _module_preset=&#8220;default&#8220; background_color=&#8220;#FFFFFF&#8220; custom_padding=&#8220;20px||20px||false|false&#8220; bottom_divider_style=&#8220;curve&#8220; bottom_divider_color=&#8220;#EFEFEF&#8220; bottom_divider_height=&#8220;40px&#8220; locked=&#8220;off&#8220; global_colors_info=&#8220;{}&#8220;][et_pb_row _builder_version=&#8220;4.27.3&#8243; _module_preset=&#8220;default&#8220; custom_margin=&#8220;||||false|false&#8220; custom_padding=&#8220;80px||0px||false|false&#8220; locked=&#8220;off&#8220; global_colors_info=&#8220;{}&#8220;][et_pb_column type=&#8220;4_4&#8243; _builder_version=&#8220;4.19.0&#8243; _module_preset=&#8220;default&#8220; global_colors_info=&#8220;{}&#8220;][et_pb_text admin_label=&#8220;Title&#8220; _builder_version=&#8220;4.27.3&#8243; _module_preset=&#8220;6918ccfd-f835-474b-ac79-6df21dcefccd&#8220; animation_direction=&#8220;bottom&#8220; animation_duration=&#8220;500ms&#8220; animation_intensity_slide=&#8220;10%&#8220; locked=&#8220;off&#8220; global_colors_info=&#8220;{}&#8220;]<h2>Rollstuhlbus gebraucht kaufen<\/h2>[\/et_pb_text][\/et_pb_column][\/et_pb_row][et_pb_row _builder_version=&#8220;4.27.3&#8243; _module_preset=&#8220;default&#8220; custom_margin=&#8220;||||false|false&#8220; custom_padding=&#8220;40px||80px||false|false&#8220; locked=&#8220;off&#8220; global_colors_info=&#8220;{}&#8220;][et_pb_column type=&#8220;4_4&#8243; _builder_version=&#8220;4.19.0&#8243; _module_preset=&#8220;default&#8220; global_colors_info=&#8220;{}&#8220;][et_pb_text admin_label=&#8220;Tekst&#8220; _builder_version=&#8220;4.27.3&#8243; _module_preset=&#8220;8a3199e1-372f-4ef8-80ec-1609f2846847&#8243; custom_margin=&#8220;||0px||false|false&#8220; animation_direction=&#8220;bottom&#8220; locked=&#8220;off&#8220; global_colors_info=&#8220;{}&#8220;]<p>M\u00f6chten Sie jemanden privat mitnehmen, der im Rollstuhl sitzt? Hierf\u00fcr bieten wir die perfekte L\u00f6sung, damit Sie sorgenfrei auf die Stra\u00dfe gehen k\u00f6nnen. Rollstuhlwagen Kikkert bietet verschiedene neue und gebrauchte Rollstuhlbusse zum Verkauf an. Diese Busse wurden von Spezialisten speziell f\u00fcr Rollstuhlfahrer angepasst. Unser Angebot umfasst sowohl manuelle Rollstuhlbusse als auch Rollstuhlbusse mit Automatikgetriebe. Unsere Rollstuhlbusse sind f\u00fcr den Transport von maximal 10 Rollstuhlfahrern geeignet. Diese Anzahl kann beliebig angepasst werden. M\u00f6chten Sie einen Rollstuhlbus bei Mobility4all kaufen? Oder interessieren Sie sich f\u00fcr andere Anpassungen an Ihrem Rollstuhlbus oder Auto? Sehen Sie sich unser Angebot an Gebrauchtwagen an oder kontaktieren Sie uns f\u00fcr weitere Informationen oder ein Angebot!<\/p>[\/et_pb_text][\/et_pb_column][\/et_pb_row][\/et_pb_section]\n","protected":false},"excerpt":{"rendered":"","protected":false},"author":1,"featured_media":1424,"parent":0,"menu_order":995,"comment_status":"closed","ping_status":"closed","template":"","meta":{"_et_pb_use_builder":"on","_et_pb_old_content":"","_et_gb_content_width":"","footnotes":""},"class_list":["post-10010","page","type-page","status-publish","has-post-thumbnail","hentry"],"aioseo_notices":[],"_links":{"self":[{"href":"https:\/\/www.mobility4all.eu\/de\/wp-json\/wp\/v2\/pages\/10010","targetHints":{"allow":["GET"]}}],"collection":[{"href":"https:\/\/www.mobility4all.eu\/de\/wp-json\/wp\/v2\/pages"}],"about":[{"href":"https:\/\/www.mobility4all.eu\/de\/wp-json\/wp\/v2\/types\/page"}],"author":[{"embeddable":true,"href":"https:\/\/www.mobility4all.eu\/de\/wp-json\/wp\/v2\/users\/1"}],"replies":[{"embeddable":true,"href":"https:\/\/www.mobility4all.eu\/de\/wp-json\/wp\/v2\/comments?post=10010"}],"version-history":[{"count":12,"href":"https:\/\/www.mobility4all.eu\/de\/wp-json\/wp\/v2\/pages\/10010\/revisions"}],"predecessor-version":[{"id":10180,"href":"https:\/\/www.mobility4all.eu\/de\/wp-json\/wp\/v2\/pages\/10010\/revisions\/10180"}],"wp:featuredmedia":[{"embeddable":true,"href":"https:\/\/www.mobility4all.eu\/de\/wp-json\/wp\/v2\/media\/1424"}],"wp:attachment":[{"href":"https:\/\/www.mobility4all.eu\/de\/wp-json\/wp\/v2\/media?parent=10010"}],"curies":[{"name":"wp","href":"https:\/\/api.w.org\/{rel}","templated":true}]}}