{"id":10019,"date":"2024-11-22T14:00:58","date_gmt":"2024-11-22T13:00:58","guid":{"rendered":"https:\/\/www.mobility4all.eu\/de\/?page_id=10019"},"modified":"2024-12-09T14:26:46","modified_gmt":"2024-12-09T13:26:46","slug":"trittstufen","status":"publish","type":"page","link":"https:\/\/www.mobility4all.eu\/de\/trittstufen\/","title":{"rendered":"Trittstufen"},"content":{"rendered":"\n[et_pb_section fb_built=&#8220;1&#8243; admin_label=&#8220;Tekstgebied wit&#8220; _builder_version=&#8220;4.27.3&#8243; _module_preset=&#8220;default&#8220; background_color=&#8220;#FFFFFF&#8220; custom_padding=&#8220;20px||20px||false|false&#8220; bottom_divider_style=&#8220;curve&#8220; bottom_divider_color=&#8220;#EFEFEF&#8220; bottom_divider_height=&#8220;40px&#8220; locked=&#8220;off&#8220; global_colors_info=&#8220;{}&#8220;][et_pb_row column_structure=&#8220;1_2,1_2&#8243; _builder_version=&#8220;4.27.3&#8243; _module_preset=&#8220;default&#8220; custom_margin=&#8220;||||false|false&#8220; custom_padding=&#8220;80px||80px||false|false&#8220; locked=&#8220;off&#8220; global_colors_info=&#8220;{}&#8220;][et_pb_column type=&#8220;1_2&#8243; _builder_version=&#8220;4.19.0&#8243; _module_preset=&#8220;default&#8220; global_colors_info=&#8220;{}&#8220;][et_pb_text admin_label=&#8220;Title&#8220; _builder_version=&#8220;4.27.3&#8243; _module_preset=&#8220;6918ccfd-f835-474b-ac79-6df21dcefccd&#8220; custom_margin=&#8220;||40px||false|false&#8220; animation_direction=&#8220;bottom&#8220; animation_duration=&#8220;500ms&#8220; animation_intensity_slide=&#8220;10%&#8220; locked=&#8220;off&#8220; global_colors_info=&#8220;{}&#8220;]<h2>Trittstufen<\/h2>[\/et_pb_text][et_pb_text admin_label=&#8220;Tekst&#8220; _builder_version=&#8220;4.27.3&#8243; _module_preset=&#8220;8a3199e1-372f-4ef8-80ec-1609f2846847&#8243; custom_margin=&#8220;||0px||false|false&#8220; animation_direction=&#8220;bottom&#8220; locked=&#8220;off&#8220; global_colors_info=&#8220;{}&#8220;]<p>Elektrische Trittstufen kaufen? Bei Mobility4all-behindertenfahrzeuge finden Trittstufen f\u00fcr Ihr Bus oder auto.<br \/>Die Trittstufen bestehen aus Edelstahl Stahl und mit ein Tragkraft Fon 350kg ist er sehr robust und von hoher Qualit\u00e4t.<br \/>Die Trittstufen Von Mobility4all-behindertenfahrzeuge sind von hoher Qualit\u00e4t und f\u00fcr den regelm\u00e4\u00dfigen Gebrauch geeignet.<br \/>Die meisten Unf\u00e4lle passieren beim Ein- und Aussteigen.<br \/>Wichtig sind deshalb geeignete Einstiegshilfen.<br \/>F\u00fcr gehbehinderte Menschen m\u00fcssen sichere Trittstufen am Fahrzeug vorhanden sein.<br \/>Handgriffe im T\u00fcrbereich erleichtern das Einsteigen. <a href=\"https:\/\/www.mobility4all.eu\/de\/kaufen-sie-einen-rollstuhlbus\/\">Kaufen Sie ein Rollstulbus<\/a>.<\/p>[\/et_pb_text][\/et_pb_column][et_pb_column type=&#8220;1_2&#8243; _builder_version=&#8220;4.19.0&#8243; _module_preset=&#8220;default&#8220; global_colors_info=&#8220;{}&#8220;][et_pb_image src=&#8220;https:\/\/www.mobility4all.eu\/de\/wp-content\/uploads\/2024\/11\/Trittstufen.jpg&#8220; alt=&#8220;Trittstufen&#8220; title_text=&#8220;Trittstufen&#8220; _builder_version=&#8220;4.27.3&#8243; _module_preset=&#8220;default&#8220; global_colors_info=&#8220;{}&#8220;][\/et_pb_image][\/et_pb_column][\/et_pb_row][\/et_pb_section][et_pb_section fb_built=&#8220;1&#8243; admin_label=&#8220;Tekstgebied grijs&#8220; _builder_version=&#8220;4.27.2&#8243; _module_preset=&#8220;default&#8220; background_color=&#8220;#EFEFEF&#8220; custom_padding=&#8220;40px||20px||false|false&#8220; bottom_divider_style=&#8220;curve&#8220; bottom_divider_color=&#8220;#FFFFFF&#8220; bottom_divider_height=&#8220;40px&#8220; locked=&#8220;off&#8220; global_colors_info=&#8220;{}&#8220;][et_pb_row column_structure=&#8220;1_2,1_2&#8243; _builder_version=&#8220;4.27.3&#8243; _module_preset=&#8220;default&#8220; custom_margin=&#8220;||||false|false&#8220; custom_padding=&#8220;80px||80px||false|false&#8220; global_colors_info=&#8220;{}&#8220;][et_pb_column type=&#8220;1_2&#8243; _builder_version=&#8220;4.19.0&#8243; _module_preset=&#8220;default&#8220; global_colors_info=&#8220;{}&#8220;][et_pb_text admin_label=&#8220;Title&#8220; _builder_version=&#8220;4.27.3&#8243; _module_preset=&#8220;6918ccfd-f835-474b-ac79-6df21dcefccd&#8220; custom_margin=&#8220;||40px||false|false&#8220; animation_direction=&#8220;bottom&#8220; animation_duration=&#8220;500ms&#8220; animation_intensity_slide=&#8220;10%&#8220; locked=&#8220;off&#8220; global_colors_info=&#8220;{}&#8220;]<h2>Trittstufen sind dar f\u00fcr Ihren Mobilit\u00e4t<\/h2>[\/et_pb_text][et_pb_text admin_label=&#8220;Tekst&#8220; _builder_version=&#8220;4.27.3&#8243; _module_preset=&#8220;8a3199e1-372f-4ef8-80ec-1609f2846847&#8243; custom_margin=&#8220;||80px||false|false&#8220; animation_direction=&#8220;bottom&#8220; locked=&#8220;off&#8220; global_colors_info=&#8220;{}&#8220;]<p>Diese eignen sich f\u00fcr sehr viele Zwecke! Dank der besonders robuste trittstuffe Fon Mobility4all-behindertenfahrzeuge k\u00f6nnen sie jedem Mensch in ihren Bus kriegen.<\/p>[\/et_pb_text][et_pb_text admin_label=&#8220;Title&#8220; _builder_version=&#8220;4.27.3&#8243; _module_preset=&#8220;6918ccfd-f835-474b-ac79-6df21dcefccd&#8220; custom_margin=&#8220;||40px||false|false&#8220; animation_direction=&#8220;bottom&#8220; animation_duration=&#8220;500ms&#8220; animation_intensity_slide=&#8220;10%&#8220; locked=&#8220;off&#8220; global_colors_info=&#8220;{}&#8220;]<h2>Elektrische Trittstufe<\/h2>[\/et_pb_text][et_pb_text admin_label=&#8220;Tekst&#8220; _builder_version=&#8220;4.27.3&#8243; _module_preset=&#8220;8a3199e1-372f-4ef8-80ec-1609f2846847&#8243; custom_margin=&#8220;||80px||false|false&#8220; animation_direction=&#8220;bottom&#8220; locked=&#8220;off&#8220; global_colors_info=&#8220;{}&#8220;]<p>Die elektrische Trittstufe wird unter dem Fahrzeug bei der Seitent\u00fcr montiert. Sie wird entweder nach dem \u00d6ffnen der Seitent\u00fcr \u00fcber einen Schalter an der B-S\u00e4ule bedient oder sie f\u00e4hrt automatisch beim \u00d6ffnen der T\u00fcr heraus.<\/p>[\/et_pb_text][et_pb_text admin_label=&#8220;Title&#8220; _builder_version=&#8220;4.27.3&#8243; _module_preset=&#8220;6918ccfd-f835-474b-ac79-6df21dcefccd&#8220; custom_margin=&#8220;||40px||false|false&#8220; animation_direction=&#8220;bottom&#8220; animation_duration=&#8220;500ms&#8220; animation_intensity_slide=&#8220;10%&#8220; locked=&#8220;off&#8220; global_colors_info=&#8220;{}&#8220;]<h2>Trittstufen f\u00fcr Ihren Mobilit\u00e4tsroller<\/h2>[\/et_pb_text][et_pb_text admin_label=&#8220;Tekst&#8220; _builder_version=&#8220;4.27.3&#8243; _module_preset=&#8220;8a3199e1-372f-4ef8-80ec-1609f2846847&#8243; custom_margin=&#8220;||80px||false|false&#8220; animation_direction=&#8220;bottom&#8220; locked=&#8220;off&#8220; global_colors_info=&#8220;{}&#8220;]<p>Neben Elektrische Trittstufen f\u00fcr Ihr Auto verkaufen wir auch <a href=\"https:\/\/www.mobility4all.eu\/de\/rollstuhllift\/\">Rollstuhllifte<\/a> und Trittstufen f\u00fcr Rollst\u00fchle und Trittstufen f\u00fcr Mobilit\u00e4tsroller. Unser Trittstufen-Anh\u00e4nger kann problemlos hinter Ihren Anh\u00e4nger gestellt werden. Die Stra\u00dfenschilder sind sehr n\u00fctzlich f\u00fcr den Transport Ihres Motorrades. Auch f\u00fcr eine Schwellenhilfe sind Sie in unserem Webshop genau richtig!<\/p>\n<p>Diese handlichen klappbaren elektrischen Trittstufen eignen sich f\u00fcr sehr viele Zwecke! Dank der besonders breiten Version k\u00f6nnen Sie Ihren Roller, Ihr Motorrad, Ihr Quad oder Ihren Rasenm\u00e4her m\u00fchelos in die H\u00f6he fahren. Dar\u00fcber hinaus wird diese Rampe h\u00e4ufig zum Be- und Entladen von Flightcases und Werkzeugwagen eingesetzt. Ein Rollstuhl oder Mobilit\u00e4tsroller ist f\u00fcr diese Aluminiumrampe ebenfalls kein Problem. Bitte beachten Sie, dass diese Rampe in der Mitte \u00fcber hochgezogene Scharniere verf\u00fcgt. Mit einem Dreirad (Mobilit\u00e4tsroller) k\u00f6nnen Sie daher mit dem Vorderrad \u00fcber die Scharniere fahren. Das schadet weder der Rampe noch Ihrem Mobilit\u00e4tsroller. Dank der erh\u00f6hten Kante verhindern Sie, dass Ihr Fahrzeug versehentlich neben der Rampe landet. Die extra breite Rampe ist f\u00fcr den t\u00e4glichen Gebrauch geeignet.<\/p>[\/et_pb_text][\/et_pb_column][et_pb_column type=&#8220;1_2&#8243; _builder_version=&#8220;4.19.0&#8243; _module_preset=&#8220;default&#8220; global_colors_info=&#8220;{}&#8220;][et_pb_text admin_label=&#8220;Title&#8220; _builder_version=&#8220;4.27.3&#8243; _module_preset=&#8220;6918ccfd-f835-474b-ac79-6df21dcefccd&#8220; custom_margin=&#8220;||40px||false|false&#8220; animation_direction=&#8220;bottom&#8220; animation_duration=&#8220;500ms&#8220; animation_intensity_slide=&#8220;10%&#8220; locked=&#8220;off&#8220; global_colors_info=&#8220;{}&#8220;]<h2>Trittstufen leicht zu transportieren<\/h2>[\/et_pb_text][et_pb_text admin_label=&#8220;Tekst&#8220; _builder_version=&#8220;4.27.3&#8243; _module_preset=&#8220;8a3199e1-372f-4ef8-80ec-1609f2846847&#8243; custom_margin=&#8220;||80px||false|false&#8220; animation_direction=&#8220;bottom&#8220; locked=&#8220;off&#8220; global_colors_info=&#8220;{}&#8220;]<p>Die Rampe ist klappbar, so dass die Platte sehr wenig Platz beansprucht. Die Landung, der Teil der Rampe, der an der Kante Ihres Anh\u00e4ngers platziert wird, ist nicht kleiner als 8 x 28 cm und hat eine rote Gummibeschichtung. Auf diese Weise besch\u00e4digen Sie Ihr Auto \/ Ihren Anh\u00e4nger nicht und es entstehen keine Rostflecken.<\/p>\n<p>In der Mitte der Rampe befinden sich offene Kurven, die ein rutschfestes Profil bilden. So kann jedes Motorrad sicher im Bus oder Wohnmobil abgestellt werden. Die 1 cm hohe Hochkante sorgt zudem f\u00fcr noch mehr Sicherheit! Auf diese Weise fallen die Motorr\u00e4der nicht neben die Stra\u00dfenplatte. Da die Platte aus Aluminium besteht, ist sie auch sehr leicht und daher leicht zu tragen!<\/p>\n<p>Die Platte ist speziell f\u00fcr Motoren hergestellt und hat eine Tragf\u00e4higkeit von nicht weniger als 340 kg. Welche Rampe verwendet werden soll, h\u00e4ngt vom Fahrzeug, der Ladung und dem zu \u00fcberbr\u00fcckenden H\u00f6henunterschied ab. Datona verkauft auch Trittstufen f\u00fcr einen Mobilit\u00e4tsroller, einen Rollstuhl oder ein Auto. Die Trittstufen werden pro St\u00fcck geliefert.<\/p>[\/et_pb_text][et_pb_text admin_label=&#8220;Title&#8220; _builder_version=&#8220;4.27.3&#8243; _module_preset=&#8220;6918ccfd-f835-474b-ac79-6df21dcefccd&#8220; custom_margin=&#8220;||40px||false|false&#8220; animation_direction=&#8220;bottom&#8220; animation_duration=&#8220;500ms&#8220; animation_intensity_slide=&#8220;10%&#8220; locked=&#8220;off&#8220; global_colors_info=&#8220;{}&#8220;]<h2>Extra verst\u00e4rkt<\/h2>[\/et_pb_text][et_pb_text admin_label=&#8220;Tekst&#8220; _builder_version=&#8220;4.27.3&#8243; _module_preset=&#8220;8a3199e1-372f-4ef8-80ec-1609f2846847&#8243; custom_margin=&#8220;||0px||false|false&#8220; animation_direction=&#8220;bottom&#8220; locked=&#8220;off&#8220; global_colors_info=&#8220;{}&#8220;]<p>Diese Fahrbahnplatte ist durch ein zus\u00e4tzliches Scharnier verst\u00e4rkt, an dem die Platte zusammengeklappt werden kann. Dies hat den Vorteil, dass die Rampe daher eine schwerere Tragf\u00e4higkeit aufweist als viele andere Trittstufen.<\/p>[\/et_pb_text][\/et_pb_column][\/et_pb_row][\/et_pb_section][et_pb_section fb_built=&#8220;1&#8243; admin_label=&#8220;Tekstgebied wit&#8220; _builder_version=&#8220;4.27.3&#8243; _module_preset=&#8220;default&#8220; background_color=&#8220;#FFFFFF&#8220; custom_padding=&#8220;20px||20px||false|false&#8220; bottom_divider_style=&#8220;curve&#8220; bottom_divider_color=&#8220;#EFEFEF&#8220; bottom_divider_height=&#8220;40px&#8220; locked=&#8220;off&#8220; global_colors_info=&#8220;{}&#8220;][et_pb_row _builder_version=&#8220;4.27.3&#8243; _module_preset=&#8220;default&#8220; custom_margin=&#8220;||||false|false&#8220; custom_padding=&#8220;40px||80px||false|false&#8220; locked=&#8220;off&#8220; global_colors_info=&#8220;{}&#8220;][et_pb_column type=&#8220;4_4&#8243; _builder_version=&#8220;4.19.0&#8243; _module_preset=&#8220;default&#8220; global_colors_info=&#8220;{}&#8220;][et_pb_text admin_label=&#8220;Title&#8220; _builder_version=&#8220;4.27.3&#8243; _module_preset=&#8220;6918ccfd-f835-474b-ac79-6df21dcefccd&#8220; custom_margin=&#8220;||40px||false|false&#8220; animation_direction=&#8220;bottom&#8220; animation_duration=&#8220;500ms&#8220; animation_intensity_slide=&#8220;10%&#8220; locked=&#8220;off&#8220; global_colors_info=&#8220;{}&#8220;]<h2>Trittstufe klappbar<\/h2>[\/et_pb_text][et_pb_text admin_label=&#8220;Tekst&#8220; _builder_version=&#8220;4.27.3&#8243; _module_preset=&#8220;8a3199e1-372f-4ef8-80ec-1609f2846847&#8243; custom_margin=&#8220;||0px||false|false&#8220; animation_direction=&#8220;bottom&#8220; locked=&#8220;off&#8220; global_colors_info=&#8220;{}&#8220;]<p>An den hinteren Schiebet\u00fcren der verschiedenen Fahrzeuge sind Stufen angebracht, um die H\u00f6he der Stufen zu halbieren und einen leichteren Einstieg zu erm\u00f6glichen. Die Stufen sind \u00fcblicherweise unter dem Fahrzeug montiert, was wiederum die Bodenfreiheit des jeweiligen Fahrzeugs leicht einschr\u00e4nken kann. Die Stufe ist faltbar und kann mit geringem Aufwand in den Innenraum des Fahrzeugs eingeklappt werden. Faltbare Stufen sind extrem stabil und robust und erfordern keine gr\u00f6\u00dfere Wartung.<\/p>\n<p>Es gibt jedoch nicht nur Klappstufen f\u00fcr Autos und Motorr\u00e4der, sondern auch f\u00fcr Rollst\u00fchle und Gehhilfen. Da die Stufe faltbar ist, eignet sie sich f\u00fcr viele Bereiche des t\u00e4glichen Lebens. Dank der besonders breiten Varianten k\u00f6nnen Sie ohne gro\u00dfen Aufwand einen Roller oder ein Motorrad hochfahren. Sie k\u00f6nnen sogar einen Rasenm\u00e4her mit Stufen bekommen, die hochgeklappt und leicht hochgeschoben werden k\u00f6nnen.<\/p>\n<p>Selbst wenn Sie mit dem Vorderrad eines Mobilit\u00e4tsrollers dar\u00fcber fahren, kann dies der Stufe nicht schaden, da die Scharniere angehoben sind. Dank der angebrachten erh\u00f6hten Kanten verhindert eine Stufe, dass das Fahrzeug von der Rampe rutscht. Diese faltbaren Trittleiter sind ideal f\u00fcr den st\u00e4ndigen Einsatz im Alltag geeignet.<\/p>\n<p>Da die Stufe faltbar ist, ben\u00f6tigt die Platte sehr wenig Platz. Aufgrund der angebrachten Gummibeschichtung kann das Auto oder die Stelle, an der diese Rampe angebracht wurde, nicht besch\u00e4digt werden oder rosten.<\/p>\n<p>Aufgrund der Rutschfestigkeit der Stufen k\u00f6nnen Sie ein Motorrad sicher in einem Wohnmobil aufstellen, ohne dass es verrutscht oder sogar umf\u00e4llt. Im mittleren Teil der Rampen gibt es offene Kurven mit einem sehr stabilen und rutschfesten Profil. Da die Platten aus Aluminium bestehen, sind sie auch sehr leicht und k\u00f6nnen problemlos ohne Probleme alleine getragen werden.<\/p>\n<p>Es gibt zwei Arten von faltbaren Stufen, die mechanische und die elektrische Stufe. Die mechanischen Stufen werden mit der Autot\u00fcr kombiniert und \u00fcber einen Hebelmechanismus nach au\u00dfen gedr\u00fcckt. Hierf\u00fcr ist kein zus\u00e4tzlicher Stromanschluss erforderlich, da alles sehr einfach von Hand erledigt werden kann.<\/p>\n<p>Die elektrischen Stufen f\u00fcr die seitlichen Schiebet\u00fcren von Fahrzeugen werden mit einem praktischen Wippschalter mit spritzwassergesch\u00fctztem Motor bet\u00e4tigt.<\/p>\n<p>Ein faltbarer Schritt kann auch automatisch funktionieren. Die Stufe f\u00e4hrt automatisch ein oder aus, wenn die T\u00fcr ge\u00f6ffnet oder geschlossen wird. Ein gewisses Ma\u00df an Sicherheit ist immer eingebaut, die Stufe erkennt ein auftauchendes Hindernis und f\u00e4hrt automatisch ein. Der Motor, der diese Schritte antreibt, ist auch spritzwassergesch\u00fctzt.<\/p>[\/et_pb_text][\/et_pb_column][\/et_pb_row][\/et_pb_section]\n","protected":false},"excerpt":{"rendered":"<p> Trittstufen sind dar f\u00fcr Ihren Mobilit\u00e4t<\/p>\n","protected":false},"author":1,"featured_media":10027,"parent":0,"menu_order":996,"comment_status":"closed","ping_status":"closed","template":"","meta":{"_et_pb_use_builder":"on","_et_pb_old_content":"","_et_gb_content_width":"","footnotes":""},"class_list":["post-10019","page","type-page","status-publish","has-post-thumbnail","hentry"],"aioseo_notices":[],"_links":{"self":[{"href":"https:\/\/www.mobility4all.eu\/de\/wp-json\/wp\/v2\/pages\/10019","targetHints":{"allow":["GET"]}}],"collection":[{"href":"https:\/\/www.mobility4all.eu\/de\/wp-json\/wp\/v2\/pages"}],"about":[{"href":"https:\/\/www.mobility4all.eu\/de\/wp-json\/wp\/v2\/types\/page"}],"author":[{"embeddable":true,"href":"https:\/\/www.mobility4all.eu\/de\/wp-json\/wp\/v2\/users\/1"}],"replies":[{"embeddable":true,"href":"https:\/\/www.mobility4all.eu\/de\/wp-json\/wp\/v2\/comments?post=10019"}],"version-history":[{"count":7,"href":"https:\/\/www.mobility4all.eu\/de\/wp-json\/wp\/v2\/pages\/10019\/revisions"}],"predecessor-version":[{"id":10181,"href":"https:\/\/www.mobility4all.eu\/de\/wp-json\/wp\/v2\/pages\/10019\/revisions\/10181"}],"wp:featuredmedia":[{"embeddable":true,"href":"https:\/\/www.mobility4all.eu\/de\/wp-json\/wp\/v2\/media\/10027"}],"wp:attachment":[{"href":"https:\/\/www.mobility4all.eu\/de\/wp-json\/wp\/v2\/media?parent=10019"}],"curies":[{"name":"wp","href":"https:\/\/api.w.org\/{rel}","templated":true}]}}