{"id":10035,"date":"2024-11-22T14:15:56","date_gmt":"2024-11-22T13:15:56","guid":{"rendered":"https:\/\/www.mobility4all.eu\/de\/?page_id=10035"},"modified":"2024-12-09T14:27:45","modified_gmt":"2024-12-09T13:27:45","slug":"behindertenfahrzeug","status":"publish","type":"page","link":"https:\/\/www.mobility4all.eu\/de\/behindertenfahrzeug\/","title":{"rendered":"Behindertenfahrzeug"},"content":{"rendered":"\n[et_pb_section fb_built=&#8220;1&#8243; admin_label=&#8220;Tekstgebied wit&#8220; _builder_version=&#8220;4.27.3&#8243; _module_preset=&#8220;default&#8220; background_color=&#8220;#FFFFFF&#8220; custom_padding=&#8220;20px||20px||false|false&#8220; bottom_divider_style=&#8220;curve&#8220; bottom_divider_color=&#8220;#EFEFEF&#8220; bottom_divider_height=&#8220;40px&#8220; locked=&#8220;off&#8220; global_colors_info=&#8220;{}&#8220;][et_pb_row column_structure=&#8220;1_2,1_2&#8243; _builder_version=&#8220;4.27.3&#8243; _module_preset=&#8220;default&#8220; custom_margin=&#8220;||||false|false&#8220; custom_padding=&#8220;80px||80px||false|false&#8220; locked=&#8220;off&#8220; global_colors_info=&#8220;{}&#8220;][et_pb_column type=&#8220;1_2&#8243; _builder_version=&#8220;4.19.0&#8243; _module_preset=&#8220;default&#8220; global_colors_info=&#8220;{}&#8220;][et_pb_text admin_label=&#8220;Title&#8220; _builder_version=&#8220;4.27.3&#8243; _module_preset=&#8220;6918ccfd-f835-474b-ac79-6df21dcefccd&#8220; custom_margin=&#8220;||40px||false|false&#8220; animation_direction=&#8220;bottom&#8220; animation_duration=&#8220;500ms&#8220; animation_intensity_slide=&#8220;10%&#8220; locked=&#8220;off&#8220; global_colors_info=&#8220;{}&#8220;]<h2>Behindertenfahrzeug<\/h2>[\/et_pb_text][et_pb_text admin_label=&#8220;Tekst&#8220; _builder_version=&#8220;4.27.3&#8243; _module_preset=&#8220;8a3199e1-372f-4ef8-80ec-1609f2846847&#8243; custom_margin=&#8220;||0px||false|false&#8220; animation_direction=&#8220;bottom&#8220; locked=&#8220;off&#8220; global_colors_info=&#8220;{}&#8220;]<p>Aufgrund des Platzbedarfs und der finanziellen Vorteile einen Behindertenfahrzeug eignen sich unser multifunktionales Busse sehr gut f\u00fcr die Bef\u00f6rderung von einem oder mehreren Rollstuhlfahrg\u00e4sten fur transport von Privatpersonen im Rollstuhl f\u00fcr die Taxiunternehmen , Gesundheitseinrichtungen, Stiftungen, Pflegeheime, Altenheime Rotes Kreuz, Malteser, Johanniter usw. Die Umr\u00fcstung fon Mobility4all-behindertenfahrzeuge auf einen Rollstuhlbus erfolgt immer nach Absprache und nach Kundenwunsch, egal ob es sich um einen gebrauchten oder einen neuen Bus handelt. So kann der Bus serienm\u00e4\u00dfig ausgestattet oder alles ma\u00dfgeschneidert werden. Ein modifiziertes Volkswagen Caddy Rollstuhltransporter Auto kann Menschen mit k\u00f6rperlichen Behinderungen die Freiheit geben. Ein St\u00fcck Unabh\u00e4ngigkeit,<br \/>das Mobility4all-behindertenfahrzeuge allen erm\u00f6glichen will.<\/p>[\/et_pb_text][\/et_pb_column][et_pb_column type=&#8220;1_2&#8243; _builder_version=&#8220;4.19.0&#8243; _module_preset=&#8220;default&#8220; global_colors_info=&#8220;{}&#8220;][et_pb_image src=&#8220;https:\/\/www.mobility4all.eu\/de\/wp-content\/uploads\/2023\/06\/Mobility4All-Over-ons-Verlaagde-schuifdeur.jpg&#8220; alt=&#8220;Mobility4all &#8211; Over ons&#8220; title_text=&#8220;Mobility4all &#8211; Over ons&#8220; _builder_version=&#8220;4.27.3&#8243; _module_preset=&#8220;default&#8220; global_colors_info=&#8220;{}&#8220;][\/et_pb_image][\/et_pb_column][\/et_pb_row][\/et_pb_section][et_pb_section fb_built=&#8220;1&#8243; admin_label=&#8220;Tekstgebied grijs&#8220; _builder_version=&#8220;4.27.2&#8243; _module_preset=&#8220;default&#8220; background_color=&#8220;#EFEFEF&#8220; custom_padding=&#8220;40px||20px||false|false&#8220; bottom_divider_style=&#8220;curve&#8220; bottom_divider_color=&#8220;#FFFFFF&#8220; bottom_divider_height=&#8220;40px&#8220; locked=&#8220;off&#8220; global_colors_info=&#8220;{}&#8220;][et_pb_row column_structure=&#8220;1_2,1_2&#8243; _builder_version=&#8220;4.27.3&#8243; _module_preset=&#8220;default&#8220; custom_margin=&#8220;||||false|false&#8220; custom_padding=&#8220;80px||80px||false|false&#8220; global_colors_info=&#8220;{}&#8220;][et_pb_column type=&#8220;1_2&#8243; _builder_version=&#8220;4.19.0&#8243; _module_preset=&#8220;default&#8220; global_colors_info=&#8220;{}&#8220;][et_pb_text admin_label=&#8220;Title&#8220; _builder_version=&#8220;4.27.3&#8243; _module_preset=&#8220;6918ccfd-f835-474b-ac79-6df21dcefccd&#8220; custom_margin=&#8220;||40px||false|false&#8220; animation_direction=&#8220;bottom&#8220; animation_duration=&#8220;500ms&#8220; animation_intensity_slide=&#8220;10%&#8220; locked=&#8220;off&#8220; global_colors_info=&#8220;{}&#8220;]<h2>Behindertenfahrzeug oder Rollstulltransporter gewerblich finanzieren<\/h2>[\/et_pb_text][et_pb_text admin_label=&#8220;Tekst&#8220; _builder_version=&#8220;4.27.3&#8243; _module_preset=&#8220;8a3199e1-372f-4ef8-80ec-1609f2846847&#8243; custom_margin=&#8220;||||false|false&#8220; animation_direction=&#8220;bottom&#8220; locked=&#8220;off&#8220; global_colors_info=&#8220;{}&#8220;]<p>Mobility4all-behindertenfahrzeuge unterst\u00fctz Sie gerne bei der Finanzierung Ihres Wunschfahrzeugs.<\/p>\n<p>Bei uns dreht sich alles um sorgloses Fahren. Deshalb wollen wir alles daran setzen, das perfekte Rollstuhlauto oder Rollstuhlbuss f\u00fcr Sie zu finden zb. mit <a href=\"https:\/\/www.mobility4all.eu\/de\/trittstufen\/\">Trittstufen<\/a>. Eine Probefahrt ist sehr wichtig. Aus diesem Grund freuen wir uns, Sie mit dem rollstuhlgerechten Fahrzeug zu besuchen, um Ihnen die M\u00f6glichkeit zu geben, das Fahrzeug anzusehen und zu testen. So k\u00f6nnen Sie besser feststellen, ob das angepasste Fahrzeug Ihren spezifischen Anforderungen entspricht.<\/p>[\/et_pb_text][\/et_pb_column][et_pb_column type=&#8220;1_2&#8243; _builder_version=&#8220;4.19.0&#8243; _module_preset=&#8220;default&#8220; global_colors_info=&#8220;{}&#8220;][et_pb_text admin_label=&#8220;Title&#8220; _builder_version=&#8220;4.27.3&#8243; _module_preset=&#8220;6918ccfd-f835-474b-ac79-6df21dcefccd&#8220; custom_margin=&#8220;||40px||false|false&#8220; animation_direction=&#8220;bottom&#8220; animation_duration=&#8220;500ms&#8220; animation_intensity_slide=&#8220;10%&#8220; locked=&#8220;off&#8220; global_colors_info=&#8220;{}&#8220;]<h2>Behindertenfahrzeug Individualisierung<\/h2>[\/et_pb_text][et_pb_text admin_label=&#8220;Tekst&#8220; _builder_version=&#8220;4.27.3&#8243; _module_preset=&#8220;8a3199e1-372f-4ef8-80ec-1609f2846847&#8243; custom_margin=&#8220;||||false|false&#8220; animation_direction=&#8220;bottom&#8220; locked=&#8220;off&#8220; global_colors_info=&#8220;{}&#8220;]<p>Mobility4all-behindertenfahrzeuge ist ein engagiertes Unternehmen.<\/p>\n<p>Wir m\u00f6chten diese kleine Anpassung vornehmen, die Ihr Leben einfacher macht. Wir sind kein Massenproduzent.<\/p>\n<p>Bei uns k\u00f6nnen Sie Ihr Wunschfahrzeug kaufen.<\/p>\n<p>Du wir haben immer etwas auf lager.<\/p>\n<p>Mit Mobility4all-behindertenfahrzeuge als ihren Partner k\u00f6nnen sie schnell fahren. <a href=\"https:\/\/www.mobility4all.eu\/de\/kaufen-sie-einen-rollstuhlbus\/\">Kaufen Sie einfach ein Rollstuhlbus<\/a>.<\/p>\n<p>&nbsp;<\/p>[\/et_pb_text][\/et_pb_column][\/et_pb_row][\/et_pb_section][et_pb_section fb_built=&#8220;1&#8243; admin_label=&#8220;Tekstgebied wit&#8220; _builder_version=&#8220;4.27.3&#8243; _module_preset=&#8220;default&#8220; background_color=&#8220;#FFFFFF&#8220; custom_padding=&#8220;20px||20px||false|false&#8220; bottom_divider_style=&#8220;curve&#8220; bottom_divider_color=&#8220;#EFEFEF&#8220; bottom_divider_height=&#8220;40px&#8220; locked=&#8220;off&#8220; global_colors_info=&#8220;{}&#8220;][et_pb_row _builder_version=&#8220;4.27.3&#8243; _module_preset=&#8220;default&#8220; custom_margin=&#8220;||||false|false&#8220; custom_padding=&#8220;40px||80px||false|false&#8220; locked=&#8220;off&#8220; global_colors_info=&#8220;{}&#8220;][et_pb_column type=&#8220;4_4&#8243; _builder_version=&#8220;4.19.0&#8243; _module_preset=&#8220;default&#8220; global_colors_info=&#8220;{}&#8220;][et_pb_text admin_label=&#8220;Title&#8220; _builder_version=&#8220;4.27.3&#8243; _module_preset=&#8220;6918ccfd-f835-474b-ac79-6df21dcefccd&#8220; custom_margin=&#8220;||40px||false|false&#8220; animation_direction=&#8220;bottom&#8220; animation_duration=&#8220;500ms&#8220; animation_intensity_slide=&#8220;10%&#8220; locked=&#8220;off&#8220; global_colors_info=&#8220;{}&#8220;]<h2>Pers\u00f6nliche Beratung<\/h2>[\/et_pb_text][et_pb_text admin_label=&#8220;Tekst&#8220; _builder_version=&#8220;4.27.3&#8243; _module_preset=&#8220;8a3199e1-372f-4ef8-80ec-1609f2846847&#8243; custom_margin=&#8220;||0px||false|false&#8220; animation_direction=&#8220;bottom&#8220; locked=&#8220;off&#8220; global_colors_info=&#8220;{}&#8220;]<p>Dank langj\u00e4hrigen Erfahrung die Firma Mobility4all-behindertenfahrzeuge mit verschiedenen Anpassungen und Ausstattungen von Rollstuhlbussen sind unsere Berater bestens daf\u00fcr geeignet, Sie bei der Suche und Zusammenstellung eines neuen oder gebrauchten Rollstuhlbusses zu unterst\u00fctzen, damit Sie jahrelang die Freiheit und Mobilit\u00e4t genie\u00dfen und genie\u00dfen k\u00f6nnen.<\/p>[\/et_pb_text][\/et_pb_column][\/et_pb_row][\/et_pb_section]\n","protected":false},"excerpt":{"rendered":"","protected":false},"author":1,"featured_media":1424,"parent":0,"menu_order":997,"comment_status":"closed","ping_status":"closed","template":"","meta":{"_et_pb_use_builder":"on","_et_pb_old_content":"","_et_gb_content_width":"","footnotes":""},"class_list":["post-10035","page","type-page","status-publish","has-post-thumbnail","hentry"],"aioseo_notices":[],"_links":{"self":[{"href":"https:\/\/www.mobility4all.eu\/de\/wp-json\/wp\/v2\/pages\/10035","targetHints":{"allow":["GET"]}}],"collection":[{"href":"https:\/\/www.mobility4all.eu\/de\/wp-json\/wp\/v2\/pages"}],"about":[{"href":"https:\/\/www.mobility4all.eu\/de\/wp-json\/wp\/v2\/types\/page"}],"author":[{"embeddable":true,"href":"https:\/\/www.mobility4all.eu\/de\/wp-json\/wp\/v2\/users\/1"}],"replies":[{"embeddable":true,"href":"https:\/\/www.mobility4all.eu\/de\/wp-json\/wp\/v2\/comments?post=10035"}],"version-history":[{"count":5,"href":"https:\/\/www.mobility4all.eu\/de\/wp-json\/wp\/v2\/pages\/10035\/revisions"}],"predecessor-version":[{"id":10182,"href":"https:\/\/www.mobility4all.eu\/de\/wp-json\/wp\/v2\/pages\/10035\/revisions\/10182"}],"wp:featuredmedia":[{"embeddable":true,"href":"https:\/\/www.mobility4all.eu\/de\/wp-json\/wp\/v2\/media\/1424"}],"wp:attachment":[{"href":"https:\/\/www.mobility4all.eu\/de\/wp-json\/wp\/v2\/media?parent=10035"}],"curies":[{"name":"wp","href":"https:\/\/api.w.org\/{rel}","templated":true}]}}