{"id":10043,"date":"2024-11-22T14:22:25","date_gmt":"2024-11-22T13:22:25","guid":{"rendered":"https:\/\/www.mobility4all.eu\/de\/?page_id=10043"},"modified":"2024-12-09T14:29:38","modified_gmt":"2024-12-09T13:29:38","slug":"tragestuhl","status":"publish","type":"page","link":"https:\/\/www.mobility4all.eu\/de\/tragestuhl\/","title":{"rendered":"Tragestuhl"},"content":{"rendered":"\n[et_pb_section fb_built=&#8220;1&#8243; admin_label=&#8220;Tekstgebied wit&#8220; _builder_version=&#8220;4.27.3&#8243; _module_preset=&#8220;default&#8220; background_color=&#8220;#FFFFFF&#8220; custom_padding=&#8220;20px||20px||false|false&#8220; bottom_divider_style=&#8220;curve&#8220; bottom_divider_color=&#8220;#EFEFEF&#8220; bottom_divider_height=&#8220;40px&#8220; locked=&#8220;off&#8220; global_colors_info=&#8220;{}&#8220;][et_pb_row column_structure=&#8220;1_2,1_2&#8243; _builder_version=&#8220;4.27.3&#8243; _module_preset=&#8220;default&#8220; custom_margin=&#8220;||||false|false&#8220; custom_padding=&#8220;80px||80px||false|false&#8220; locked=&#8220;off&#8220; global_colors_info=&#8220;{}&#8220;][et_pb_column type=&#8220;1_2&#8243; _builder_version=&#8220;4.19.0&#8243; _module_preset=&#8220;default&#8220; global_colors_info=&#8220;{}&#8220;][et_pb_text admin_label=&#8220;Title&#8220; _builder_version=&#8220;4.27.3&#8243; _module_preset=&#8220;6918ccfd-f835-474b-ac79-6df21dcefccd&#8220; custom_margin=&#8220;||40px||false|false&#8220; animation_direction=&#8220;bottom&#8220; animation_duration=&#8220;500ms&#8220; animation_intensity_slide=&#8220;10%&#8220; locked=&#8220;off&#8220; global_colors_info=&#8220;{}&#8220;]<h2>Tragest\u00fchle im Rettingsdient und zum Krankentransportere<\/h2>[\/et_pb_text][et_pb_text admin_label=&#8220;Tekst&#8220; _builder_version=&#8220;4.27.3&#8243; _module_preset=&#8220;8a3199e1-372f-4ef8-80ec-1609f2846847&#8243; custom_margin=&#8220;||0px||false|false&#8220; animation_direction=&#8220;bottom&#8220; locked=&#8220;off&#8220; global_colors_info=&#8220;{}&#8220;]<p>Ein Tragestuhl oder auch ein Tragesessel ist ein medizinisches Hilfsmittel f\u00fcr den Transport von Patienten. Er wird vorrangig im Rettungsdienst verwendet. Meist sind die Patienten nicht oder nur eingeschr\u00e4nkt gehf\u00e4hig und ein Transport im Liegen ist nicht m\u00f6glich oder erw\u00fcnscht. Solch ein Tragestuhl kommt zum Einsatz in einem \u201eTragestuhl Bus\u201c oder einem \u201eTragestuhl Auto\u201c.<\/p>[\/et_pb_text][\/et_pb_column][et_pb_column type=&#8220;1_2&#8243; _builder_version=&#8220;4.19.0&#8243; _module_preset=&#8220;default&#8220; global_colors_info=&#8220;{}&#8220;][et_pb_image src=&#8220;https:\/\/www.mobility4all.eu\/de\/wp-content\/uploads\/2024\/11\/tragestuhl.png&#8220; alt=&#8220;tragestuhl&#8220; title_text=&#8220;tragestuhl&#8220; force_fullwidth=&#8220;on&#8220; _builder_version=&#8220;4.27.3&#8243; _module_preset=&#8220;default&#8220; global_colors_info=&#8220;{}&#8220;][\/et_pb_image][\/et_pb_column][\/et_pb_row][\/et_pb_section][et_pb_section fb_built=&#8220;1&#8243; admin_label=&#8220;Tekstgebied grijs&#8220; _builder_version=&#8220;4.27.2&#8243; _module_preset=&#8220;default&#8220; background_color=&#8220;#EFEFEF&#8220; custom_padding=&#8220;40px||20px||false|false&#8220; bottom_divider_style=&#8220;curve&#8220; bottom_divider_color=&#8220;#FFFFFF&#8220; bottom_divider_height=&#8220;40px&#8220; locked=&#8220;off&#8220; global_colors_info=&#8220;{}&#8220;][et_pb_row _builder_version=&#8220;4.27.3&#8243; _module_preset=&#8220;default&#8220; custom_margin=&#8220;||||false|false&#8220; custom_padding=&#8220;80px||80px||false|false&#8220; global_colors_info=&#8220;{}&#8220;][et_pb_column type=&#8220;4_4&#8243; _builder_version=&#8220;4.19.0&#8243; _module_preset=&#8220;default&#8220; global_colors_info=&#8220;{}&#8220;][et_pb_text admin_label=&#8220;Title&#8220; _builder_version=&#8220;4.27.3&#8243; _module_preset=&#8220;6918ccfd-f835-474b-ac79-6df21dcefccd&#8220; custom_margin=&#8220;||40px||false|false&#8220; animation_direction=&#8220;bottom&#8220; animation_duration=&#8220;500ms&#8220; animation_intensity_slide=&#8220;10%&#8220; locked=&#8220;off&#8220; global_colors_info=&#8220;{}&#8220;]<h2>Was ist ein Tragestuhl?<\/h2>[\/et_pb_text][et_pb_text admin_label=&#8220;Tekst&#8220; _builder_version=&#8220;4.27.3&#8243; _module_preset=&#8220;8a3199e1-372f-4ef8-80ec-1609f2846847&#8243; custom_margin=&#8220;||||false|false&#8220; animation_direction=&#8220;bottom&#8220; locked=&#8220;off&#8220; global_colors_info=&#8220;{}&#8220;]<p>Man unterscheidet im Wesentlicheen zwei Arten von Tragest\u00fchlen. Zum einen kommen solche zur Anwendung, in einem Rettungswagen verwendet werden, andererseits sind Tragest\u00fchle auch f\u00fcr den Gebrach in Krankentransportwagen im Einsatz.<\/p>\n<p>Der im Krankentransportwagen verwendeten Tragestuhl werden im Fahrzeug verankert zb. mit ein <a href=\"https:\/\/www.mobility4all.eu\/de\/systemboden\/\">Systemboden<\/a> und verf\u00fcgen au\u00dferdem \u00fcber R\u00fcckhaltesysteme, was Sicherheitsgurte sein k\u00f6nnen, um w\u00e4hrend der Fahrt als Sitzpl\u00e4tze zu dient. Dadurch wird eineUmlagerung vor und nach der Fahrt des Patienten unn\u00f6tig. Man unterscheidet bei diesen Modellen zwischen ausklappbaren und auch schwenkbaren Tragegriffen. Auch komplett zusammenklappbare St\u00fchle sind im Einsatz und sie unterscheiden sich vor allem im Gewicht.<\/p>\n<p>Im Rettungswagen wird meist ein klappbarer Zutragestuhl verwendet der \u00fcber spezielle Laufb\u00e4nder verf\u00fcgt und dabei ein unn\u00f6tiges Tragen der Patienten vermieden wird.<\/p>[\/et_pb_text][\/et_pb_column][\/et_pb_row][\/et_pb_section][et_pb_section fb_built=&#8220;1&#8243; admin_label=&#8220;Tekstgebied wit&#8220; _builder_version=&#8220;4.27.3&#8243; _module_preset=&#8220;default&#8220; background_color=&#8220;#FFFFFF&#8220; custom_padding=&#8220;20px||20px||false|false&#8220; bottom_divider_style=&#8220;curve&#8220; bottom_divider_color=&#8220;#EFEFEF&#8220; bottom_divider_height=&#8220;40px&#8220; locked=&#8220;off&#8220; global_colors_info=&#8220;{}&#8220;][et_pb_row _builder_version=&#8220;4.27.3&#8243; _module_preset=&#8220;default&#8220; custom_margin=&#8220;||||false|false&#8220; custom_padding=&#8220;40px||80px||false|false&#8220; locked=&#8220;off&#8220; global_colors_info=&#8220;{}&#8220;][et_pb_column type=&#8220;4_4&#8243; _builder_version=&#8220;4.19.0&#8243; _module_preset=&#8220;default&#8220; global_colors_info=&#8220;{}&#8220;][et_pb_text admin_label=&#8220;Title&#8220; _builder_version=&#8220;4.27.3&#8243; _module_preset=&#8220;6918ccfd-f835-474b-ac79-6df21dcefccd&#8220; custom_margin=&#8220;||40px||false|false&#8220; animation_direction=&#8220;bottom&#8220; animation_duration=&#8220;500ms&#8220; animation_intensity_slide=&#8220;10%&#8220; locked=&#8220;off&#8220; global_colors_info=&#8220;{}&#8220;]<h2>Wof\u00fcr wird ein Tragestuhl ben\u00f6tigt?<\/h2>[\/et_pb_text][et_pb_text admin_label=&#8220;Tekst&#8220; _builder_version=&#8220;4.27.3&#8243; _module_preset=&#8220;8a3199e1-372f-4ef8-80ec-1609f2846847&#8243; custom_margin=&#8220;||0px||false|false&#8220; animation_direction=&#8220;bottom&#8220; locked=&#8220;off&#8220; global_colors_info=&#8220;{}&#8220;]<p>Ein Tragestuhl wird zum Transport von gehbehinderten Patienten ben\u00f6tigt. Die maximale Belastung in ein <a href=\"https:\/\/www.mobility4all.eu\/de\/behindertenfahrzeug\/\">Behindertenfahrzeug<\/a> betr\u00e4gt bei den meisten St\u00fchlen bis zu 150 Kilogramm. Auch Modelle mit einer Belastbarkeit von 300 Kilogramm sind heute \u00fcblich. Die meisten Modelle lassen sich nach dem Gebrauch zusammenklappen. Damit der Tragestuhl durch die Laufr\u00e4der beim Zusammenklappen sich nicht zu stark bewegt wird empfohlen das n\u00e4chstliegende Laufrad mit Hilfe von beiden F\u00fc\u00dfen zu fixieren, nachdem der Sicherungsmechanismus gel\u00f6st wurde.<br \/>Die meisten Tragest\u00fchle verf\u00fcgen \u00fcber bis zu sechs Tragegriffen. Diese kann man bei Bedarf jeweils hochklappen. Dies ist durch Bet\u00e4tigen der Sicherheitskn\u00f6pfe m\u00f6glich. Die Griffe bestehen hier meist aus hochwertigen Metallen, wie Aluminium.<br \/>Tragest\u00fchlen verf\u00fcgen meist \u00fcber eigne Sicherheitsgurte. Einer befindet sich im vorderen, unteren Bereich zum Fixieren der Beine des zu transportierenden Patienten. Die anderen Gurte befinden sich jeweils am R\u00fcckenteil und diesen der Fixierung des Oberk\u00f6rpers. Diese Gute sollten erst nach dem Transport des Patienten entfernt werden. Ein solcher Tragestuhl besitzt au\u00dferdem eine Fu\u00dfst\u00fctze. Die F\u00fc\u00dfe sollten beim Transport des Patienten auf der Fu\u00dfst\u00fctze liegen und mit dem Sicherheitsgurt gut fixiert sein. Im \u201eTragestuhl Bus\u201c oder im \u201eTragestuhl Auto\u201c ist hierf\u00fcr auch gen\u00fcgend Platz vorhanden.<br \/>Solche Tragest\u00fchle besitzen einen speziellen Bezug. Dieser ist zum einen gut zu reinigen und zu desinfizieren. Der Stuhlbezug des R\u00fcckenteils besitzt auf der R\u00fcckseite eine zus\u00e4tzliche Dokumententasche, die fest mit dem Tragestuhl verbunden ist.<\/p>\n<p>Solche Tragest\u00fchle m\u00fcssen vor allem dem Einsatz im Rettungsdienst gen\u00fcgen. Schwere zu transportierende Lasten, Zeitdruck und auch beengte Transportwege bei gleichzeitigen ung\u00fcnstigen K\u00f6rperhaltungen treffen hier oftmals aufeinander. H\u00e4ufig sind auch schwergewichtige Patienten zu transportieren. H\u00e4ufig sind hier auch weitere Hilfsmittel notwendig, wie ein Lift, der den Tragestuhl mit dem Patienten ins Fahrzeug bef\u00f6rdert.<\/p>\n<p>Solche Tragest\u00fchle werden au\u00dferdem ben\u00f6tigt, wenn ein Patient die Treppen herauf oder herab getragen werden muss. Vor allem dann, wenn auf dem Weg in die Arztpraxis oder in die Wohnung des Patienten kein Aufzug vorhanden ist, muss dieser auf dem Stuhl in die entsprechenden R\u00e4ume transportiert werden.<\/p>[\/et_pb_text][\/et_pb_column][\/et_pb_row][\/et_pb_section]\n","protected":false},"excerpt":{"rendered":"<p>F\u00fcr den Transport von Patienten<\/p>\n","protected":false},"author":1,"featured_media":10045,"parent":0,"menu_order":999,"comment_status":"closed","ping_status":"closed","template":"","meta":{"_et_pb_use_builder":"on","_et_pb_old_content":"","_et_gb_content_width":"","footnotes":""},"class_list":["post-10043","page","type-page","status-publish","has-post-thumbnail","hentry"],"aioseo_notices":[],"_links":{"self":[{"href":"https:\/\/www.mobility4all.eu\/de\/wp-json\/wp\/v2\/pages\/10043","targetHints":{"allow":["GET"]}}],"collection":[{"href":"https:\/\/www.mobility4all.eu\/de\/wp-json\/wp\/v2\/pages"}],"about":[{"href":"https:\/\/www.mobility4all.eu\/de\/wp-json\/wp\/v2\/types\/page"}],"author":[{"embeddable":true,"href":"https:\/\/www.mobility4all.eu\/de\/wp-json\/wp\/v2\/users\/1"}],"replies":[{"embeddable":true,"href":"https:\/\/www.mobility4all.eu\/de\/wp-json\/wp\/v2\/comments?post=10043"}],"version-history":[{"count":5,"href":"https:\/\/www.mobility4all.eu\/de\/wp-json\/wp\/v2\/pages\/10043\/revisions"}],"predecessor-version":[{"id":10184,"href":"https:\/\/www.mobility4all.eu\/de\/wp-json\/wp\/v2\/pages\/10043\/revisions\/10184"}],"wp:featuredmedia":[{"embeddable":true,"href":"https:\/\/www.mobility4all.eu\/de\/wp-json\/wp\/v2\/media\/10045"}],"wp:attachment":[{"href":"https:\/\/www.mobility4all.eu\/de\/wp-json\/wp\/v2\/media?parent=10043"}],"curies":[{"name":"wp","href":"https:\/\/api.w.org\/{rel}","templated":true}]}}