{"id":10048,"date":"2024-11-22T14:25:23","date_gmt":"2024-11-22T13:25:23","guid":{"rendered":"https:\/\/www.mobility4all.eu\/de\/?page_id=10048"},"modified":"2024-12-09T14:30:38","modified_gmt":"2024-12-09T13:30:38","slug":"klappsitze","status":"publish","type":"page","link":"https:\/\/www.mobility4all.eu\/de\/klappsitze\/","title":{"rendered":"Klappsitze"},"content":{"rendered":"\n[et_pb_section fb_built=&#8220;1&#8243; admin_label=&#8220;Tekstgebied wit&#8220; _builder_version=&#8220;4.27.3&#8243; _module_preset=&#8220;default&#8220; background_color=&#8220;#FFFFFF&#8220; custom_padding=&#8220;20px||20px||false|false&#8220; bottom_divider_style=&#8220;curve&#8220; bottom_divider_color=&#8220;#EFEFEF&#8220; bottom_divider_height=&#8220;40px&#8220; locked=&#8220;off&#8220; global_colors_info=&#8220;{}&#8220;][et_pb_row column_structure=&#8220;1_2,1_2&#8243; _builder_version=&#8220;4.27.3&#8243; _module_preset=&#8220;default&#8220; custom_margin=&#8220;||||false|false&#8220; custom_padding=&#8220;80px||80px||false|false&#8220; locked=&#8220;off&#8220; global_colors_info=&#8220;{}&#8220;][et_pb_column type=&#8220;1_2&#8243; _builder_version=&#8220;4.19.0&#8243; _module_preset=&#8220;default&#8220; global_colors_info=&#8220;{}&#8220;][et_pb_text admin_label=&#8220;Title&#8220; _builder_version=&#8220;4.27.3&#8243; _module_preset=&#8220;6918ccfd-f835-474b-ac79-6df21dcefccd&#8220; custom_margin=&#8220;||40px||false|false&#8220; animation_direction=&#8220;bottom&#8220; animation_duration=&#8220;500ms&#8220; animation_intensity_slide=&#8220;10%&#8220; locked=&#8220;off&#8220; global_colors_info=&#8220;{}&#8220;]<h2>Klappsitze: Besondere Sitzgelegenheiten<\/h2>[\/et_pb_text][et_pb_text admin_label=&#8220;Tekst&#8220; _builder_version=&#8220;4.27.3&#8243; _module_preset=&#8220;8a3199e1-372f-4ef8-80ec-1609f2846847&#8243; custom_margin=&#8220;||0px||false|false&#8220; animation_direction=&#8220;bottom&#8220; locked=&#8220;off&#8220; global_colors_info=&#8220;{}&#8220;]<p>Klappsitze sind spezielle Sitzgelegenheiten, die bei Nichtgebrauch einfach hochgeklappt werden k\u00f6nnen. Man findet sie oftmals in \u00f6ffentlichen Verkehrmitteln, wie Z\u00fcgen oder Bussen. Auch in Geb\u00e4uden mit hoher Besucherzahl, wie Stadien findet man diese Sitzgelegenheiten sehr oft. Solche erleichtern vor allem den Durchgang und auch den Ein- und Ausstieg, wenn sie nicht ben\u00f6tigt werden.<\/p>[\/et_pb_text][\/et_pb_column][et_pb_column type=&#8220;1_2&#8243; _builder_version=&#8220;4.19.0&#8243; _module_preset=&#8220;default&#8220; global_colors_info=&#8220;{}&#8220;][et_pb_image src=&#8220;https:\/\/www.mobility4all.eu\/de\/wp-content\/uploads\/2024\/11\/drehstull-klappsitz-03.jpg&#8220; alt=&#8220;drehstull \/ klappsitz&#8220; title_text=&#8220;drehstull \/ klappsitz&#8220; force_fullwidth=&#8220;on&#8220; _builder_version=&#8220;4.27.3&#8243; _module_preset=&#8220;default&#8220; global_colors_info=&#8220;{}&#8220;][\/et_pb_image][\/et_pb_column][\/et_pb_row][\/et_pb_section][et_pb_section fb_built=&#8220;1&#8243; admin_label=&#8220;Tekstgebied grijs&#8220; _builder_version=&#8220;4.27.2&#8243; _module_preset=&#8220;default&#8220; background_color=&#8220;#EFEFEF&#8220; custom_padding=&#8220;40px||20px||false|false&#8220; bottom_divider_style=&#8220;curve&#8220; bottom_divider_color=&#8220;#FFFFFF&#8220; bottom_divider_height=&#8220;40px&#8220; locked=&#8220;off&#8220; global_colors_info=&#8220;{}&#8220;][et_pb_row _builder_version=&#8220;4.27.3&#8243; _module_preset=&#8220;default&#8220; custom_margin=&#8220;||||false|false&#8220; custom_padding=&#8220;80px||80px||false|false&#8220; global_colors_info=&#8220;{}&#8220;][et_pb_column type=&#8220;4_4&#8243; _builder_version=&#8220;4.19.0&#8243; _module_preset=&#8220;default&#8220; global_colors_info=&#8220;{}&#8220;][et_pb_text admin_label=&#8220;Title&#8220; _builder_version=&#8220;4.27.3&#8243; _module_preset=&#8220;6918ccfd-f835-474b-ac79-6df21dcefccd&#8220; custom_margin=&#8220;||40px||false|false&#8220; animation_direction=&#8220;bottom&#8220; animation_duration=&#8220;500ms&#8220; animation_intensity_slide=&#8220;10%&#8220; locked=&#8220;off&#8220; global_colors_info=&#8220;{}&#8220;]<h2>Was sind Klappsitze?<\/h2>[\/et_pb_text][et_pb_text admin_label=&#8220;Tekst&#8220; _builder_version=&#8220;4.27.3&#8243; _module_preset=&#8220;8a3199e1-372f-4ef8-80ec-1609f2846847&#8243; custom_margin=&#8220;||||false|false&#8220; animation_direction=&#8220;bottom&#8220; locked=&#8220;off&#8220; global_colors_info=&#8220;{}&#8220;]<p>Sitze zum Klappen sind in unterschiedlichen Gr\u00f6\u00dfen, Ausf\u00fchrungen und auch Material erh\u00e4ltlich.<br \/>In kleineren PKW bietet so ein Sitz zus\u00e4tzliche Sitzgelegenheiten und werden auch manchmal als Notsitze oder <a href=\"https:\/\/www.mobility4all.eu\/de\/tragestuhl\/\">Tragestuhl<\/a> bezeichnet. Klappstze im PKW, die bei Bedarf weggeklappt und auch be Bedarf versenkt werden befinden sich meist im Kofferraum mit oder ohne <a href=\"https:\/\/www.mobility4all.eu\/de\/systemboden\/\">Systemboden<\/a>. Damit bekommt man in jedem Fall mehr Stauraum und auch Platz. In Flugzeugen werden solche Klappsitze auch als Jumpseat bezeichnet. Ein solcher Sitz unterscheidet sich vom herk\u00f6mmlichen Klappstuhl dadurch, dass eines fixe Befestigung des Sitzes an einer Wand oder auf einem Boden besteht. Der Klappstuhl ist meist freistehend und kann spezifisch ohne Verschraubungen bei Bedarf verschoben werden.<br \/>Auch ergonomisch geformte Klappsitze sind im Handel erh\u00e4ltlich. Auch Modelle mit Hygiene\u00f6ffnung und vorhandenem Wasserablauf sind m\u00f6glich. Die Sitzh\u00f6he bei solchen Sitzgelegenheiten sind hier meist tiefer als bei herk\u00f6mmlichen St\u00fchlen oder auch B\u00e4nken. Die Belastbarkeit ist hier meist bei 150 Kilogramm angegeben<\/p>[\/et_pb_text][\/et_pb_column][\/et_pb_row][\/et_pb_section][et_pb_section fb_built=&#8220;1&#8243; admin_label=&#8220;Tekstgebied wit&#8220; _builder_version=&#8220;4.27.3&#8243; _module_preset=&#8220;default&#8220; background_color=&#8220;#FFFFFF&#8220; custom_padding=&#8220;20px||20px||false|false&#8220; bottom_divider_style=&#8220;curve&#8220; bottom_divider_color=&#8220;#EFEFEF&#8220; bottom_divider_height=&#8220;40px&#8220; locked=&#8220;off&#8220; global_colors_info=&#8220;{}&#8220;][et_pb_row _builder_version=&#8220;4.27.3&#8243; _module_preset=&#8220;default&#8220; custom_margin=&#8220;||||false|false&#8220; custom_padding=&#8220;40px||80px||false|false&#8220; locked=&#8220;off&#8220; global_colors_info=&#8220;{}&#8220;][et_pb_column type=&#8220;4_4&#8243; _builder_version=&#8220;4.19.0&#8243; _module_preset=&#8220;default&#8220; global_colors_info=&#8220;{}&#8220;][et_pb_text admin_label=&#8220;Title&#8220; _builder_version=&#8220;4.27.3&#8243; _module_preset=&#8220;6918ccfd-f835-474b-ac79-6df21dcefccd&#8220; custom_margin=&#8220;||40px||false|false&#8220; animation_direction=&#8220;bottom&#8220; animation_duration=&#8220;500ms&#8220; animation_intensity_slide=&#8220;10%&#8220; locked=&#8220;off&#8220; global_colors_info=&#8220;{}&#8220;]<h2>Wof\u00fcr werden Sitze zum Anklappen ben\u00f6tigt?<\/h2>[\/et_pb_text][et_pb_text admin_label=&#8220;Tekst&#8220; _builder_version=&#8220;4.27.3&#8243; _module_preset=&#8220;8a3199e1-372f-4ef8-80ec-1609f2846847&#8243; custom_margin=&#8220;||0px||false|false&#8220; animation_direction=&#8220;bottom&#8220; locked=&#8220;off&#8220; global_colors_info=&#8220;{}&#8220;]<p>Bei den Klappsitzen unterscheidet man verschiedene Ausf\u00fchrungen.<br \/>Ein Einzelklappsitz mit oder ohne R\u00fcckenlehne ist auch beim l\u00e4ngeren Sitzen angenehm. Dabei kann die R\u00fcckenlehne auch leicht geneigt sein. Die Sitzfl\u00e4che wird durch eine spezifische Federkraft in Ruhestellung gehalten. Die einwirkenden Kr\u00e4fte werden weitestgehend in den Boden geleitet. Dieses Modell eignet sich somit dann, wenn eine Tragf\u00e4higkeit an der Wand f\u00fcr eine Wandmontage nicht gesichert ist. Die Tragf\u00e4higkeit des Bodens ist ebenfalls zu pr\u00fcfen, wenn zum Beispiel auf empfindlichem Untergrund montiert werden soll. Eine \u201eKlappsitz Wand\u201c kann dann ebenfalls genutzt werden.<br \/>Eine <strong>Einzelklappsitz mit oder ohne Armlehne<\/strong> findet man vor allem in \u00f6ffentlichen Verkehrsmitteln. \u00b4Vorhandene Armlehnen k\u00f6nnen hierbei aus Holz oder auch gepolstert sein. Die Armlehnen sind oftmals getrennt nach oben und unten abklappbar.<br \/><strong>Ein Sitz f\u00fcr den wandb\u00fcndigen Einbau<\/strong> wird immer dann verwendet, wenn platzsparend Sitzfl\u00e4che geschaffen werden soll. Bei gemauerten oder angeputzten W\u00e4nden wird im Bereich der Verkleidung an der Wandfl\u00e4che einspezieller Falz in einer definierten Dicke der Bekleidung erzeugt. Dies geschieht mit einer Winkelschiene, die als sogenannter Putzanschlag unterst\u00fctzt. Der Einbau mit einem Anschlussklotz ist eine weitere M\u00f6glichkeit zum Befestigen dieser Klappsitze. In die bestehende Wand\u00f6ffnung wird ein entsprechender Maueranschlag eingebracht. Hierbei k\u00f6nnen Vollholz oder auch Spanplatten genutzt werden. Diese Art der Montage eignet sich vor allem f\u00fcr die Montage einer Zarge zwischen den W\u00e4nden. Eine \u201eKlappsitz Wand\u201c wird deshalb hier ben\u00f6tigt.<br \/>Eine <strong>Klappsitzbank<\/strong> ist meist aus Metall gefertigt und bietet mehreren Personen gleichzeitig eine Sitzgelegenheit. Die Sitzfl\u00e4chen werden hier mit einer vorhandenen Federkraft in die Ruhestellung bef\u00f6rdert. Diese bestehen meist aus einem festen Drahtgitter.<br \/>Eine Klappsitzbank ist auch in Kleintransportern gebr\u00e4uchlich. Hierbei handelt es sich stets um gepolsterte Sitzfl\u00e4chen und auch R\u00fcckenlehnen.<\/p>[\/et_pb_text][\/et_pb_column][\/et_pb_row][\/et_pb_section]\n","protected":false},"excerpt":{"rendered":"<p>Besondere Sitzgelegenheiten<\/p>\n","protected":false},"author":1,"featured_media":9790,"parent":0,"menu_order":1000,"comment_status":"closed","ping_status":"closed","template":"","meta":{"_et_pb_use_builder":"on","_et_pb_old_content":"","_et_gb_content_width":"","footnotes":""},"class_list":["post-10048","page","type-page","status-publish","has-post-thumbnail","hentry"],"aioseo_notices":[],"_links":{"self":[{"href":"https:\/\/www.mobility4all.eu\/de\/wp-json\/wp\/v2\/pages\/10048","targetHints":{"allow":["GET"]}}],"collection":[{"href":"https:\/\/www.mobility4all.eu\/de\/wp-json\/wp\/v2\/pages"}],"about":[{"href":"https:\/\/www.mobility4all.eu\/de\/wp-json\/wp\/v2\/types\/page"}],"author":[{"embeddable":true,"href":"https:\/\/www.mobility4all.eu\/de\/wp-json\/wp\/v2\/users\/1"}],"replies":[{"embeddable":true,"href":"https:\/\/www.mobility4all.eu\/de\/wp-json\/wp\/v2\/comments?post=10048"}],"version-history":[{"count":5,"href":"https:\/\/www.mobility4all.eu\/de\/wp-json\/wp\/v2\/pages\/10048\/revisions"}],"predecessor-version":[{"id":10185,"href":"https:\/\/www.mobility4all.eu\/de\/wp-json\/wp\/v2\/pages\/10048\/revisions\/10185"}],"wp:featuredmedia":[{"embeddable":true,"href":"https:\/\/www.mobility4all.eu\/de\/wp-json\/wp\/v2\/media\/9790"}],"wp:attachment":[{"href":"https:\/\/www.mobility4all.eu\/de\/wp-json\/wp\/v2\/media?parent=10048"}],"curies":[{"name":"wp","href":"https:\/\/api.w.org\/{rel}","templated":true}]}}