{"id":10053,"date":"2024-11-22T14:28:05","date_gmt":"2024-11-22T13:28:05","guid":{"rendered":"https:\/\/www.mobility4all.eu\/de\/?page_id=10053"},"modified":"2024-12-09T14:32:02","modified_gmt":"2024-12-09T13:32:02","slug":"rollstuhlruckhaltesysteme","status":"publish","type":"page","link":"https:\/\/www.mobility4all.eu\/de\/rollstuhlruckhaltesysteme\/","title":{"rendered":"Rollstuhlr\u00fcckhaltesysteme"},"content":{"rendered":"\n[et_pb_section fb_built=&#8220;1&#8243; admin_label=&#8220;Tekstgebied wit&#8220; _builder_version=&#8220;4.27.3&#8243; _module_preset=&#8220;default&#8220; background_color=&#8220;#FFFFFF&#8220; custom_padding=&#8220;20px||20px||false|false&#8220; bottom_divider_style=&#8220;curve&#8220; bottom_divider_color=&#8220;#EFEFEF&#8220; bottom_divider_height=&#8220;40px&#8220; locked=&#8220;off&#8220; global_colors_info=&#8220;{}&#8220;][et_pb_row column_structure=&#8220;1_2,1_2&#8243; _builder_version=&#8220;4.27.3&#8243; _module_preset=&#8220;default&#8220; custom_margin=&#8220;||||false|false&#8220; custom_padding=&#8220;80px||80px||false|false&#8220; locked=&#8220;off&#8220; global_colors_info=&#8220;{}&#8220;][et_pb_column type=&#8220;1_2&#8243; _builder_version=&#8220;4.19.0&#8243; _module_preset=&#8220;default&#8220; global_colors_info=&#8220;{}&#8220;][et_pb_text admin_label=&#8220;Title&#8220; _builder_version=&#8220;4.27.3&#8243; _module_preset=&#8220;6918ccfd-f835-474b-ac79-6df21dcefccd&#8220; custom_margin=&#8220;||40px||false|false&#8220; animation_direction=&#8220;bottom&#8220; animation_duration=&#8220;500ms&#8220; animation_intensity_slide=&#8220;10%&#8220; locked=&#8220;off&#8220; global_colors_info=&#8220;{}&#8220;]<h2>Rollstuhlr\u00fcckhaltesysteme<\/h2>[\/et_pb_text][et_pb_text admin_label=&#8220;Tekst&#8220; _builder_version=&#8220;4.27.3&#8243; _module_preset=&#8220;8a3199e1-372f-4ef8-80ec-1609f2846847&#8243; custom_margin=&#8220;||0px||false|false&#8220; animation_direction=&#8220;bottom&#8220; locked=&#8220;off&#8220; global_colors_info=&#8220;{}&#8220;]<p>Mehr Sicherheit f\u00fcr alle, die mit dem richtigen System zu tun haben zum einen erh\u00f6hen Sie die Sicherheit des Rollstuhlfahrers und zum anderen die Sicherheit des Fahrers, der sich nicht mehr um das richtige System k\u00fcmmern muss. Mit einem Rollstuhlr\u00fcckhaltesystem von uns mit ISO 10542 kann der Rollstuhlfahrer so an seinem Rollstuhl befestigt werden, dass beim starken Bremsen keine Verletzungen auftreten k\u00f6nnen. Ein solches System sollte auf jeden Fall verwendet werden, insbesondere f\u00fcr Personen, die nicht viel Kraft haben, sich im Rollstuhl zu halten. Dar\u00fcber hinaus ist der Komfort f\u00fcr diese Personen beim Fahren auf diese Weise erheblich h\u00f6her, da Sie sich selbst viel sicherer f\u00fchlen. Aber wir liefern auch viel Rollstuhlbusse mit <a href=\"https:\/\/www.mobility4all.eu\/de\/klappsitze\/\">Klappsitze<\/a> oder <a href=\"https:\/\/www.mobility4all.eu\/de\/tragestuhl\/\">Tragestuhl.<\/a><\/p>[\/et_pb_text][\/et_pb_column][et_pb_column type=&#8220;1_2&#8243; _builder_version=&#8220;4.19.0&#8243; _module_preset=&#8220;default&#8220; global_colors_info=&#8220;{}&#8220;][et_pb_text admin_label=&#8220;Title&#8220; _builder_version=&#8220;4.27.3&#8243; _module_preset=&#8220;6918ccfd-f835-474b-ac79-6df21dcefccd&#8220; custom_margin=&#8220;||40px||false|false&#8220; animation_direction=&#8220;bottom&#8220; animation_duration=&#8220;500ms&#8220; animation_intensity_slide=&#8220;10%&#8220; locked=&#8220;off&#8220; global_colors_info=&#8220;{}&#8220;]<h2>Rollstuhlr\u00fcckhaltesysteme f\u00fcr den Alltag<\/h2>[\/et_pb_text][et_pb_text admin_label=&#8220;Tekst&#8220; _builder_version=&#8220;4.27.3&#8243; _module_preset=&#8220;8a3199e1-372f-4ef8-80ec-1609f2846847&#8243; custom_margin=&#8220;||0px||false|false&#8220; animation_direction=&#8220;bottom&#8220; locked=&#8220;off&#8220; global_colors_info=&#8220;{}&#8220;]<p>Ein solches System kann auch au\u00dferhalb des Fahrzeugs verwendet werden. Es gibt viele verschiedene Situationen, in denen es f\u00fcr den Rollstuhlfahrer vorteilhaft ist, ein solches System im Rollstuhl zu installieren. Ein solches System sollte insbesondere f\u00fcr Personen eingef\u00fchrt werden, die nicht mehr alleine im Rollstuhl sitzen k\u00f6nnen. So k\u00f6nnen Sie im Alltag sicher im Rollstuhl sitzen, ohne sich Sorgen machen zu m\u00fcssen, dass Sie herausfallen, wenn Sie Ihre Kraft verlieren. Insbesondere bei \u00e4lteren Menschen kann es sinnvoll sein, ein solches System zu verwenden, wenn noch nichts passiert ist. Als vorbeugende Ma\u00dfnahme k\u00f6nnen Sie die Sicherheit des Rollstuhlfahrers erh\u00f6hen und ihm ein gutes Gef\u00fchl geben.<\/p>[\/et_pb_text][\/et_pb_column][\/et_pb_row][\/et_pb_section]\n","protected":false},"excerpt":{"rendered":"<p>Rollstuhlr\u00fcckhaltesysteme f\u00fcr den Alltag<\/p>\n","protected":false},"author":1,"featured_media":1738,"parent":0,"menu_order":1001,"comment_status":"closed","ping_status":"closed","template":"","meta":{"_et_pb_use_builder":"on","_et_pb_old_content":"","_et_gb_content_width":"","footnotes":""},"class_list":["post-10053","page","type-page","status-publish","has-post-thumbnail","hentry"],"aioseo_notices":[],"_links":{"self":[{"href":"https:\/\/www.mobility4all.eu\/de\/wp-json\/wp\/v2\/pages\/10053","targetHints":{"allow":["GET"]}}],"collection":[{"href":"https:\/\/www.mobility4all.eu\/de\/wp-json\/wp\/v2\/pages"}],"about":[{"href":"https:\/\/www.mobility4all.eu\/de\/wp-json\/wp\/v2\/types\/page"}],"author":[{"embeddable":true,"href":"https:\/\/www.mobility4all.eu\/de\/wp-json\/wp\/v2\/users\/1"}],"replies":[{"embeddable":true,"href":"https:\/\/www.mobility4all.eu\/de\/wp-json\/wp\/v2\/comments?post=10053"}],"version-history":[{"count":5,"href":"https:\/\/www.mobility4all.eu\/de\/wp-json\/wp\/v2\/pages\/10053\/revisions"}],"predecessor-version":[{"id":10186,"href":"https:\/\/www.mobility4all.eu\/de\/wp-json\/wp\/v2\/pages\/10053\/revisions\/10186"}],"wp:featuredmedia":[{"embeddable":true,"href":"https:\/\/www.mobility4all.eu\/de\/wp-json\/wp\/v2\/media\/1738"}],"wp:attachment":[{"href":"https:\/\/www.mobility4all.eu\/de\/wp-json\/wp\/v2\/media?parent=10053"}],"curies":[{"name":"wp","href":"https:\/\/api.w.org\/{rel}","templated":true}]}}