{"id":10058,"date":"2024-11-22T14:30:15","date_gmt":"2024-11-22T13:30:15","guid":{"rendered":"https:\/\/www.mobility4all.eu\/de\/?page_id=10058"},"modified":"2024-12-09T14:33:06","modified_gmt":"2024-12-09T13:33:06","slug":"was-sind-einstiegshilfen","status":"publish","type":"page","link":"https:\/\/www.mobility4all.eu\/de\/was-sind-einstiegshilfen\/","title":{"rendered":"Was sind einstiegshilfen?"},"content":{"rendered":"\n[et_pb_section fb_built=&#8220;1&#8243; admin_label=&#8220;Tekstgebied wit&#8220; _builder_version=&#8220;4.27.3&#8243; _module_preset=&#8220;default&#8220; background_color=&#8220;#FFFFFF&#8220; custom_padding=&#8220;20px||20px||false|false&#8220; bottom_divider_style=&#8220;curve&#8220; bottom_divider_color=&#8220;#EFEFEF&#8220; bottom_divider_height=&#8220;40px&#8220; locked=&#8220;off&#8220; global_colors_info=&#8220;{}&#8220;][et_pb_row column_structure=&#8220;1_2,1_2&#8243; _builder_version=&#8220;4.27.3&#8243; _module_preset=&#8220;default&#8220; custom_margin=&#8220;||||false|false&#8220; custom_padding=&#8220;80px||80px||false|false&#8220; locked=&#8220;off&#8220; global_colors_info=&#8220;{}&#8220;][et_pb_column type=&#8220;1_2&#8243; _builder_version=&#8220;4.19.0&#8243; _module_preset=&#8220;default&#8220; global_colors_info=&#8220;{}&#8220;][et_pb_text admin_label=&#8220;Title&#8220; _builder_version=&#8220;4.27.3&#8243; _module_preset=&#8220;6918ccfd-f835-474b-ac79-6df21dcefccd&#8220; custom_margin=&#8220;||40px||false|false&#8220; animation_direction=&#8220;bottom&#8220; animation_duration=&#8220;500ms&#8220; animation_intensity_slide=&#8220;10%&#8220; locked=&#8220;off&#8220; global_colors_info=&#8220;{}&#8220;]<h2>Was sind einstiegshilfen?<\/h2>[\/et_pb_text][et_pb_text admin_label=&#8220;Tekst&#8220; _builder_version=&#8220;4.27.3&#8243; _module_preset=&#8220;8a3199e1-372f-4ef8-80ec-1609f2846847&#8243; custom_margin=&#8220;||0px||false|false&#8220; animation_direction=&#8220;bottom&#8220; locked=&#8220;off&#8220; global_colors_info=&#8220;{}&#8220;]<p>Verschiedene Hilfsmittel wie Einstieghilfen erleichtern Menschen mit Behinderungen den Alltag. Menschen mit einer Behinderung stehen im Alltag vor vielen Hindernissen. Diese Hindernisse sind f\u00fcr gesunde Menschen allt\u00e4glich. Leider gibt es immer noch Menschen mit Behinderungen, die keine dieser Hilfsmittel haben. Nicht jeder behinderte Mensch wird dar\u00fcber informiert, dass Einreisehilfen zu den Hilfsmitteln geh\u00f6ren. Pflegehilfen sind in der Pflegeversicherung enthalten. Einreisehilfen verbessern das Lebensumfeld von Menschen mit Behinderungen. Und deshalb wird es von den Pflegeversicherungskassen nach \u00a7 40 SGB XI gedeckt. F\u00fcr diese Pflegehilfen muss ein Antrag bei der Pflegeversicherung des Betroffenen gestellt werden.<\/p>[\/et_pb_text][\/et_pb_column][et_pb_column type=&#8220;1_2&#8243; _builder_version=&#8220;4.19.0&#8243; _module_preset=&#8220;default&#8220; global_colors_info=&#8220;{}&#8220;][et_pb_image src=&#8220;https:\/\/www.mobility4all.eu\/de\/wp-content\/uploads\/2024\/11\/Schuideur-website-pr4n1l36go1f4nxxl6zwxoa0shnic4gpsqmh7r7s78.jpg&#8220; alt=&#8220;Einstiegshilfen&#8220; title_text=&#8220;Einstiegshilfen&#8220; force_fullwidth=&#8220;on&#8220; _builder_version=&#8220;4.27.3&#8243; _module_preset=&#8220;default&#8220; global_colors_info=&#8220;{}&#8220;][\/et_pb_image][\/et_pb_column][\/et_pb_row][\/et_pb_section][et_pb_section fb_built=&#8220;1&#8243; admin_label=&#8220;Tekstgebied grijs&#8220; _builder_version=&#8220;4.27.2&#8243; _module_preset=&#8220;default&#8220; background_color=&#8220;#EFEFEF&#8220; custom_padding=&#8220;40px||20px||false|false&#8220; bottom_divider_style=&#8220;curve&#8220; bottom_divider_color=&#8220;#FFFFFF&#8220; bottom_divider_height=&#8220;40px&#8220; locked=&#8220;off&#8220; global_colors_info=&#8220;{}&#8220;][et_pb_row _builder_version=&#8220;4.27.3&#8243; _module_preset=&#8220;default&#8220; custom_margin=&#8220;||||false|false&#8220; custom_padding=&#8220;80px||80px||false|false&#8220; global_colors_info=&#8220;{}&#8220;][et_pb_column type=&#8220;4_4&#8243; _builder_version=&#8220;4.19.0&#8243; _module_preset=&#8220;default&#8220; global_colors_info=&#8220;{}&#8220;][et_pb_text admin_label=&#8220;Title&#8220; _builder_version=&#8220;4.27.3&#8243; _module_preset=&#8220;6918ccfd-f835-474b-ac79-6df21dcefccd&#8220; custom_margin=&#8220;||40px||false|false&#8220; animation_direction=&#8220;bottom&#8220; animation_duration=&#8220;500ms&#8220; animation_intensity_slide=&#8220;10%&#8220; locked=&#8220;off&#8220; global_colors_info=&#8220;{}&#8220;]<h2>Welche einstiegshilfen gibt es?<\/h2>[\/et_pb_text][et_pb_text admin_label=&#8220;Tekst&#8220; _builder_version=&#8220;4.27.3&#8243; _module_preset=&#8220;8a3199e1-372f-4ef8-80ec-1609f2846847&#8243; custom_margin=&#8220;||||false|false&#8220; animation_direction=&#8220;bottom&#8220; locked=&#8220;off&#8220; global_colors_info=&#8220;{}&#8220;]<p>Es gibt verschiedene Arten von Einstiegshilfen so wie <a href=\"https:\/\/www.mobility4all.eu\/de\/auffahrrampen-fur-rollstuhle\/\">Auffarrampen f\u00fcr PKW<\/a>, die Menschen mit Behinderungen den Alltag erleichtern und ihre Mobilit\u00e4t verbessern. Das Erreichen einer flexiblen Mobilit\u00e4t im Alltag ist f\u00fcr alle wichtig. F\u00fcr Behinderte bietet die Mobilit\u00e4t durch den Einsatz von Pflegehilfen wieder Lebensqualit\u00e4t.<\/p>[\/et_pb_text][\/et_pb_column][\/et_pb_row][\/et_pb_section][et_pb_section fb_built=&#8220;1&#8243; admin_label=&#8220;Tekstgebied wit&#8220; _builder_version=&#8220;4.27.3&#8243; _module_preset=&#8220;default&#8220; background_color=&#8220;#FFFFFF&#8220; custom_padding=&#8220;20px||20px||false|false&#8220; bottom_divider_style=&#8220;curve&#8220; bottom_divider_color=&#8220;#EFEFEF&#8220; bottom_divider_height=&#8220;40px&#8220; locked=&#8220;off&#8220; global_colors_info=&#8220;{}&#8220;][et_pb_row _builder_version=&#8220;4.27.3&#8243; _module_preset=&#8220;default&#8220; custom_margin=&#8220;||||false|false&#8220; custom_padding=&#8220;40px||80px||false|false&#8220; locked=&#8220;off&#8220; global_colors_info=&#8220;{}&#8220;][et_pb_column type=&#8220;4_4&#8243; _builder_version=&#8220;4.19.0&#8243; _module_preset=&#8220;default&#8220; global_colors_info=&#8220;{}&#8220;][et_pb_text admin_label=&#8220;Title&#8220; _builder_version=&#8220;4.27.3&#8243; _module_preset=&#8220;6918ccfd-f835-474b-ac79-6df21dcefccd&#8220; custom_margin=&#8220;||40px||false|false&#8220; animation_direction=&#8220;bottom&#8220; animation_duration=&#8220;500ms&#8220; animation_intensity_slide=&#8220;10%&#8220; locked=&#8220;off&#8220; global_colors_info=&#8220;{}&#8220;]<h2>Wof\u00fcr sind Einstiegshilfen geeignet?<\/h2>[\/et_pb_text][et_pb_text admin_label=&#8220;Tekst&#8220; _builder_version=&#8220;4.27.3&#8243; _module_preset=&#8220;8a3199e1-372f-4ef8-80ec-1609f2846847&#8243; custom_margin=&#8220;||0px||false|false&#8220; animation_direction=&#8220;bottom&#8220; locked=&#8220;off&#8220; global_colors_info=&#8220;{}&#8220;]<p>Diese Pflegehilfen eignen sich zur Verbesserung der Mobilit\u00e4t von Menschen mit Behinderungen. Mit diesen Hilfsmitteln gewinnen die Menschen einen Teil ihrer Unabh\u00e4ngigkeit im Alltag zur\u00fcck. Besonders im Transport m\u00f6chte jeder seine Unabh\u00e4ngigkeit auch mit einer Behinderung fortsetzen. Mobilit\u00e4tshilfen, die durch die Pflegeversicherung abgedeckt sind, sind ideal geeignet, um den Alltag von Menschen mit Behinderungen wieder lebenswert zu machen.<\/p>\n<p>Der Einstieghilfe erleichtert es Menschen mit schweren Behinderungen mit Unterst\u00fctzung. Der Einstieghilfe ist f\u00fcr Menschen mit Behinderungen mit einer Fernbedienung einfach zu bedienen. Ein Einstieghilfe und andere Hilfsmittel wie <a href=\"https:\/\/www.mobility4all.eu\/de\/klappsitze\/\">Klappsitze<\/a> sind ebenfalls eine enorme Erleichterung und Hilfe bei der Pflegearbeit f\u00fcr den Pflegehelfer. Einstiegshilfen sind f\u00fcr beide Seiten in der t\u00e4glichen Pflege von Vorteil. Sie erleichtern allen, die sich um die Betroffenen k\u00fcmmern, die Mobilit\u00e4t im Alltag. Die Beantragung einer Einreisehilfe bei der Pflegeversicherung ist auch eine gro\u00dfe Hilfe f\u00fcr die Pflege von Angeh\u00f6rigen.<\/p>[\/et_pb_text][\/et_pb_column][\/et_pb_row][\/et_pb_section]\n","protected":false},"excerpt":{"rendered":"<p>Zur Verbesserung der Mobilit\u00e4t<\/p>\n","protected":false},"author":1,"featured_media":10027,"parent":0,"menu_order":1002,"comment_status":"closed","ping_status":"closed","template":"","meta":{"_et_pb_use_builder":"on","_et_pb_old_content":"","_et_gb_content_width":"","footnotes":""},"class_list":["post-10058","page","type-page","status-publish","has-post-thumbnail","hentry"],"aioseo_notices":[],"_links":{"self":[{"href":"https:\/\/www.mobility4all.eu\/de\/wp-json\/wp\/v2\/pages\/10058","targetHints":{"allow":["GET"]}}],"collection":[{"href":"https:\/\/www.mobility4all.eu\/de\/wp-json\/wp\/v2\/pages"}],"about":[{"href":"https:\/\/www.mobility4all.eu\/de\/wp-json\/wp\/v2\/types\/page"}],"author":[{"embeddable":true,"href":"https:\/\/www.mobility4all.eu\/de\/wp-json\/wp\/v2\/users\/1"}],"replies":[{"embeddable":true,"href":"https:\/\/www.mobility4all.eu\/de\/wp-json\/wp\/v2\/comments?post=10058"}],"version-history":[{"count":5,"href":"https:\/\/www.mobility4all.eu\/de\/wp-json\/wp\/v2\/pages\/10058\/revisions"}],"predecessor-version":[{"id":10187,"href":"https:\/\/www.mobility4all.eu\/de\/wp-json\/wp\/v2\/pages\/10058\/revisions\/10187"}],"wp:featuredmedia":[{"embeddable":true,"href":"https:\/\/www.mobility4all.eu\/de\/wp-json\/wp\/v2\/media\/10027"}],"wp:attachment":[{"href":"https:\/\/www.mobility4all.eu\/de\/wp-json\/wp\/v2\/media?parent=10058"}],"curies":[{"name":"wp","href":"https:\/\/api.w.org\/{rel}","templated":true}]}}