{"id":10065,"date":"2024-11-22T14:35:29","date_gmt":"2024-11-22T13:35:29","guid":{"rendered":"https:\/\/www.mobility4all.eu\/de\/?page_id=10065"},"modified":"2024-12-09T14:34:41","modified_gmt":"2024-12-09T13:34:41","slug":"auffahrrampen-fur-rollstuhle","status":"publish","type":"page","link":"https:\/\/www.mobility4all.eu\/de\/auffahrrampen-fur-rollstuhle\/","title":{"rendered":"Auffahrrampen f\u00fcr Rollst\u00fchle"},"content":{"rendered":"\n[et_pb_section fb_built=&#8220;1&#8243; admin_label=&#8220;Tekstgebied wit&#8220; _builder_version=&#8220;4.27.3&#8243; _module_preset=&#8220;default&#8220; background_color=&#8220;#FFFFFF&#8220; custom_padding=&#8220;20px||20px||false|false&#8220; bottom_divider_style=&#8220;curve&#8220; bottom_divider_color=&#8220;#EFEFEF&#8220; bottom_divider_height=&#8220;40px&#8220; locked=&#8220;off&#8220; global_colors_info=&#8220;{}&#8220;][et_pb_row column_structure=&#8220;1_2,1_2&#8243; _builder_version=&#8220;4.27.3&#8243; _module_preset=&#8220;default&#8220; custom_margin=&#8220;||||false|false&#8220; custom_padding=&#8220;80px||80px||false|false&#8220; locked=&#8220;off&#8220; global_colors_info=&#8220;{}&#8220;][et_pb_column type=&#8220;1_2&#8243; _builder_version=&#8220;4.19.0&#8243; _module_preset=&#8220;default&#8220; global_colors_info=&#8220;{}&#8220;][et_pb_text admin_label=&#8220;Title&#8220; _builder_version=&#8220;4.27.3&#8243; _module_preset=&#8220;6918ccfd-f835-474b-ac79-6df21dcefccd&#8220; custom_margin=&#8220;||40px||false|false&#8220; animation_direction=&#8220;bottom&#8220; animation_duration=&#8220;500ms&#8220; animation_intensity_slide=&#8220;10%&#8220; locked=&#8220;off&#8220; global_colors_info=&#8220;{}&#8220;]<h2>Auffahrrampen f\u00fcr Rollst\u00fchle<\/h2>[\/et_pb_text][et_pb_text admin_label=&#8220;Tekst&#8220; _builder_version=&#8220;4.27.3&#8243; _module_preset=&#8220;8a3199e1-372f-4ef8-80ec-1609f2846847&#8243; custom_margin=&#8220;||0px||false|false&#8220; animation_direction=&#8220;bottom&#8220; locked=&#8220;off&#8220; global_colors_info=&#8220;{}&#8220;]<p>Auffahrrampen f\u00fcr Rollst\u00fchle sind <a href=\"https:\/\/www.mobility4all.eu\/de\/was-sind-einstiegshilfen\/\">Einstieghilfen<\/a> bestehen aus sehr hochwertigen Materialien. Sie sind extrem robust und sehr rutschfest und auch sehr einfach zu bedienen. Sie k\u00f6nnen diese praktischen und n\u00fctzlichen Rampen in verschiedenen Designs kaufen und an Ihre pers\u00f6nlichen und individuellen Bed\u00fcrfnisse anpassen.<\/p>\n<p>Rollstuhlrampen sind leicht abfallende, flache Oberfl\u00e4chen, die es einem Rollstuhlfahrer erm\u00f6glichen, Treppen und Bordsteine leicht zu \u00fcberwinden. Dank der Rampen f\u00fcr Rollst\u00fchle oder Gehhilfen sind solche Hindernisse kein Problem mehr und sehr wichtige Bestandteile eines Geb\u00e4udes, um es barrierefrei bauen zu k\u00f6nnen.<\/p>\n<p>Der Aufbau einer Zugangsrampe f\u00fcr Rollst\u00fchle besteht aus verschiedenen Komponenten, die oft auch unterschiedliche Funktionen haben. Dies sind beispielsweise verschiedene Rampenmodule zum \u00dcberqueren mehrerer Treppen oder Gel\u00e4nder und Treppenmodule.<\/p>[\/et_pb_text][\/et_pb_column][et_pb_column type=&#8220;1_2&#8243; _builder_version=&#8220;4.19.0&#8243; _module_preset=&#8220;default&#8220; global_colors_info=&#8220;{}&#8220;][et_pb_image src=&#8220;https:\/\/www.mobility4all.eu\/de\/wp-content\/uploads\/2024\/11\/auffahrrampen.png&#8220; alt=&#8220;Auffahrrampen&#8220; title_text=&#8220;Auffahrrampen&#8220; force_fullwidth=&#8220;on&#8220; _builder_version=&#8220;4.27.3&#8243; _module_preset=&#8220;default&#8220; global_colors_info=&#8220;{}&#8220;][\/et_pb_image][\/et_pb_column][\/et_pb_row][et_pb_row _builder_version=&#8220;4.27.3&#8243; _module_preset=&#8220;default&#8220; custom_margin=&#8220;||||false|false&#8220; custom_padding=&#8220;0px||80px||false|false&#8220; locked=&#8220;off&#8220; global_colors_info=&#8220;{}&#8220;][et_pb_column type=&#8220;4_4&#8243; _builder_version=&#8220;4.19.0&#8243; _module_preset=&#8220;default&#8220; global_colors_info=&#8220;{}&#8220;][et_pb_text admin_label=&#8220;Tekst&#8220; _builder_version=&#8220;4.27.3&#8243; _module_preset=&#8220;8a3199e1-372f-4ef8-80ec-1609f2846847&#8243; custom_margin=&#8220;||0px||false|false&#8220; animation_direction=&#8220;bottom&#8220; locked=&#8220;off&#8220; global_colors_info=&#8220;{}&#8220;]<p>F\u00fcr jede Art von Hindernis gibt es eine geeignete Zugangsrampe. Welche Variante im Detail notwendig ist, h\u00e4ngt vom Einsatzort und nat\u00fcrlich auch vom zu \u00fcberwindenden Hindernis ab. Das Gewicht, das von einer solchen Rampe getragen werden soll, spielt ebenfalls eine sehr wichtige Rolle. Daher m\u00fcssen Zugangsrampen f\u00fcr Rollst\u00fchle aus robusten und sehr haltbaren Materialien bestehen, damit sie auch problemlos Elektrofahrzeuge transportieren k\u00f6nnen. Normalerweise bestehen diese Rampen aus Aluminium oder Stahl. Rampen, die f\u00fcr den Au\u00dfenbereich vorgesehen sind, sollten auch sehr rutschfest sein, damit es nicht zu Unf\u00e4llen kommt und daf\u00fcr haben wir <a href=\"https:\/\/www.mobility4all.eu\/de\/rollstuhlruckhaltesysteme\/\">Rollstuhlruckhaltesysteme<\/a>.<\/p>\n<p>Rampen f\u00fcr Rollst\u00fchle werden meist auf Treppen und Schwellen, an Terrassent\u00fcren und Balkonausg\u00e4ngen, an Bordsteinen oder am Duscheingang, aber auch an Eing\u00e4ngen f\u00fcr Autos und Busse verwendet.<\/p>\n<p>Man unterscheidet zwei Varianten von Rollstuhlrampen, einerseits die Fl\u00e4chenrampen und andererseits die Schienenrampen. Die Oberfl\u00e4chenrampen sind normalerweise an einer Stelle befestigt. Da sie breiter und viel stabiler sind, eignen sie sich auch viel besser f\u00fcr die station\u00e4re Installation. Die Schienenrampen sind ideal zum Reisen. Die Schienenrampen bestehen aus zwei Schienen aus Aluminium, die parallel zueinander ausgerichtet sind. Sie haben einen kleinen St\u00e4nder an der Seite und eine sehr rutschfeste Oberfl\u00e4che. Da sie nur sehr leicht sind, k\u00f6nnen sie ohne gr\u00f6\u00dfere Probleme hin und her transportiert werden, und Montage und Demontage sind ein Kinderspiel, das ohne gr\u00f6\u00dfere Probleme durchgef\u00fchrt werden kann<\/p>[\/et_pb_text][\/et_pb_column][\/et_pb_row][\/et_pb_section][et_pb_section fb_built=&#8220;1&#8243; admin_label=&#8220;Tekstgebied grijs&#8220; _builder_version=&#8220;4.27.2&#8243; _module_preset=&#8220;default&#8220; background_color=&#8220;#EFEFEF&#8220; custom_padding=&#8220;40px||20px||false|false&#8220; bottom_divider_style=&#8220;curve&#8220; bottom_divider_color=&#8220;#FFFFFF&#8220; bottom_divider_height=&#8220;40px&#8220; locked=&#8220;off&#8220; global_colors_info=&#8220;{}&#8220;][et_pb_row column_structure=&#8220;1_2,1_2&#8243; _builder_version=&#8220;4.27.3&#8243; _module_preset=&#8220;default&#8220; custom_margin=&#8220;||||false|false&#8220; custom_padding=&#8220;80px||80px||false|false&#8220; global_colors_info=&#8220;{}&#8220;][et_pb_column type=&#8220;1_2&#8243; _builder_version=&#8220;4.19.0&#8243; _module_preset=&#8220;default&#8220; global_colors_info=&#8220;{}&#8220;][et_pb_text admin_label=&#8220;Title&#8220; _builder_version=&#8220;4.27.3&#8243; _module_preset=&#8220;6918ccfd-f835-474b-ac79-6df21dcefccd&#8220; custom_margin=&#8220;||40px||false|false&#8220; animation_direction=&#8220;bottom&#8220; animation_duration=&#8220;500ms&#8220; animation_intensity_slide=&#8220;10%&#8220; locked=&#8220;off&#8220; global_colors_info=&#8220;{}&#8220;]<h2>Auffahrrampen<\/h2>[\/et_pb_text][et_pb_text admin_label=&#8220;Tekst&#8220; _builder_version=&#8220;4.27.3&#8243; _module_preset=&#8220;8a3199e1-372f-4ef8-80ec-1609f2846847&#8243; custom_margin=&#8220;||||false|false&#8220; animation_direction=&#8220;bottom&#8220; locked=&#8220;off&#8220; global_colors_info=&#8220;{}&#8220;]<p>Die Rampenroller oder Rampenroller werden verwendet, um einen Roller oder einen Elektrorollstuhl in ein Auto oder einen Bus zu laden. Die Rampen haben eine hohe maximale Tragf\u00e4higkeit von 300 Kilogramm. Dies bedeutet, dass Sie diese Rampen immer benutzen k\u00f6nnen, auch wenn sich noch jemand im Roller oder Elektrorollstuhl befindet. Da die Ramp-Scooter immer eine rutschfeste Deckschicht haben, gibt es immer maximalen Grip bei der Verwendung dieser Scooter-Rampe. Dies erm\u00f6glicht ein sicheres Be- und Entladen eines Mobilit\u00e4tsrollers oder Elektrorollstuhls, auch wenn es geregnet hat und die Rampen nass geworden sind.<\/p>\n<p>Dar\u00fcber hinaus hat diese Rampe f\u00fcr Motorroller an beiden Seiten der Rampe erh\u00f6hte Kanten, um zu gew\u00e4hrleisten, dass Sie nicht versehentlich von den Rampen abfahren k\u00f6nnen. Diese Rampe f\u00fcr einen Mobilit\u00e4tsroller l\u00e4sst sich schnell und einfach zusammenklappen, sodass Sie die Rampe zum Beispiel im Kofferraum Ihres Autos leicht und platzsparend transportieren k\u00f6nnen.<\/p>[\/et_pb_text][\/et_pb_column][et_pb_column type=&#8220;1_2&#8243; _builder_version=&#8220;4.19.0&#8243; _module_preset=&#8220;default&#8220; global_colors_info=&#8220;{}&#8220;][et_pb_text admin_label=&#8220;Title&#8220; _builder_version=&#8220;4.27.3&#8243; _module_preset=&#8220;6918ccfd-f835-474b-ac79-6df21dcefccd&#8220; custom_margin=&#8220;||40px||false|false&#8220; animation_direction=&#8220;bottom&#8220; animation_duration=&#8220;500ms&#8220; animation_intensity_slide=&#8220;10%&#8220; locked=&#8220;off&#8220; global_colors_info=&#8220;{}&#8220;]<h2>Auffahrampen Mobility Scooter<\/h2>[\/et_pb_text][et_pb_text admin_label=&#8220;Tekst&#8220; _builder_version=&#8220;4.27.3&#8243; _module_preset=&#8220;8a3199e1-372f-4ef8-80ec-1609f2846847&#8243; custom_margin=&#8220;||||false|false&#8220; animation_direction=&#8220;bottom&#8220; locked=&#8220;off&#8220; global_colors_info=&#8220;{}&#8220;]<p>Die Rampen haben eine L\u00e4nge von 220 cm, so dass Sie Hindernisse von bis zu 66 cm \u00fcberbr\u00fccken k\u00f6nnen! Der leicht gew\u00f6lbte Fu\u00df des Rollmobils sorgt daf\u00fcr, dass die Rampe leicht betreten werden kann.<\/p>\n<p>Die Rampen bestehen aus leichtem Aluminium, was bedeutet, dass jede Rampe nur 9 kg wiegt. Die Rampen sind somit beim Aufstellen oder Lagern der Rampen einfacher zu handhaben!<br \/>Die Road Plate oder der Mobility Scooter werden in der Regel direkt ab Lager geliefert.<\/p>\n<p>In den meisten F\u00e4llen erfolgt die Lieferung also am n\u00e4chsten Tag! <br \/>Wir halten Sie w\u00e4hrend des Transports ausreichend auf dem Laufenden.<\/p>[\/et_pb_text][\/et_pb_column][\/et_pb_row][\/et_pb_section][et_pb_section fb_built=&#8220;1&#8243; admin_label=&#8220;Tekstgebied wit&#8220; _builder_version=&#8220;4.27.3&#8243; _module_preset=&#8220;default&#8220; background_color=&#8220;#FFFFFF&#8220; custom_padding=&#8220;20px||20px||false|false&#8220; bottom_divider_style=&#8220;curve&#8220; bottom_divider_color=&#8220;#EFEFEF&#8220; bottom_divider_height=&#8220;40px&#8220; locked=&#8220;off&#8220; global_colors_info=&#8220;{}&#8220;][et_pb_row column_structure=&#8220;1_2,1_2&#8243; _builder_version=&#8220;4.27.3&#8243; _module_preset=&#8220;default&#8220; custom_margin=&#8220;||||false|false&#8220; custom_padding=&#8220;40px||80px||false|false&#8220; locked=&#8220;off&#8220; global_colors_info=&#8220;{}&#8220;][et_pb_column type=&#8220;1_2&#8243; _builder_version=&#8220;4.19.0&#8243; _module_preset=&#8220;default&#8220; global_colors_info=&#8220;{}&#8220;][et_pb_text admin_label=&#8220;Title&#8220; _builder_version=&#8220;4.27.3&#8243; _module_preset=&#8220;6918ccfd-f835-474b-ac79-6df21dcefccd&#8220; custom_margin=&#8220;||40px||false|false&#8220; animation_direction=&#8220;bottom&#8220; animation_duration=&#8220;500ms&#8220; animation_intensity_slide=&#8220;10%&#8220; locked=&#8220;off&#8220; global_colors_info=&#8220;{}&#8220;]<h2>Auffahrrampen f\u00fcr Rollst\u00fchle<\/h2>[\/et_pb_text][et_pb_text admin_label=&#8220;Tekst&#8220; _builder_version=&#8220;4.27.3&#8243; _module_preset=&#8220;8a3199e1-372f-4ef8-80ec-1609f2846847&#8243; custom_margin=&#8220;||0px||false|false&#8220; animation_direction=&#8220;bottom&#8220; locked=&#8220;off&#8220; global_colors_info=&#8220;{}&#8220;]<p>Wenn Sie Ihre Rampen \u00fcberall hin mitnehmen m\u00f6chten, ist es \u00e4rgerlich, wenn die Hilfsmittel schwer sind. Besonders f\u00fcr Benutzer, die ihre Rollstuhlrampen \u00fcberall hin mitnehmen m\u00f6chten, sind die Rampen leicht. Diese Rampen bestehen aus einer extra leichten Kohlefaser, was bedeutet, dass die Rampen sehr wenig wiegen. Aufgrund des geringen Gewichts der Rampen k\u00f6nnen Sie die leichtgewichtigen Rampenrollst\u00fchle \u00fcberall hin mitnehmen. Dar\u00fcber hinaus sind die Rampen immer mit einer rutschfesten Deckschicht versehen, so dass Sie die Rampen auch bei Regen sicher benutzen k\u00f6nnen. Optional k\u00f6nnen Sie eine Tasche mit Ihrer Rampe bestellen, mit der Sie die Rampe an der R\u00fcckseite Ihres Rollstuhls befestigen k\u00f6nnen.<\/p>[\/et_pb_text][\/et_pb_column][et_pb_column type=&#8220;1_2&#8243; _builder_version=&#8220;4.19.0&#8243; _module_preset=&#8220;default&#8220; global_colors_info=&#8220;{}&#8220;][et_pb_text admin_label=&#8220;Title&#8220; _builder_version=&#8220;4.27.3&#8243; _module_preset=&#8220;6918ccfd-f835-474b-ac79-6df21dcefccd&#8220; custom_margin=&#8220;||40px||false|false&#8220; animation_direction=&#8220;bottom&#8220; animation_duration=&#8220;500ms&#8220; animation_intensity_slide=&#8220;10%&#8220; locked=&#8220;off&#8220; global_colors_info=&#8220;{}&#8220;]<h2>Rollstuhlrampe<\/h2>[\/et_pb_text][et_pb_text admin_label=&#8220;Tekst&#8220; _builder_version=&#8220;4.27.3&#8243; _module_preset=&#8220;8a3199e1-372f-4ef8-80ec-1609f2846847&#8243; custom_margin=&#8220;||0px||false|false&#8220; animation_direction=&#8220;bottom&#8220; locked=&#8220;off&#8220; global_colors_info=&#8220;{}&#8220;]<p>Wenn Sie Ihre eigene Wohnung f\u00fcr Ihre Bewohner mit eingeschr\u00e4nkter Mobilit\u00e4t barrierefrei und sicher gestalten m\u00f6chten, kann die Rampe f\u00fcr einen Rollstuhl sehr n\u00fctzlich sein und der Umzug in ein Pflegeheim kann um eine bestimmte Zeit verschoben werden. Selbst bei einer sehr schweren Gehbehinderung kann ein unabh\u00e4ngiges und w\u00fcrdevolles Leben gef\u00fchrt werden, wenn es keine T\u00fcrschwellen und keine Stufen oder Stufen mehr gibt. Eine Rollstuhlrampe ist eine praktische Hilfe und kann dieses Problem f\u00fcr einen Rollstuhlfahrer sehr gut l\u00f6sen.<\/p>\n<p>Es gibt zwei verschiedene Varianten von Rollstuhlrampen. Zum einen gibt es die Fl\u00e4chenrampen und zum anderen die Schienenrampen. Der Bau der jeweiligen Rampen f\u00fcr Rollst\u00fchle ist wichtig.<\/p>[\/et_pb_text][\/et_pb_column][\/et_pb_row][\/et_pb_section][et_pb_section fb_built=&#8220;1&#8243; admin_label=&#8220;Tekstgebied grijs&#8220; _builder_version=&#8220;4.27.2&#8243; _module_preset=&#8220;default&#8220; background_color=&#8220;#EFEFEF&#8220; custom_padding=&#8220;40px||20px||false|false&#8220; bottom_divider_style=&#8220;curve&#8220; bottom_divider_color=&#8220;#FFFFFF&#8220; bottom_divider_height=&#8220;40px&#8220; locked=&#8220;off&#8220; global_colors_info=&#8220;{}&#8220;][et_pb_row column_structure=&#8220;1_2,1_2&#8243; _builder_version=&#8220;4.27.3&#8243; _module_preset=&#8220;default&#8220; custom_margin=&#8220;||||false|false&#8220; custom_padding=&#8220;80px||80px||false|false&#8220; global_colors_info=&#8220;{}&#8220;][et_pb_column type=&#8220;1_2&#8243; _builder_version=&#8220;4.19.0&#8243; _module_preset=&#8220;default&#8220; global_colors_info=&#8220;{}&#8220;][et_pb_text admin_label=&#8220;Tekst&#8220; _builder_version=&#8220;4.27.3&#8243; _module_preset=&#8220;8a3199e1-372f-4ef8-80ec-1609f2846847&#8243; custom_margin=&#8220;||||false|false&#8220; animation_direction=&#8220;bottom&#8220; locked=&#8220;off&#8220; global_colors_info=&#8220;{}&#8220;]<p>Eine <strong>Oberfl\u00e4chenrampe<\/strong> ist eine durchgehende Plattform, die breit und stabil genug ist, um einen Rollstuhl bequem auf und ab zu bewegen. Diese Varianten halten viel Gewicht aus und eignen sich sehr gut f\u00fcr alle Arten von Gehhilfen.<\/p>\n<p>Die <strong>Schienenrampen<\/strong> haben zwei schmale Schienen, die genau auf die R\u00e4der des Rollstuhls abgestimmt sind. Die genaue Platzierung der Rollst\u00fchle ist etwas schwierig, aber diese Varianten haben ein geringeres Gewicht. Sie sind jedoch nur f\u00fcr Rollst\u00fchle geeignet.<\/p>\n<p>Eine Rampe f\u00fcr Rollst\u00fchle erm\u00f6glicht es Rollstuhlfahrern, Geb\u00e4udeeing\u00e4nge, Treppen und sogar Bordsteine einfach und bequem zu betreten und zu verlassen. Es gibt die festen Rampen f\u00fcr Rollst\u00fchle und die mobilen Rampen.<\/p>\n<p>Eine Rampe f\u00fcr den Rollstuhl, die dauerhaft in einer Mietwohnung installiert werden soll, bedarf der Genehmigung. Wenn dies beim Auszug wieder entfernt wird, sollte dies kein Problem darstellen. Diese Rampen werden nur mit wenigen Schrauben im Boden installiert.<\/p>\n<p>Eine <strong>feste Oberfl\u00e4chenrampe<\/strong> macht Ihre Umgebung barrierefrei und erleichtert Ihnen das Leben auf positive Weise. Die meisten Eing\u00e4nge zum Haus, zur Wohnung oder zu den einzelnen Gesch\u00e4ften sind sehr oft durch Treppen und unebene Wege blockiert. Hierf\u00fcr gibt es eine dauerhafte und praktische L\u00f6sung. Die Oberfl\u00e4chenrampen sind aufgrund ihrer durchgehenden Oberfl\u00e4che ideal f\u00fcr Rollst\u00fchle und Rollatoren geeignet. Bei einer Bereichsrampe gibt es immer eine seitliche Zugangsoption, um es Rollstuhlfahrern zu erleichtern. Die Preise f\u00fcr eine solche t\u00e4gliche Hilfe sind ebenfalls sehr erschwinglich.<\/p>\n<p><strong>Starre Schienenrampen<\/strong> haben dagegen den gro\u00dfen Vorteil, dass sie leichter sind. Aus diesem Grund werden sie nicht station\u00e4r installiert, sondern nur unterwegs verwendet. Preislich sind die starren Schienenrampen allerdings etwas teurer.<\/p>\n<p>Die <strong>Stufenrampen<\/strong> sind vor einer Treppe oder einem B\u00fcrgersteig im Boden befestigt und bilden eine schr\u00e4ge Ebene. Sie sind nicht sehr geeignet, wenn mehrere Stufen zu \u00fcberwinden sind. Preislich \u00e4hneln sie den starren Schienenrampen.<\/p>\n<p>Eine <strong>mobile Rampe<\/strong> f\u00fcr einen Rollstuhl ist sehr gut f\u00fcr den station\u00e4ren Gebrauch geeignet und somit eine praktische und bequeme Hilfe f\u00fcr zu Hause und auch f\u00fcr unterwegs. Eine Rampe f\u00fcr den Rollstuhl wird das Leben viel einfacher und besser machen.<\/p>[\/et_pb_text][\/et_pb_column][et_pb_column type=&#8220;1_2&#8243; _builder_version=&#8220;4.19.0&#8243; _module_preset=&#8220;default&#8220; global_colors_info=&#8220;{}&#8220;][et_pb_text admin_label=&#8220;Tekst&#8220; _builder_version=&#8220;4.27.3&#8243; _module_preset=&#8220;8a3199e1-372f-4ef8-80ec-1609f2846847&#8243; custom_margin=&#8220;||||false|false&#8220; animation_direction=&#8220;bottom&#8220; locked=&#8220;off&#8220; global_colors_info=&#8220;{}&#8220;]<h5>Die Vorteile von Aluminiumrampen<\/h5>\n<p>Zugangsrampen aus Aluminium sind praktisch, da sie in vielen Bereichen von gro\u00dfem Vorteil sind. Besonders wenn Sie jemanden mit einem Rollstuhl be- und entladen m\u00fcssen, k\u00f6nnen Rampen aus Aluminiumgold wertvoll sein und Ihnen viel Arbeit ersparen. Diese speziellen Rampen lassen sich in der Regel leicht zusammenfalten und somit problemlos verstauen.<\/p>\n<p>&nbsp;<\/p>[\/et_pb_text][et_pb_text admin_label=&#8220;Tekst&#8220; _builder_version=&#8220;4.27.3&#8243; _module_preset=&#8220;8a3199e1-372f-4ef8-80ec-1609f2846847&#8243; custom_margin=&#8220;||||false|false&#8220; animation_direction=&#8220;bottom&#8220; locked=&#8220;off&#8220; global_colors_info=&#8220;{}&#8220;]<h5>Zugangsrampen aus Aluminium sind vielseitig einsetzbar<\/h5>\n<p>Aluminiumrampen haben ein breites Anwendungsspektrum und werden nicht nur f\u00fcr Rollst\u00fchle verwendet, sondern k\u00f6nnen auch f\u00fcr Rollatoren, Krankenhausbetten oder andere Fahrgestelle verwendet werden. Sie sind nicht nur zum Be- und Entladen aller Fahrgestelle im Fahrzeug von Vorteil, unabh\u00e4ngig davon, welchen Schritt oder welches Hindernis Sie in Ihrem Alltag \u00fcberwinden m\u00fcssen. Zugangsrampen aus Aluminium bieten aufgrund ihrer leichten Konstruktion viel Komfort und sind vielseitig einsetzbar alles was R\u00e4der hat.<\/p>\n<p>&nbsp;<\/p>[\/et_pb_text][et_pb_text admin_label=&#8220;Tekst&#8220; _builder_version=&#8220;4.27.3&#8243; _module_preset=&#8220;8a3199e1-372f-4ef8-80ec-1609f2846847&#8243; custom_margin=&#8220;||||false|false&#8220; animation_direction=&#8220;bottom&#8220; locked=&#8220;off&#8220; global_colors_info=&#8220;{}&#8220;]<h5>Was sind die Eigenschaften von Aluminiumrampen?<\/h5>\n<p>Aluminium ist eines der unedlen Metalle und kommt nicht als reine Form vor, sondern nur in Verbindung mit der Natur. Genauer gesagt besteht Aluminium aus 0,5% Silizium, 1% Magnesium und 4% Kupfer. Mineralien mit Aluminiumgehalt machen etwa 8% unserer Erde aus, und obwohl sie tats\u00e4chlich zum Tontyp geh\u00f6ren, wird sie in fast allen Gebieten als Erz verwendet, da es unglaublich m\u00fchsam ist, sie aus dem Ton zu gewinnen.<\/p>\n<p>Dieses Material ist seit \u00fcber einem Jahrhundert erh\u00e4ltlich und es ist schwer, an unsere Welt zu denken. Eines der gro\u00dfartigen Dinge an Aluminium ist, dass es zu 100% recycelbar ist. Aber nicht nur das, Aluminium ist sehr beliebt, weil es robust, stabil und rostfrei ist.<\/p>\n<p>Abgesehen davon ist es ein Material, das kaum Gewicht hat, weshalb es leicht zu transportieren und zu verstauen ist.<\/p>[\/et_pb_text][\/et_pb_column][\/et_pb_row][\/et_pb_section][et_pb_section fb_built=&#8220;1&#8243; admin_label=&#8220;Tekstgebied wit&#8220; _builder_version=&#8220;4.27.3&#8243; _module_preset=&#8220;default&#8220; background_color=&#8220;#FFFFFF&#8220; custom_padding=&#8220;20px||20px||false|false&#8220; bottom_divider_style=&#8220;curve&#8220; bottom_divider_color=&#8220;#EFEFEF&#8220; bottom_divider_height=&#8220;40px&#8220; locked=&#8220;off&#8220; global_colors_info=&#8220;{}&#8220;][et_pb_row column_structure=&#8220;1_2,1_2&#8243; _builder_version=&#8220;4.27.3&#8243; _module_preset=&#8220;default&#8220; custom_margin=&#8220;||||false|false&#8220; custom_padding=&#8220;40px||80px||false|false&#8220; locked=&#8220;off&#8220; global_colors_info=&#8220;{}&#8220;][et_pb_column type=&#8220;1_2&#8243; _builder_version=&#8220;4.19.0&#8243; _module_preset=&#8220;default&#8220; global_colors_info=&#8220;{}&#8220;][et_pb_text admin_label=&#8220;Title&#8220; _builder_version=&#8220;4.27.3&#8243; _module_preset=&#8220;6918ccfd-f835-474b-ac79-6df21dcefccd&#8220; custom_margin=&#8220;||40px||false|false&#8220; animation_direction=&#8220;bottom&#8220; animation_duration=&#8220;500ms&#8220; animation_intensity_slide=&#8220;10%&#8220; locked=&#8220;off&#8220; global_colors_info=&#8220;{}&#8220;]<h2>Zugangsrampen aus \u2013 Aluminiuml\u00e4nge und Traggewicht<\/h2>[\/et_pb_text][et_pb_text admin_label=&#8220;Tekst&#8220; _builder_version=&#8220;4.27.3&#8243; _module_preset=&#8220;8a3199e1-372f-4ef8-80ec-1609f2846847&#8243; custom_margin=&#8220;||0px||false|false&#8220; animation_direction=&#8220;bottom&#8220; locked=&#8220;off&#8220; global_colors_info=&#8220;{}&#8220;]<p>Bevor Sie sich f\u00fcr ein Modell entscheiden, ist es immer wichtig, das Gewicht zu kennen, f\u00fcr das Sie die Zugangsrampe ben\u00f6tigen. Wenn sie zu niedrig ist, kann sie brechen und somit zu Unf\u00e4llen f\u00fchren. Um dies zu vermeiden, sollten Sie daher auf das maximale Traggewicht der Rampen achten und eine ausw\u00e4hlen, die alle Ihre Anforderungen sicher erf\u00fcllt. Es gibt auch ein paar Dinge zu beachten, wenn es um die L\u00e4nge geht, daher gibt es Richtlinien, die insbesondere f\u00fcr behinderte Menschen befolgt werden m\u00fcssen, um einen sicheren Auf- und Abstieg zu gew\u00e4hrleisten.<\/p>[\/et_pb_text][\/et_pb_column][et_pb_column type=&#8220;1_2&#8243; _builder_version=&#8220;4.19.0&#8243; _module_preset=&#8220;default&#8220; global_colors_info=&#8220;{}&#8220;][et_pb_text admin_label=&#8220;Title&#8220; _builder_version=&#8220;4.27.3&#8243; _module_preset=&#8220;6918ccfd-f835-474b-ac79-6df21dcefccd&#8220; custom_margin=&#8220;||40px||false|false&#8220; animation_direction=&#8220;bottom&#8220; animation_duration=&#8220;500ms&#8220; animation_intensity_slide=&#8220;10%&#8220; locked=&#8220;off&#8220; global_colors_info=&#8220;{}&#8220;]<h2>Richtlinien f\u00fcr die Steigungstabelle in der \u00dcbersicht<\/h2>[\/et_pb_text][et_pb_text admin_label=&#8220;Tekst&#8220; _builder_version=&#8220;4.27.3&#8243; _module_preset=&#8220;8a3199e1-372f-4ef8-80ec-1609f2846847&#8243; custom_margin=&#8220;||0px||false|false&#8220; animation_direction=&#8220;bottom&#8220; locked=&#8220;off&#8220; global_colors_info=&#8220;{}&#8220;]<ul>\n<li>Behinderte \u2013 d\u00fcrfen ein Gef\u00e4lle von 17% nicht \u00fcberschreiten.<\/li>\n<li>Leistungsstarker Selbstfahrer \u2013 darf eine Steigung von 10% nicht \u00fcberschreiten<\/li>\n<li>Personen, die den Rollator selbst schieben, d\u00fcrfen ein Gef\u00e4lle von 12% nicht \u00fcberschreiten.<\/li>\n<li>Elektrorollst\u00fchle \u2013 eine Steigung von 20% ist zul\u00e4ssig<\/li>\n<\/ul>\n<p>Sie sollten auch eine Zugangsrampe w\u00e4hlen, die breit genug ist und bei Bedarf eine Seitenkante f\u00fcr zus\u00e4tzliche Sicherheit aufweist.<\/p>[\/et_pb_text][\/et_pb_column][\/et_pb_row][\/et_pb_section]\n","protected":false},"excerpt":{"rendered":"<p>Sehr hochwertigen Materialien<\/p>\n","protected":false},"author":1,"featured_media":9422,"parent":0,"menu_order":1003,"comment_status":"closed","ping_status":"closed","template":"","meta":{"_et_pb_use_builder":"on","_et_pb_old_content":"","_et_gb_content_width":"","footnotes":""},"class_list":["post-10065","page","type-page","status-publish","has-post-thumbnail","hentry"],"aioseo_notices":[],"_links":{"self":[{"href":"https:\/\/www.mobility4all.eu\/de\/wp-json\/wp\/v2\/pages\/10065","targetHints":{"allow":["GET"]}}],"collection":[{"href":"https:\/\/www.mobility4all.eu\/de\/wp-json\/wp\/v2\/pages"}],"about":[{"href":"https:\/\/www.mobility4all.eu\/de\/wp-json\/wp\/v2\/types\/page"}],"author":[{"embeddable":true,"href":"https:\/\/www.mobility4all.eu\/de\/wp-json\/wp\/v2\/users\/1"}],"replies":[{"embeddable":true,"href":"https:\/\/www.mobility4all.eu\/de\/wp-json\/wp\/v2\/comments?post=10065"}],"version-history":[{"count":7,"href":"https:\/\/www.mobility4all.eu\/de\/wp-json\/wp\/v2\/pages\/10065\/revisions"}],"predecessor-version":[{"id":10188,"href":"https:\/\/www.mobility4all.eu\/de\/wp-json\/wp\/v2\/pages\/10065\/revisions\/10188"}],"wp:featuredmedia":[{"embeddable":true,"href":"https:\/\/www.mobility4all.eu\/de\/wp-json\/wp\/v2\/media\/9422"}],"wp:attachment":[{"href":"https:\/\/www.mobility4all.eu\/de\/wp-json\/wp\/v2\/media?parent=10065"}],"curies":[{"name":"wp","href":"https:\/\/api.w.org\/{rel}","templated":true}]}}