{"id":10074,"date":"2024-11-22T14:45:42","date_gmt":"2024-11-22T13:45:42","guid":{"rendered":"https:\/\/www.mobility4all.eu\/de\/?page_id=10074"},"modified":"2024-12-11T22:18:34","modified_gmt":"2024-12-11T21:18:34","slug":"rollstuhlgerechtes-auto","status":"publish","type":"page","link":"https:\/\/www.mobility4all.eu\/de\/rollstuhlgerechtes-auto\/","title":{"rendered":"Rollstuhlgerechtes Auto"},"content":{"rendered":"[et_pb_section fb_built=&#8220;1&#8243; admin_label=&#8220;Tekstgebied wit&#8220; _builder_version=&#8220;4.27.3&#8243; _module_preset=&#8220;default&#8220; background_color=&#8220;#FFFFFF&#8220; custom_padding=&#8220;20px||20px||false|false&#8220; bottom_divider_style=&#8220;curve&#8220; bottom_divider_color=&#8220;#EFEFEF&#8220; bottom_divider_height=&#8220;40px&#8220; locked=&#8220;off&#8220; global_colors_info=&#8220;{}&#8220;][et_pb_row column_structure=&#8220;1_2,1_2&#8243; _builder_version=&#8220;4.27.3&#8243; _module_preset=&#8220;default&#8220; custom_margin=&#8220;||||false|false&#8220; custom_padding=&#8220;80px||80px||false|false&#8220; locked=&#8220;off&#8220; global_colors_info=&#8220;{}&#8220;][et_pb_column type=&#8220;1_2&#8243; _builder_version=&#8220;4.19.0&#8243; _module_preset=&#8220;default&#8220; global_colors_info=&#8220;{}&#8220;][et_pb_text admin_label=&#8220;Tekst&#8220; _builder_version=&#8220;4.27.4&#8243; _module_preset=&#8220;8a3199e1-372f-4ef8-80ec-1609f2846847&#8243; custom_margin=&#8220;||0px||false|false&#8220; animation_direction=&#8220;bottom&#8220; hover_enabled=&#8220;0&#8243; locked=&#8220;off&#8220; global_colors_info=&#8220;{}&#8220; sticky_enabled=&#8220;0&#8243;]\n<h2>Rollstuhlgerechtes Auto kaufen<\/h2>\n<p><span style=\"vertical-align: inherit;\"><span style=\"vertical-align: inherit;\"><\/span><\/span><\/p>\n<p>Menschen mit einer k\u00f6rperlichen Behinderung haben oft nicht die M\u00f6glichkeit, sich bequem und unabh\u00e4ngig fortzubewegen, beispielsweise mit einem rollstuhlgerechten Auto. Der Wunsch nach uneingeschr\u00e4nkter Bewegungsfreiheit und Unabh\u00e4ngigkeit ist sehr gro\u00df. Und genau diese Unabh\u00e4ngigkeit w\u00fcnschen sich gehbehinderte Menschen, wenn es um allt\u00e4gliche Dinge wie das Autofahren geht. In der heutigen Gesellschaft ist es jedoch kein gro\u00dfes Problem mehr, diesen Traum von Unabh\u00e4ngigkeit und nat\u00fcrlicher Unabh\u00e4ngigkeit zu verwirklichen. Ein rollstuhlgerechtes Auto ist die L\u00f6sung.<\/p>\n<p>Der Umbau eines Fahrzeugs f\u00fcr einen behinderten Menschen kann individuell gestaltet und sehr gut und genau an die jeweiligen Bed\u00fcrfnisse des Betroffenen angepasst werden, beispielsweise mit Einstiegshilfen wie Rampen f\u00fcr Rollst\u00fchle. Es spielt keine Rolle, um welche Art von Fahrzeug es sich handelt. Ob Kleinwagen, Kleinbus oder sogar ein Wohnmobil, heutzutage ist alles m\u00f6glich und machbar. Mit Hilfe modernster Technik und Elektronik k\u00f6nnen an jedem Fahrzeug individuell f\u00fcr den Benutzer behindertengerechte Umbauten mit Rollstuhlrampen oder -liften vorgenommen werden.<\/p>\n<p>F\u00fcr einen Rollstuhlfahrer ist ein behindertengerechtes Fahrzeug oft die einzige M\u00f6glichkeit, selbstst\u00e4ndig mobil zu sein. Selbst in l\u00e4ndlichen Gebieten, in denen \u00f6ffentliche Verkehrsmittel nicht so h\u00e4ufig verkehren, kann der Weg zur Arbeit, zum Einkaufen oder zum Arzt eine gro\u00dfe Herausforderung darstellen. Mit einem behindertengerechten Fahrzeug haben Sie jedoch die Freiheit, unabh\u00e4ngig zu leben und k\u00f6nnen \u00fcber die eingebaute Rampe oder einen Aufzug auch mit Ihrem Rollstuhl im eigenen Auto reisen.<\/p>\n[\/et_pb_text][\/et_pb_column][et_pb_column type=&#8220;1_2&#8243; _builder_version=&#8220;4.19.0&#8243; _module_preset=&#8220;default&#8220; global_colors_info=&#8220;{}&#8220;][et_pb_text admin_label=&#8220;Tekst&#8220; _builder_version=&#8220;4.27.4&#8243; _module_preset=&#8220;8a3199e1-372f-4ef8-80ec-1609f2846847&#8243; custom_margin=&#8220;||0px||false|false&#8220; animation_direction=&#8220;bottom&#8220; hover_enabled=&#8220;0&#8243; locked=&#8220;off&#8220; global_colors_info=&#8220;{}&#8220; header_3_font_size=&#8220;32px&#8220; sticky_enabled=&#8220;0&#8243;]\n<h3>Auto Rollstuhlgerecht bei Mobility4all seit 1959<\/h3>\n<p>Egal ob Sie einen Lenkradassistenten, einen kompletten Fahrzeugumbau, eine Rampe oder einen Lift ben\u00f6tigen, dem Fahrkomfort von behindertengerechten Fahrzeugen sind keine Grenzen gesetzt. Auch Menschen mit eingeschr\u00e4nkter Gesundheit k\u00f6nnen nun mit einem rollstuhlgerechten Auto unabh\u00e4ngig sein und das Leben genie\u00dfen.<\/p>\n<p>Der Kauf eines rollstuhlgerechten Fahrzeugs ist in der Regel teurer als der Kauf eines Fahrzeugs f\u00fcr Normalverbraucher. Es besteht jedoch auch die M\u00f6glichkeit, einen rollstuhlgerechten Gebrauchtwagen zu einem g\u00fcnstigen Preis zu kaufen. Wenn Sie ein solches rollstuhlgerechtes Auto nur hin und wieder ben\u00f6tigen, zum Beispiel f\u00fcr Arzttermine oder Eink\u00e4ufe am Wochenende, haben Sie die M\u00f6glichkeit, ein rollstuhlgerechtes Auto zu mieten.<\/p>\n<p>Bei Bedarf k\u00f6nnen Sie auch einen Zuschuss f\u00fcr den Umstieg auf ein behindertengerechtes Auto oder den Kauf eines neuen Autos beantragen. Auch beim Kauf eines neuen behindertengerechten Fahrzeugs erhalten Sie einen Rabatt von 15 bis 36 Prozent. Das hat der Bund behinderter Autobesitzer (BbAB e.V.) bereits vor Jahren beschlossen. Selbstverst\u00e4ndlich m\u00fcssen hierf\u00fcr die Voraussetzungen erf\u00fcllt sein, etwa ein Schwerbehindertenausweis vorliegen und der Fahrzeugschein muss auf den behinderten Fahrer ausgestellt sein.<\/p>\n[\/et_pb_text][\/et_pb_column][\/et_pb_row][\/et_pb_section]\n","protected":false},"excerpt":{"rendered":"<p>[et_pb_section fb_built=&#8220;1&#8243; admin_label=&#8220;Tekstgebied wit&#8220; _builder_version=&#8220;4.27.3&#8243; _module_preset=&#8220;default&#8220; background_color=&#8220;#FFFFFF&#8220; custom_padding=&#8220;20px||20px||false|false&#8220; bottom_divider_style=&#8220;curve&#8220; bottom_divider_color=&#8220;#EFEFEF&#8220; bottom_divider_height=&#8220;40px&#8220; locked=&#8220;off&#8220; global_colors_info=&#8220;{}&#8220;][et_pb_row column_structure=&#8220;1_2,1_2&#8243; _builder_version=&#8220;4.27.3&#8243; _module_preset=&#8220;default&#8220; custom_margin=&#8220;||||false|false&#8220; custom_padding=&#8220;80px||80px||false|false&#8220; locked=&#8220;off&#8220; global_colors_info=&#8220;{}&#8220;][et_pb_column type=&#8220;1_2&#8243; _builder_version=&#8220;4.19.0&#8243; _module_preset=&#8220;default&#8220; global_colors_info=&#8220;{}&#8220;][et_pb_text admin_label=&#8220;Tekst&#8220; _builder_version=&#8220;4.27.4&#8243; _module_preset=&#8220;8a3199e1-372f-4ef8-80ec-1609f2846847&#8243; custom_margin=&#8220;||0px||false|false&#8220; animation_direction=&#8220;bottom&#8220; hover_enabled=&#8220;0&#8243; locked=&#8220;off&#8220; global_colors_info=&#8220;{}&#8220; sticky_enabled=&#8220;0&#8243;] Rollstuhlgerechtes Auto kaufen Menschen mit einer k\u00f6rperlichen Behinderung haben oft nicht die M\u00f6glichkeit, sich bequem und unabh\u00e4ngig fortzubewegen, beispielsweise mit einem rollstuhlgerechten [&hellip;]<\/p>\n","protected":false},"author":1,"featured_media":1424,"parent":0,"menu_order":1004,"comment_status":"closed","ping_status":"closed","template":"","meta":{"_et_pb_use_builder":"on","_et_pb_old_content":"","_et_gb_content_width":"","footnotes":""},"class_list":["post-10074","page","type-page","status-publish","has-post-thumbnail","hentry"],"aioseo_notices":[],"_links":{"self":[{"href":"https:\/\/www.mobility4all.eu\/de\/wp-json\/wp\/v2\/pages\/10074","targetHints":{"allow":["GET"]}}],"collection":[{"href":"https:\/\/www.mobility4all.eu\/de\/wp-json\/wp\/v2\/pages"}],"about":[{"href":"https:\/\/www.mobility4all.eu\/de\/wp-json\/wp\/v2\/types\/page"}],"author":[{"embeddable":true,"href":"https:\/\/www.mobility4all.eu\/de\/wp-json\/wp\/v2\/users\/1"}],"replies":[{"embeddable":true,"href":"https:\/\/www.mobility4all.eu\/de\/wp-json\/wp\/v2\/comments?post=10074"}],"version-history":[{"count":12,"href":"https:\/\/www.mobility4all.eu\/de\/wp-json\/wp\/v2\/pages\/10074\/revisions"}],"predecessor-version":[{"id":10216,"href":"https:\/\/www.mobility4all.eu\/de\/wp-json\/wp\/v2\/pages\/10074\/revisions\/10216"}],"wp:featuredmedia":[{"embeddable":true,"href":"https:\/\/www.mobility4all.eu\/de\/wp-json\/wp\/v2\/media\/1424"}],"wp:attachment":[{"href":"https:\/\/www.mobility4all.eu\/de\/wp-json\/wp\/v2\/media?parent=10074"}],"curies":[{"name":"wp","href":"https:\/\/api.w.org\/{rel}","templated":true}]}}