{"id":10078,"date":"2024-11-22T15:03:27","date_gmt":"2024-11-22T14:03:27","guid":{"rendered":"https:\/\/www.mobility4all.eu\/de\/?page_id=10078"},"modified":"2024-12-09T14:38:32","modified_gmt":"2024-12-09T13:38:32","slug":"wo-werden-fahrtragen-eingesetzt","status":"publish","type":"page","link":"https:\/\/www.mobility4all.eu\/de\/wo-werden-fahrtragen-eingesetzt\/","title":{"rendered":"Wo werden Fahrtragen eingesetzt?"},"content":{"rendered":"\n[et_pb_section fb_built=&#8220;1&#8243; admin_label=&#8220;Tekstgebied wit&#8220; _builder_version=&#8220;4.27.3&#8243; _module_preset=&#8220;default&#8220; background_color=&#8220;#FFFFFF&#8220; custom_padding=&#8220;20px||20px||false|false&#8220; bottom_divider_style=&#8220;curve&#8220; bottom_divider_color=&#8220;#EFEFEF&#8220; bottom_divider_height=&#8220;40px&#8220; locked=&#8220;off&#8220; global_colors_info=&#8220;{}&#8220;][et_pb_row _builder_version=&#8220;4.27.3&#8243; _module_preset=&#8220;default&#8220; custom_margin=&#8220;||||false|false&#8220; custom_padding=&#8220;80px||80px||false|false&#8220; locked=&#8220;off&#8220; global_colors_info=&#8220;{}&#8220;][et_pb_column type=&#8220;4_4&#8243; _builder_version=&#8220;4.19.0&#8243; _module_preset=&#8220;default&#8220; global_colors_info=&#8220;{}&#8220;][et_pb_text admin_label=&#8220;Title&#8220; _builder_version=&#8220;4.27.3&#8243; _module_preset=&#8220;6918ccfd-f835-474b-ac79-6df21dcefccd&#8220; custom_margin=&#8220;||40px||false|false&#8220; animation_direction=&#8220;bottom&#8220; animation_duration=&#8220;500ms&#8220; animation_intensity_slide=&#8220;10%&#8220; locked=&#8220;off&#8220; global_colors_info=&#8220;{}&#8220;]<h2>Wo werden Fahrtragen eingesetzt?<\/h2>[\/et_pb_text][et_pb_text admin_label=&#8220;Tekst&#8220; _builder_version=&#8220;4.27.3&#8243; _module_preset=&#8220;8a3199e1-372f-4ef8-80ec-1609f2846847&#8243; custom_margin=&#8220;||0px||false|false&#8220; animation_direction=&#8220;bottom&#8220; locked=&#8220;off&#8220; global_colors_info=&#8220;{}&#8220;]<p>Fahrtragen zum horizontalen Transport werden in Pflegebereichen und Rettungsdiensten eingesetzt. Krankentragen werden jedoch auch von taxi Unternehmung oder Transportdiensten verwendet. Wagen werden \u00fcberall dort eingesetzt, wo Menschen Liegen oder im Rollstuhl transportiert werden m\u00fcssen braucht mann auch oft ein <a href=\"https:\/\/www.mobility4all.eu\/de\/systemboden\/\">Systemboden<\/a>. Ohne dieses Transportmittel w\u00e4re es beispielsweise nicht m\u00f6glich, schwerverletzte Personen sicher zu transportieren. Aber auch Menschen mit Behinderungen, die zu einem Arzt oder einem Krankenhaus gefahren werden m\u00fcssen, k\u00f6nnen nicht ohne Tragestuhl transportiert werden. Dieses spezielle Transportmittel Fon Mobility4all-behindertenfahrzeuge garantiert den Transport von Menschen mit gesundheitlichen Problemen oder nach verschiedenen Unf\u00e4llen. Auch schwere Personen k\u00f6nnen problemlos damit transportiert werden, sogar mit <a href=\"https:\/\/www.mobility4all.eu\/de\/auffahrrampen-fur-rollstuhle\/\">Auffahrrampen<\/a>. Die Trage Fon Mobility4all-behindertenfahrzeuge wurde europ\u00e4isch getestet. Und erf\u00fcllt alle Vorschriften f\u00fcr den Transport liegender Personen.<\/p>[\/et_pb_text][\/et_pb_column][\/et_pb_row][\/et_pb_section][et_pb_section fb_built=&#8220;1&#8243; admin_label=&#8220;Tekstgebied grijs&#8220; _builder_version=&#8220;4.27.2&#8243; _module_preset=&#8220;default&#8220; background_color=&#8220;#EFEFEF&#8220; custom_padding=&#8220;40px||20px||false|false&#8220; bottom_divider_style=&#8220;curve&#8220; bottom_divider_color=&#8220;#FFFFFF&#8220; bottom_divider_height=&#8220;40px&#8220; locked=&#8220;off&#8220; global_colors_info=&#8220;{}&#8220;][et_pb_row _builder_version=&#8220;4.27.3&#8243; _module_preset=&#8220;default&#8220; custom_margin=&#8220;||||false|false&#8220; custom_padding=&#8220;80px||80px||false|false&#8220; global_colors_info=&#8220;{}&#8220;][et_pb_column type=&#8220;4_4&#8243; _builder_version=&#8220;4.19.0&#8243; _module_preset=&#8220;default&#8220; global_colors_info=&#8220;{}&#8220;][et_pb_text admin_label=&#8220;Title&#8220; _builder_version=&#8220;4.27.3&#8243; _module_preset=&#8220;6918ccfd-f835-474b-ac79-6df21dcefccd&#8220; custom_margin=&#8220;||40px||false|false&#8220; animation_direction=&#8220;bottom&#8220; animation_duration=&#8220;500ms&#8220; animation_intensity_slide=&#8220;10%&#8220; locked=&#8220;off&#8220; global_colors_info=&#8220;{}&#8220;]<h2>Tr\u00e4ger im Alltag!<\/h2>[\/et_pb_text][et_pb_text admin_label=&#8220;Tekst&#8220; _builder_version=&#8220;4.27.3&#8243; _module_preset=&#8220;8a3199e1-372f-4ef8-80ec-1609f2846847&#8243; custom_margin=&#8220;||||false|false&#8220; animation_direction=&#8220;bottom&#8220; locked=&#8220;off&#8220; global_colors_info=&#8220;{}&#8220;]<p>Schwere Personen k\u00f6nnen mit der Hochleistungsbahre transportiert werden. Die Hochleistungstrage besteht ebenfalls aus speziellem Aluminium. Deshalb ist diese Trage Fon Mobility4all-behindertenfahrzeuge besonders leicht, stabil und belastbar. Die Hochleistungstrage hat eine besonders breite Kontaktfl\u00e4che und bietet daher schweren Menschen ein H\u00f6chstma\u00df an Sicherheit beim Transport im medizinischen Bereich. Alle Transportmittel verf\u00fcgen \u00fcber ein stabiles Rollensystem mit H\u00f6henverstellung f\u00fcr einen sicheren und schnellen Personenverkehr. Es gibt Transporttragen mit speziellen Ger\u00e4ten, die auch von einem Mann getragen werden k\u00f6nnen. Insbesondere bei Krankentransport- und Rettungsdiensten wie der Feuerwehr ist es wichtig, schwerverletzte Personen sicher zum n\u00e4chsten Krankenhaus zu transportieren. Krankentragen sind daf\u00fcr das sicherste Transportmittel. Senioren sind auch sehr dankbar, wenn sie mit dem Personenverkehr sicher und einfach zu ihrem Arzt transportiert werden. Auch Kinder sollen nach Unf\u00e4llen auf einer Trage im Krankenwagen transportiert werden. Es sind spezielle Gurte erh\u00e4ltlich, um zu verhindern, dass die schwerverletzte Person von der Trage rollt und weitere Verletzungen verursacht. Dies bedeutet, dass der Verletzte ordnungsgem\u00e4\u00df auf der Trage gesichert werden kann. Um Sie zur n\u00e4chsten Notaufnahme des Krankenhauses zu bringen. Die Transportbahre wird auch im Bestattungsinstitut verwendet, um den Verstorbenen sicher zum Bestattungsunternehmen zu transportieren und ihn w\u00fcrdevoll auf seine letzte Reise vorzubereiten. Es gibt auch verschiedene Arten von Krankentragen in Krankenh\u00e4usern, um Menschen sicher im Haus herumzutragen. Die Rollbahre ist f\u00fcr alle Patienten geeignet, die nach einer Operation nicht laufen d\u00fcrfen, sondern zu einer Untersuchung im Krankenhaus transportiert werden m\u00fcssen.<\/p>[\/et_pb_text][\/et_pb_column][\/et_pb_row][\/et_pb_section][et_pb_section fb_built=&#8220;1&#8243; admin_label=&#8220;Tekstgebied wit&#8220; _builder_version=&#8220;4.27.3&#8243; _module_preset=&#8220;default&#8220; background_color=&#8220;#FFFFFF&#8220; custom_padding=&#8220;20px||20px||false|false&#8220; bottom_divider_style=&#8220;curve&#8220; bottom_divider_color=&#8220;#EFEFEF&#8220; bottom_divider_height=&#8220;40px&#8220; locked=&#8220;off&#8220; global_colors_info=&#8220;{}&#8220;][et_pb_row _builder_version=&#8220;4.27.3&#8243; _module_preset=&#8220;default&#8220; custom_margin=&#8220;||||false|false&#8220; custom_padding=&#8220;40px||80px||false|false&#8220; locked=&#8220;off&#8220; global_colors_info=&#8220;{}&#8220;][et_pb_column type=&#8220;4_4&#8243; _builder_version=&#8220;4.19.0&#8243; _module_preset=&#8220;default&#8220; global_colors_info=&#8220;{}&#8220;][et_pb_text admin_label=&#8220;Title&#8220; _builder_version=&#8220;4.27.3&#8243; _module_preset=&#8220;6918ccfd-f835-474b-ac79-6df21dcefccd&#8220; custom_margin=&#8220;||40px||false|false&#8220; animation_direction=&#8220;bottom&#8220; animation_duration=&#8220;500ms&#8220; animation_intensity_slide=&#8220;10%&#8220; locked=&#8220;off&#8220; global_colors_info=&#8220;{}&#8220;]<h2>Welche Fahrzeuge d\u00fcrfen ein fahrtrage haben?<\/h2>[\/et_pb_text][et_pb_text admin_label=&#8220;Tekst&#8220; _builder_version=&#8220;4.27.3&#8243; _module_preset=&#8220;8a3199e1-372f-4ef8-80ec-1609f2846847&#8243; custom_margin=&#8220;||0px||false|false&#8220; animation_direction=&#8220;bottom&#8220; locked=&#8220;off&#8220; global_colors_info=&#8220;{}&#8220;]<p>Einfach gesagt, alle Busse.<\/p>\n<p>Mobility4all-behindertenfahrzeuge m\u00f6chte Ihnen gerne einen Vorschlag unterbreiten.<\/p>\n<p>Wenn Sie Menschen mit Behinderungen haben. Oder wenn Sie nach einem Unfall transportieren m\u00f6chten, m\u00fcssen bestimmte gesetzliche Anforderungen erf\u00fcllt sein. Zum Transport von Personen mit eingeschr\u00e4nkter Mobilit\u00e4t d\u00fcrfen nur Kraftfahrzeuge verwendet werden. Krankenwagen und Krankenwagen sind befugt, Personengruppen mit eingeschr\u00e4nkter Mobilit\u00e4t mit fahr \u2013 Transporttragen zu transportieren. Transporttragen werden auch zum Transport von Schwerbehinderten verwendet.<\/p>[\/et_pb_text][\/et_pb_column][\/et_pb_row][\/et_pb_section]\n","protected":false},"excerpt":{"rendered":"<p>Fahrtragen zum horizontalen Transport<\/p>\n","protected":false},"author":1,"featured_media":9353,"parent":0,"menu_order":1005,"comment_status":"closed","ping_status":"closed","template":"","meta":{"_et_pb_use_builder":"on","_et_pb_old_content":"","_et_gb_content_width":"","footnotes":""},"class_list":["post-10078","page","type-page","status-publish","has-post-thumbnail","hentry"],"aioseo_notices":[],"_links":{"self":[{"href":"https:\/\/www.mobility4all.eu\/de\/wp-json\/wp\/v2\/pages\/10078","targetHints":{"allow":["GET"]}}],"collection":[{"href":"https:\/\/www.mobility4all.eu\/de\/wp-json\/wp\/v2\/pages"}],"about":[{"href":"https:\/\/www.mobility4all.eu\/de\/wp-json\/wp\/v2\/types\/page"}],"author":[{"embeddable":true,"href":"https:\/\/www.mobility4all.eu\/de\/wp-json\/wp\/v2\/users\/1"}],"replies":[{"embeddable":true,"href":"https:\/\/www.mobility4all.eu\/de\/wp-json\/wp\/v2\/comments?post=10078"}],"version-history":[{"count":6,"href":"https:\/\/www.mobility4all.eu\/de\/wp-json\/wp\/v2\/pages\/10078\/revisions"}],"predecessor-version":[{"id":10190,"href":"https:\/\/www.mobility4all.eu\/de\/wp-json\/wp\/v2\/pages\/10078\/revisions\/10190"}],"wp:featuredmedia":[{"embeddable":true,"href":"https:\/\/www.mobility4all.eu\/de\/wp-json\/wp\/v2\/media\/9353"}],"wp:attachment":[{"href":"https:\/\/www.mobility4all.eu\/de\/wp-json\/wp\/v2\/media?parent=10078"}],"curies":[{"name":"wp","href":"https:\/\/api.w.org\/{rel}","templated":true}]}}