{"id":10084,"date":"2024-11-22T15:05:45","date_gmt":"2024-11-22T14:05:45","guid":{"rendered":"https:\/\/www.mobility4all.eu\/de\/?page_id=10084"},"modified":"2024-12-09T14:40:22","modified_gmt":"2024-12-09T13:40:22","slug":"behindertengerecht-autos","status":"publish","type":"page","link":"https:\/\/www.mobility4all.eu\/de\/behindertengerecht-autos\/","title":{"rendered":"Behindertengerecht Autos"},"content":{"rendered":"\n[et_pb_section fb_built=&#8220;1&#8243; admin_label=&#8220;Tekstgebied wit&#8220; _builder_version=&#8220;4.27.3&#8243; _module_preset=&#8220;default&#8220; background_color=&#8220;#FFFFFF&#8220; custom_padding=&#8220;20px||20px||false|false&#8220; bottom_divider_style=&#8220;curve&#8220; bottom_divider_color=&#8220;#EFEFEF&#8220; bottom_divider_height=&#8220;40px&#8220; locked=&#8220;off&#8220; global_colors_info=&#8220;{}&#8220; theme_builder_area=&#8220;post_content&#8220;][et_pb_row _builder_version=&#8220;4.27.3&#8243; _module_preset=&#8220;default&#8220; custom_margin=&#8220;||||false|false&#8220; custom_padding=&#8220;80px||80px||false|false&#8220; hover_enabled=&#8220;0&#8243; locked=&#8220;off&#8220; global_colors_info=&#8220;{}&#8220; column_structure=&#8220;1_2,1_2&#8243; theme_builder_area=&#8220;post_content&#8220; sticky_enabled=&#8220;0&#8243;][et_pb_column type=&#8220;1_2&#8243; _builder_version=&#8220;4.19.0&#8243; _module_preset=&#8220;default&#8220; global_colors_info=&#8220;{}&#8220; theme_builder_area=&#8220;post_content&#8220;][et_pb_text admin_label=&#8220;Title&#8220; _builder_version=&#8220;4.27.3&#8243; _module_preset=&#8220;6918ccfd-f835-474b-ac79-6df21dcefccd&#8220; custom_margin=&#8220;||40px||false|false&#8220; animation_direction=&#8220;bottom&#8220; animation_duration=&#8220;500ms&#8220; animation_intensity_slide=&#8220;10%&#8220; locked=&#8220;off&#8220; global_colors_info=&#8220;{}&#8220; theme_builder_area=&#8220;post_content&#8220;]<h2>Behindertengerecht Autos<\/h2>[\/et_pb_text][et_pb_text admin_label=&#8220;Tekst&#8220; _builder_version=&#8220;4.27.3&#8243; _module_preset=&#8220;8a3199e1-372f-4ef8-80ec-1609f2846847&#8243; custom_margin=&#8220;||0px||false|false&#8220; animation_direction=&#8220;bottom&#8220; locked=&#8220;off&#8220; global_colors_info=&#8220;{}&#8220; theme_builder_area=&#8220;post_content&#8220;]<p>Behindertengerecht Autos sind ein Fahrzeuge, mit dem Rollstuhlfahrer transportiert werden.<br \/>Dies ist ein Fahrzeug, das gefahren wird von jemandem ohne Mobilit\u00e4tseinschr\u00e4nkungen.<br \/>kompaktes Rollstuhlauto, mit dem Sie mit insgesamt 6 Personen reisen k\u00f6nnen.<br \/>Die Qualit\u00e4t und die technischen Spezifikationen sind sehr wichtig.<br \/>Mobility4all-behindertenfahrzeuge hat viel Erfahrung mit diesen Fahrzeugen.<br \/>Wir haben immer etwas f\u00fcr sie auf Lager. Auch gebrachtwagen behindertengerecht.<br \/>Mit uns k\u00f6nnen Sie schnell fahren !<\/p>[\/et_pb_text][\/et_pb_column][et_pb_column type=&#8220;1_2&#8243; _builder_version=&#8220;4.19.0&#8243; _module_preset=&#8220;default&#8220; global_colors_info=&#8220;{}&#8220; theme_builder_area=&#8220;post_content&#8220;][et_pb_image src=&#8220;https:\/\/www.mobility4all.eu\/de\/wp-content\/uploads\/2024\/03\/Mobility4All-Over-ons-3303.jpg&#8220; _builder_version=&#8220;4.27.3&#8243; _module_preset=&#8220;default&#8220; theme_builder_area=&#8220;post_content&#8220; alt=&#8220;Mobility4all &#8211; Over ons&#8220; title_text=&#8220;Mobility4all &#8211; Over ons&#8220; hover_enabled=&#8220;0&#8243; sticky_enabled=&#8220;0&#8243;][\/et_pb_image][\/et_pb_column][\/et_pb_row][\/et_pb_section][et_pb_section fb_built=&#8220;1&#8243; admin_label=&#8220;Tekstgebied grijs&#8220; _builder_version=&#8220;4.27.2&#8243; _module_preset=&#8220;default&#8220; background_color=&#8220;#EFEFEF&#8220; custom_padding=&#8220;40px||20px||false|false&#8220; bottom_divider_style=&#8220;curve&#8220; bottom_divider_color=&#8220;#FFFFFF&#8220; bottom_divider_height=&#8220;40px&#8220; locked=&#8220;off&#8220; global_colors_info=&#8220;{}&#8220; theme_builder_area=&#8220;post_content&#8220;][et_pb_row _builder_version=&#8220;4.27.3&#8243; _module_preset=&#8220;default&#8220; custom_margin=&#8220;||||false|false&#8220; custom_padding=&#8220;80px||80px||false|false&#8220; hover_enabled=&#8220;0&#8243; global_colors_info=&#8220;{}&#8220; column_structure=&#8220;1_2,1_2&#8243; theme_builder_area=&#8220;post_content&#8220; sticky_enabled=&#8220;0&#8243;][et_pb_column type=&#8220;1_2&#8243; _builder_version=&#8220;4.19.0&#8243; _module_preset=&#8220;default&#8220; global_colors_info=&#8220;{}&#8220; theme_builder_area=&#8220;post_content&#8220;][et_pb_text admin_label=&#8220;Title&#8220; _builder_version=&#8220;4.27.3&#8243; _module_preset=&#8220;6918ccfd-f835-474b-ac79-6df21dcefccd&#8220; custom_margin=&#8220;||40px||false|false&#8220; animation_direction=&#8220;bottom&#8220; animation_duration=&#8220;500ms&#8220; animation_intensity_slide=&#8220;10%&#8220; hover_enabled=&#8220;0&#8243; locked=&#8220;off&#8220; global_colors_info=&#8220;{}&#8220; theme_builder_area=&#8220;post_content&#8220; sticky_enabled=&#8220;0&#8243;]<h2>Das Nachr\u00fcsten erfordert viel Aufwand, ist aber professionell<\/h2>[\/et_pb_text][et_pb_text admin_label=&#8220;Tekst&#8220; _builder_version=&#8220;4.27.3&#8243; _module_preset=&#8220;8a3199e1-372f-4ef8-80ec-1609f2846847&#8243; custom_margin=&#8220;||||false|false&#8220; animation_direction=&#8220;bottom&#8220; locked=&#8220;off&#8220; global_colors_info=&#8220;{}&#8220; theme_builder_area=&#8220;post_content&#8220;]<p>Ein Rollstuhlauto kann man bei uns offline kaufen. Auch gebrachtwagen behindertengerecht. Wir haben immer etwas f\u00fcr sie auf Lager.Mobility4all-behindertenfahrzeuge ist Spezialist f\u00fcr den Umbau behindertengerechter Autos von einem normalen Kleinbus und haben immer die Rollstuhlauto f\u00fcr sie auf Lager. Nur den Spezialist kann die f\u00fcr den Transport von Rollstuhlfahrern notwendigen Aufz\u00fcge und Rampen installieren. Zus\u00e4tzlich m\u00fcssen ISO 10542 Gurte installiert werden, um den Rollstuhl im Bus zu sichern. Nur so kann sichergestellt werden, dass die im Rollstuhl sitzende behinderte Person auch in diesem Rollstuhlbus transportiert werden kann. Der Umbau Rollstuhlauto f\u00fcr Behinderte Transport ist selbstverst\u00e4ndlich vom T\u00dcV genehmigt.<\/p>\n<p>Mobility4all-behindertenfahrzeuge versorgt die korrekten T\u00dcV-Dokumente !<\/p>[\/et_pb_text][\/et_pb_column][et_pb_column type=&#8220;1_2&#8243; _builder_version=&#8220;4.19.0&#8243; _module_preset=&#8220;default&#8220; global_colors_info=&#8220;{}&#8220; theme_builder_area=&#8220;post_content&#8220;][et_pb_text admin_label=&#8220;Title&#8220; _builder_version=&#8220;4.27.3&#8243; _module_preset=&#8220;6918ccfd-f835-474b-ac79-6df21dcefccd&#8220; custom_margin=&#8220;||40px||false|false&#8220; animation_direction=&#8220;bottom&#8220; animation_duration=&#8220;500ms&#8220; animation_intensity_slide=&#8220;10%&#8220; hover_enabled=&#8220;0&#8243; locked=&#8220;off&#8220; global_colors_info=&#8220;{}&#8220; theme_builder_area=&#8220;post_content&#8220; sticky_enabled=&#8220;0&#8243;]<h2>Konvertieren Sie ganz normale Busse<\/h2>[\/et_pb_text][et_pb_text admin_label=&#8220;Tekst&#8220; _builder_version=&#8220;4.27.3&#8243; _module_preset=&#8220;8a3199e1-372f-4ef8-80ec-1609f2846847&#8243; custom_margin=&#8220;||||false|false&#8220; animation_direction=&#8220;bottom&#8220; locked=&#8220;off&#8220; global_colors_info=&#8220;{}&#8220; theme_builder_area=&#8220;post_content&#8220;]<p>Rollstuhlauto oder Kleinbusse werden zu behindertengerechten Fahrzeugen umgebaut, mit der M\u00f6glichkeit, anschlie\u00dfend eine ausklappbare Auffahrrampe oder den Hydrauliklift an der Hintert\u00fcr anzupassen. Auch gebrachtwagen behindertengerecht. Diese Art von Vorrichtung ist wichtig, damit der Rollstuhl in das Fahrzeug bewegt werden kann, ohne dass Behinderte den Rollstuhl verlassen m\u00fcssen. Die ISO10542 Gurtsysteme werden mit Hilfe von Befestigungspunkten und mit Hilfe von Lochschienen befestigt. Die Schienen und ISO10542 Befestigungspunkte sind normalerweise am Fahrzeugboden angebracht. und T\u00dcV-gepr\u00fcft.<\/p>[\/et_pb_text][\/et_pb_column][\/et_pb_row][\/et_pb_section][et_pb_section fb_built=&#8220;1&#8243; admin_label=&#8220;Tekstgebied wit&#8220; _builder_version=&#8220;4.27.3&#8243; _module_preset=&#8220;default&#8220; background_color=&#8220;#FFFFFF&#8220; custom_padding=&#8220;20px||20px||false|false&#8220; bottom_divider_style=&#8220;curve&#8220; bottom_divider_color=&#8220;#EFEFEF&#8220; bottom_divider_height=&#8220;40px&#8220; locked=&#8220;off&#8220; global_colors_info=&#8220;{}&#8220; theme_builder_area=&#8220;post_content&#8220;][et_pb_row _builder_version=&#8220;4.27.3&#8243; _module_preset=&#8220;default&#8220; custom_margin=&#8220;||||false|false&#8220; custom_padding=&#8220;40px||80px||false|false&#8220; locked=&#8220;off&#8220; global_colors_info=&#8220;{}&#8220; theme_builder_area=&#8220;post_content&#8220;][et_pb_column type=&#8220;4_4&#8243; _builder_version=&#8220;4.19.0&#8243; _module_preset=&#8220;default&#8220; global_colors_info=&#8220;{}&#8220; theme_builder_area=&#8220;post_content&#8220;][et_pb_text admin_label=&#8220;Title&#8220; _builder_version=&#8220;4.27.3&#8243; _module_preset=&#8220;6918ccfd-f835-474b-ac79-6df21dcefccd&#8220; custom_margin=&#8220;||40px||false|false&#8220; animation_direction=&#8220;bottom&#8220; animation_duration=&#8220;500ms&#8220; animation_intensity_slide=&#8220;10%&#8220; hover_enabled=&#8220;0&#8243; locked=&#8220;off&#8220; global_colors_info=&#8220;{}&#8220; theme_builder_area=&#8220;post_content&#8220; sticky_enabled=&#8220;0&#8243;]<h2>Autos k\u00f6nnen auch f\u00fcr behinderte Menschen umgebaut werden<\/h2>[\/et_pb_text][et_pb_text admin_label=&#8220;Tekst&#8220; _builder_version=&#8220;4.27.3&#8243; _module_preset=&#8220;8a3199e1-372f-4ef8-80ec-1609f2846847&#8243; custom_margin=&#8220;||0px||false|false&#8220; animation_direction=&#8220;bottom&#8220; locked=&#8220;off&#8220; global_colors_info=&#8220;{}&#8220; theme_builder_area=&#8220;post_content&#8220;]<p>Rollstuhlauto k\u00f6nnen auch in behindertengerechte Autos umgewandelt werden, so dass Behinderte das Fahrzeug mit der entsprechenden Beweglichkeit einiger Extremit\u00e4ten selbst fahren k\u00f6nnen. Auch gebrachtwagen behindertengerecht. Dank der entsprechenden Konstruktion kann der Rollstuhlfahrer vom Rollstuhl aus auf dem normalen Fahrersitz im Fahrzeug Platz nehmen. Der Rollstuhl kann dann auch im zusammengeklappten Zustand im Laderaum transportiert werden. In diesem Fall k\u00f6nnen Beifahrersitze auch im Kleinbus oder Van installiert bleiben. Auf diese Weise gewinnen die Behinderten etwas mehr Freiheit und Unabh\u00e4ngigkeit zur\u00fcck, die ihnen m\u00f6glicherweise durch Geburt, Unfall oder Krankheit genommen wurden.<\/p>\n<p>Der Umbau eines Caddy maxi oder busses in ein behindertengerechtes Fahrzeug bietet insbesondere Krankenwagenfirmen, aber auch Menschen, die sich um eine behinderte Person k\u00fcmmern, die zu Hause auf einen Rollstuhl angewiesen ist, mehr Freiheit und nat\u00fcrlich auch f\u00fcr die betroffene Person. Wenn es m\u00f6glich ist, selbst zu fahren, ist es kein Problem, dass ein so umgebauter Kleinbus oder Van daf\u00fcr sorgt, dass wieder mehr Dinge von selbst erledigt werden. = Mobility4all-behindertenfahrzeuge<\/p>[\/et_pb_text][\/et_pb_column][\/et_pb_row][\/et_pb_section]\n","protected":false},"excerpt":{"rendered":"","protected":false},"author":1,"featured_media":1738,"parent":0,"menu_order":1006,"comment_status":"closed","ping_status":"closed","template":"","meta":{"_et_pb_use_builder":"on","_et_pb_old_content":"","_et_gb_content_width":"","footnotes":""},"class_list":["post-10084","page","type-page","status-publish","has-post-thumbnail","hentry"],"aioseo_notices":[],"_links":{"self":[{"href":"https:\/\/www.mobility4all.eu\/de\/wp-json\/wp\/v2\/pages\/10084","targetHints":{"allow":["GET"]}}],"collection":[{"href":"https:\/\/www.mobility4all.eu\/de\/wp-json\/wp\/v2\/pages"}],"about":[{"href":"https:\/\/www.mobility4all.eu\/de\/wp-json\/wp\/v2\/types\/page"}],"author":[{"embeddable":true,"href":"https:\/\/www.mobility4all.eu\/de\/wp-json\/wp\/v2\/users\/1"}],"replies":[{"embeddable":true,"href":"https:\/\/www.mobility4all.eu\/de\/wp-json\/wp\/v2\/comments?post=10084"}],"version-history":[{"count":4,"href":"https:\/\/www.mobility4all.eu\/de\/wp-json\/wp\/v2\/pages\/10084\/revisions"}],"predecessor-version":[{"id":10191,"href":"https:\/\/www.mobility4all.eu\/de\/wp-json\/wp\/v2\/pages\/10084\/revisions\/10191"}],"wp:featuredmedia":[{"embeddable":true,"href":"https:\/\/www.mobility4all.eu\/de\/wp-json\/wp\/v2\/media\/1738"}],"wp:attachment":[{"href":"https:\/\/www.mobility4all.eu\/de\/wp-json\/wp\/v2\/media?parent=10084"}],"curies":[{"name":"wp","href":"https:\/\/api.w.org\/{rel}","templated":true}]}}