{"id":1715,"date":"2023-09-11T15:01:47","date_gmt":"2023-09-11T13:01:47","guid":{"rendered":"https:\/\/www.mobility4all.eu\/be\/?page_id=1715"},"modified":"2024-11-22T15:42:27","modified_gmt":"2024-11-22T14:42:27","slug":"uber-uns","status":"publish","type":"page","link":"https:\/\/www.mobility4all.eu\/de\/uber-uns\/","title":{"rendered":"\u00dcber uns"},"content":{"rendered":"[et_pb_section fb_built=&#8220;1&#8243; admin_label=&#8220;Tekstgebied wit&#8220; _builder_version=&#8220;4.22.1&#8243; _module_preset=&#8220;default&#8220; background_color=&#8220;#FFFFFF&#8220; custom_padding=&#8220;20px||20px||false|false&#8220; bottom_divider_style=&#8220;curve&#8220; bottom_divider_color=&#8220;#EFEFEF&#8220; bottom_divider_height=&#8220;40px&#8220; locked=&#8220;off&#8220; global_colors_info=&#8220;{}&#8220; theme_builder_area=&#8220;post_content&#8220;][et_pb_row column_structure=&#8220;1_2,1_2&#8243; _builder_version=&#8220;4.22.1&#8243; _module_preset=&#8220;default&#8220; custom_margin=&#8220;||||false|false&#8220; custom_padding=&#8220;80px||80px||false|false&#8220; locked=&#8220;off&#8220; global_colors_info=&#8220;{}&#8220; theme_builder_area=&#8220;post_content&#8220;][et_pb_column type=&#8220;1_2&#8243; _builder_version=&#8220;4.19.0&#8243; _module_preset=&#8220;default&#8220; global_colors_info=&#8220;{}&#8220; theme_builder_area=&#8220;post_content&#8220;][et_pb_image src=&#8220;https:\/\/mobility4all.eu\/de\/wp-content\/uploads\/2023\/06\/Mobility4All-Over-ons-Sprinters-uitsnede.jpg&#8220; alt=&#8220;Mobility4all &#8211; Over ons&#8220; title_text=&#8220;Mobility4all &#8211; Over ons&#8220; show_bottom_space=&#8220;off&#8220; force_fullwidth=&#8220;on&#8220; _builder_version=&#8220;4.27.3&#8243; _module_preset=&#8220;default&#8220; custom_margin=&#8220;||||false|false&#8220; animation_style=&#8220;fade&#8220; animation_direction=&#8220;bottom&#8220; animation_duration=&#8220;750ms&#8220; animation_delay=&#8220;650ms&#8220; global_colors_info=&#8220;{}&#8220; theme_builder_area=&#8220;post_content&#8220;][\/et_pb_image][et_pb_button button_url=&#8220;@ET-DC@eyJkeW5hbWljIjp0cnVlLCJjb250ZW50IjoicG9zdF9saW5rX3VybF9wYWdlIiwic2V0dGluZ3MiOnsicG9zdF9pZCI6IjE3NTkifX0=@&#8220; button_text=&#8220;Nehmen Sie jetzt Kontakt mit uns auf&#8220; button_text_tablet=&#8220;Nehmen Sie jetzt Kontakt mit uns auf&#8220; button_text_phone=&#8220;Kontakt&#8220; button_text_last_edited=&#8220;on|desktop&#8220; _builder_version=&#8220;4.27.2&#8243; _dynamic_attributes=&#8220;button_url&#8220; _module_preset=&#8220;9033427a-bd24-4ee2-8ee0-a12f7cbf84ac&#8220; vertical_offset=&#8220;-25px&#8220; z_index=&#8220;20&#8243; global_colors_info=&#8220;{}&#8220; theme_builder_area=&#8220;post_content&#8220;][\/et_pb_button][\/et_pb_column][et_pb_column type=&#8220;1_2&#8243; _builder_version=&#8220;4.19.0&#8243; _module_preset=&#8220;default&#8220; global_colors_info=&#8220;{}&#8220; theme_builder_area=&#8220;post_content&#8220;][et_pb_text admin_label=&#8220;Tekst&#8220; _builder_version=&#8220;4.22.1&#8243; _module_preset=&#8220;8a3199e1-372f-4ef8-80ec-1609f2846847&#8243; custom_margin=&#8220;||40px||false|false&#8220; animation_direction=&#8220;bottom&#8220; locked=&#8220;off&#8220; global_colors_info=&#8220;{}&#8220; theme_builder_area=&#8220;post_content&#8220;]\n<p><strong>Mobility4all GmbH ist Ihr Partner beim Kauf von der behindertengerechten Fahrzeug mit Umr\u00fcstung.<\/strong><\/p>\n<p>Die Mobility4all GmbH ist ein innovatives Unternehmen, das auf den Umbau von Fahrzeugen f\u00fcr Menschen mit Mobilit\u00e4tseinschr\u00e4nkungen spezialisiert ist.<\/p>\n<p>Seit 1959 sind wir ein starker und zuverl\u00e4ssiger Partner, wenn es um Ihre Anspr\u00fcche geht. <br \/>Bei Mobility4all GmbH steht der Mensch im Mittelpunkt. <br \/>Zufriedene Kunden und motivierte Mitarbeiter sind die Grundlage unseres Erfolgs.<\/p>\n<p><em>Wir haben nur ein Ziel vor Augen:<\/em><br \/><strong>Ihre Mobilit\u00e4t und Zufriedenheit zu sichern!<\/strong><\/p>\n[\/et_pb_text][et_pb_image src=&#8220;https:\/\/mobility4all.eu\/de\/wp-content\/uploads\/2024\/03\/Mobility4All-Over-ons-Caddys.jpg&#8220; alt=&#8220;Mobility4all &#8211; Over ons &#8211; Caddy&#8220; title_text=&#8220;Mobility4all &#8211; Over ons &#8211; Caddy&#8220; force_fullwidth=&#8220;on&#8220; _builder_version=&#8220;4.24.2&#8243; _module_preset=&#8220;default&#8220; custom_margin=&#8220;||60px||false|false&#8220; animation_style=&#8220;fade&#8220; animation_duration=&#8220;500ms&#8220; animation_delay=&#8220;550ms&#8220; global_colors_info=&#8220;{}&#8220; theme_builder_area=&#8220;post_content&#8220;][\/et_pb_image][\/et_pb_column][\/et_pb_row][\/et_pb_section][et_pb_section fb_built=&#8220;1&#8243; admin_label=&#8220;Tekstgebied grijs&#8220; _builder_version=&#8220;4.27.2&#8243; _module_preset=&#8220;default&#8220; background_color=&#8220;#EFEFEF&#8220; custom_padding=&#8220;40px||20px||false|false&#8220; bottom_divider_style=&#8220;curve&#8220; bottom_divider_color=&#8220;#FFFFFF&#8220; bottom_divider_height=&#8220;40px&#8220; locked=&#8220;off&#8220; global_colors_info=&#8220;{}&#8220; theme_builder_area=&#8220;post_content&#8220;][et_pb_row column_structure=&#8220;1_2,1_2&#8243; _builder_version=&#8220;4.27.2&#8243; _module_preset=&#8220;default&#8220; custom_margin=&#8220;||||false|false&#8220; custom_padding=&#8220;80px||180px||false|false&#8220; global_colors_info=&#8220;{}&#8220; theme_builder_area=&#8220;post_content&#8220;][et_pb_column type=&#8220;1_2&#8243; _builder_version=&#8220;4.19.0&#8243; _module_preset=&#8220;default&#8220; global_colors_info=&#8220;{}&#8220; theme_builder_area=&#8220;post_content&#8220;][et_pb_image src=&#8220;https:\/\/mobility4all.eu\/de\/wp-content\/uploads\/2024\/03\/Mobility4All-Over-ons-Caddy.jpg&#8220; alt=&#8220;Mobility4all &#8211; Over ons &#8211; Caddy&#8220; title_text=&#8220;Mobility4all &#8211; Over ons &#8211; Caddy&#8220; force_fullwidth=&#8220;on&#8220; _builder_version=&#8220;4.27.2&#8243; _module_preset=&#8220;default&#8220; custom_margin=&#8220;||0px||false|false&#8220; animation_style=&#8220;fade&#8220; animation_duration=&#8220;500ms&#8220; animation_delay=&#8220;550ms&#8220; global_colors_info=&#8220;{}&#8220; theme_builder_area=&#8220;post_content&#8220;][\/et_pb_image][et_pb_button button_url=&#8220;@ET-DC@eyJkeW5hbWljIjp0cnVlLCJjb250ZW50IjoicG9zdF9saW5rX3VybF9wYWdlIiwic2V0dGluZ3MiOnsicG9zdF9pZCI6IjE3NTkifX0=@&#8220; button_text=&#8220;Nehmen Sie jetzt Kontakt mit uns auf&#8220; button_text_tablet=&#8220;Nehmen Sie jetzt Kontakt mit uns auf&#8220; button_text_phone=&#8220;Kontakt&#8220; button_text_last_edited=&#8220;on|desktop&#8220; _builder_version=&#8220;4.27.2&#8243; _dynamic_attributes=&#8220;button_url&#8220; _module_preset=&#8220;9033427a-bd24-4ee2-8ee0-a12f7cbf84ac&#8220; vertical_offset=&#8220;-25px&#8220; z_index=&#8220;20&#8243; global_colors_info=&#8220;{}&#8220; theme_builder_area=&#8220;post_content&#8220;][\/et_pb_button][\/et_pb_column][et_pb_column type=&#8220;1_2&#8243; _builder_version=&#8220;4.19.0&#8243; _module_preset=&#8220;default&#8220; global_colors_info=&#8220;{}&#8220; theme_builder_area=&#8220;post_content&#8220;][et_pb_text admin_label=&#8220;Title&#8220; _builder_version=&#8220;4.21.0&#8243; _module_preset=&#8220;6918ccfd-f835-474b-ac79-6df21dcefccd&#8220; custom_margin=&#8220;||40px||false|false&#8220; animation_direction=&#8220;bottom&#8220; animation_duration=&#8220;500ms&#8220; animation_intensity_slide=&#8220;10%&#8220; locked=&#8220;off&#8220; global_colors_info=&#8220;{}&#8220; theme_builder_area=&#8220;post_content&#8220;]\n<h2>Ihre Vorteile mit Mobility4all als ihrem Profi Partner<\/h2>\n[\/et_pb_text][et_pb_text admin_label=&#8220;Tekst&#8220; _builder_version=&#8220;4.27.2&#8243; _module_preset=&#8220;8a3199e1-372f-4ef8-80ec-1609f2846847&#8243; custom_margin=&#8220;||40px||false|false&#8220; animation_direction=&#8220;bottom&#8220; locked=&#8220;off&#8220; global_colors_info=&#8220;{}&#8220; theme_builder_area=&#8220;post_content&#8220;]\n<ul>\n<li>Sie sparen Zeit und Geld beim Kauf eines Lagerfahrzeugs mit Ihrer Wunschausstattung.<\/li>\n<li>Lagerfahrzeuge k\u00f6nnen nach Wunsch schnell oder direkt ab Lager geliefert werden. <\/li>\n<li>Alles aus Expertenhand \u2013 Sie erhalten garantiert die bestm\u00f6gliche Mobilit\u00e4tsl\u00f6sung zum bestm\u00f6glichen Preis.<\/li>\n<li>Seit 1959 Ihr erfahrener und zuverl\u00e4ssiger Lieferant.<\/li>\n<li>Wir k\u00fcmmern uns um die richtige Deutsche Unterlagen \/ Homologation.<\/li>\n<li>Wir haben eine eigene Werkstatt, in der wir Ihre gew\u00fcnschten Anpassungen selbst vornehmen.<\/li>\n<li>Neben der Spezialisierung auf den Fahrzeugumbau f\u00fcr Passivfahrer und Gewerbekunden <\/li>\n<li>Kaufen Sie mit Vertrauen, kaufen Sie Ihr Fahrzeug bei Mobility4all, die es kann bauen.<\/li>\n<\/ul>\n[\/et_pb_text][\/et_pb_column][\/et_pb_row][\/et_pb_section][et_pb_section fb_built=&#8220;1&#8243; admin_label=&#8220;Tekstgebied wit 2&#8243; _builder_version=&#8220;4.27.2&#8243; _module_preset=&#8220;default&#8220; background_color=&#8220;#FFFFFF&#8220; custom_padding=&#8220;40px||80px||false|false&#8220; bottom_divider_style=&#8220;curve&#8220; bottom_divider_color=&#8220;#EFEFEF&#8220; bottom_divider_height=&#8220;40px&#8220; locked=&#8220;off&#8220; global_colors_info=&#8220;{}&#8220; theme_builder_area=&#8220;post_content&#8220;][et_pb_row _builder_version=&#8220;4.27.2&#8243; _module_preset=&#8220;default&#8220; max_width=&#8220;800px&#8220; custom_margin=&#8220;-180px||||false|false&#8220; custom_padding=&#8220;||80px||false|false&#8220; locked=&#8220;off&#8220; global_colors_info=&#8220;{}&#8220; theme_builder_area=&#8220;post_content&#8220;][et_pb_column type=&#8220;4_4&#8243; _builder_version=&#8220;4.19.0&#8243; _module_preset=&#8220;default&#8220; global_colors_info=&#8220;{}&#8220; theme_builder_area=&#8220;post_content&#8220;][et_pb_blurb title=&#8220;Sprechen Sie uns an!&#8220; image=&#8220;https:\/\/www.mobility4all.eu\/de\/wp-content\/uploads\/2024\/11\/Richard-Scholten.png&#8220; alt=&#8220;Richard Scholten&#8220; icon_placement=&#8220;left&#8220; image_icon_width=&#8220;220px&#8220; module_class=&#8220;richardvcard&#8220; _builder_version=&#8220;4.27.2&#8243; _module_preset=&#8220;default&#8220; header_text_color=&#8220;#FFFFFF&#8220; header_font_size=&#8220;38px&#8220; body_text_color=&#8220;#FFFFFF&#8220; body_link_font=&#8220;||||on|||#A9C500|&#8220; body_link_text_color=&#8220;#A9C500&#8243; background_color=&#8220;#00458A&#8220; custom_margin=&#8220;20px||||false|false&#8220; custom_padding=&#8220;40px|40px|40px|40px|true|true&#8220; hover_enabled=&#8220;0&#8243; custom_css_blurb_image=&#8220;filter: drop-shadow(0px 0px 10px rgba(0,0,0,0.6));&#8220; border_radii=&#8220;on|20px|20px|20px|20px&#8220; global_colors_info=&#8220;{}&#8220; background__hover_enabled=&#8220;off|hover&#8220; header_text_color__hover_enabled=&#8220;off|desktop&#8220; body_link_text_color__hover_enabled=&#8220;on|desktop&#8220; body_link_text_color__hover=&#8220;#FFFFFF&#8220; theme_builder_area=&#8220;post_content&#8220; sticky_enabled=&#8220;0&#8243;]\n<p><span>Ihr pers\u00f6nlicher Ansprechpartner ist f\u00fcr Sie da.<br \/>Lassen Sie sich unverbindlich beraten oder ein erstes Angebot erstellen!<\/span><\/p>\n<p><span>\u2026 oder nutzen Sie ganz bequem unser <a href=\"https:\/\/www.mobility4all.eu\/de\/kontakt\/\">Anfrageformular<\/a>!<\/span><\/p>\n[\/et_pb_blurb][et_pb_text admin_label=&#8220;Tekst&#8220; _builder_version=&#8220;4.27.2&#8243; _module_preset=&#8220;8a3199e1-372f-4ef8-80ec-1609f2846847&#8243; text_orientation=&#8220;center&#8220; custom_margin=&#8220;80px||40px||false|false&#8220; animation_direction=&#8220;bottom&#8220; locked=&#8220;off&#8220; global_colors_info=&#8220;{}&#8220; theme_builder_area=&#8220;post_content&#8220;]\n<h5>Standorte<\/h5>\n<p>Mit verschiedenen Niederlassungen in Deutschland, Belgien und den Niederlanden. <br \/>Ist Mobility4all GmbH in Europa gut vertreten.<\/p>\n<p><strong>Bitte vereinbaren Sie einen Termin mit uns.<\/strong><\/p>\n[\/et_pb_text][et_pb_button button_url=&#8220;@ET-DC@eyJkeW5hbWljIjp0cnVlLCJjb250ZW50IjoicG9zdF9saW5rX3VybF9wYWdlIiwic2V0dGluZ3MiOnsicG9zdF9pZCI6IjE3NTkifX0=@&#8220; button_text=&#8220;Nehmen Sie jetzt Kontakt mit uns auf&#8220; button_text_tablet=&#8220;Nehmen Sie jetzt Kontakt mit uns auf&#8220; button_text_phone=&#8220;Kontakt&#8220; button_text_last_edited=&#8220;on|desktop&#8220; _builder_version=&#8220;4.27.2&#8243; _dynamic_attributes=&#8220;button_url&#8220; _module_preset=&#8220;9033427a-bd24-4ee2-8ee0-a12f7cbf84ac&#8220; vertical_offset=&#8220;0px&#8220; z_index=&#8220;20&#8243; global_colors_info=&#8220;{}&#8220; theme_builder_area=&#8220;post_content&#8220;][\/et_pb_button][\/et_pb_column][\/et_pb_row][\/et_pb_section]\n","protected":false},"excerpt":{"rendered":"<p>Mobility4all GmbH<\/p>\n","protected":false},"author":1,"featured_media":1804,"parent":0,"menu_order":80,"comment_status":"closed","ping_status":"closed","template":"","meta":{"_et_pb_use_builder":"on","_et_pb_old_content":"","_et_gb_content_width":"","footnotes":""},"class_list":["post-1715","page","type-page","status-publish","has-post-thumbnail","hentry"],"aioseo_notices":[],"_links":{"self":[{"href":"https:\/\/www.mobility4all.eu\/de\/wp-json\/wp\/v2\/pages\/1715","targetHints":{"allow":["GET"]}}],"collection":[{"href":"https:\/\/www.mobility4all.eu\/de\/wp-json\/wp\/v2\/pages"}],"about":[{"href":"https:\/\/www.mobility4all.eu\/de\/wp-json\/wp\/v2\/types\/page"}],"author":[{"embeddable":true,"href":"https:\/\/www.mobility4all.eu\/de\/wp-json\/wp\/v2\/users\/1"}],"replies":[{"embeddable":true,"href":"https:\/\/www.mobility4all.eu\/de\/wp-json\/wp\/v2\/comments?post=1715"}],"version-history":[{"count":22,"href":"https:\/\/www.mobility4all.eu\/de\/wp-json\/wp\/v2\/pages\/1715\/revisions"}],"predecessor-version":[{"id":10109,"href":"https:\/\/www.mobility4all.eu\/de\/wp-json\/wp\/v2\/pages\/1715\/revisions\/10109"}],"wp:featuredmedia":[{"embeddable":true,"href":"https:\/\/www.mobility4all.eu\/de\/wp-json\/wp\/v2\/media\/1804"}],"wp:attachment":[{"href":"https:\/\/www.mobility4all.eu\/de\/wp-json\/wp\/v2\/media?parent=1715"}],"curies":[{"name":"wp","href":"https:\/\/api.w.org\/{rel}","templated":true}]}}