{"id":1749,"date":"2023-09-11T15:50:02","date_gmt":"2023-09-11T13:50:02","guid":{"rendered":"https:\/\/www.mobility4all.eu\/be\/?page_id=1749"},"modified":"2024-11-15T14:51:12","modified_gmt":"2024-11-15T13:51:12","slug":"mietwagen","status":"publish","type":"page","link":"https:\/\/www.mobility4all.eu\/de\/mietwagen\/","title":{"rendered":"Mietwagen"},"content":{"rendered":"[et_pb_section fb_built=&#8220;1&#8243; admin_label=&#8220;Tekstgebied wit&#8220; _builder_version=&#8220;4.22.1&#8243; _module_preset=&#8220;default&#8220; background_color=&#8220;#FFFFFF&#8220; custom_padding=&#8220;20px||20px||false|false&#8220; bottom_divider_style=&#8220;curve&#8220; bottom_divider_color=&#8220;#EFEFEF&#8220; bottom_divider_height=&#8220;40px&#8220; locked=&#8220;off&#8220; global_colors_info=&#8220;{}&#8220; theme_builder_area=&#8220;post_content&#8220;][et_pb_row _builder_version=&#8220;4.23.1&#8243; _module_preset=&#8220;default&#8220; custom_margin=&#8220;||||false|false&#8220; custom_padding=&#8220;80px||0px||false|false&#8220; locked=&#8220;off&#8220; global_colors_info=&#8220;{}&#8220; theme_builder_area=&#8220;post_content&#8220;][et_pb_column type=&#8220;4_4&#8243; _builder_version=&#8220;4.19.0&#8243; _module_preset=&#8220;default&#8220; global_colors_info=&#8220;{}&#8220; theme_builder_area=&#8220;post_content&#8220;][et_pb_text admin_label=&#8220;Title&#8220; _builder_version=&#8220;4.23.1&#8243; _module_preset=&#8220;6918ccfd-f835-474b-ac79-6df21dcefccd&#8220; custom_margin=&#8220;40px||40px||false|false&#8220; animation_direction=&#8220;bottom&#8220; animation_duration=&#8220;500ms&#8220; animation_intensity_slide=&#8220;10%&#8220; locked=&#8220;off&#8220; global_colors_info=&#8220;{}&#8220; theme_builder_area=&#8220;post_content&#8220;]\n<h2>Mietwagen<\/h2>\n<h5>9-Sitzer: Mietfahrzeuge mit Lift oder Rampe?<\/h5>\n[\/et_pb_text][\/et_pb_column][\/et_pb_row][et_pb_row column_structure=&#8220;1_2,1_2&#8243; _builder_version=&#8220;4.27.2&#8243; _module_preset=&#8220;default&#8220; custom_margin=&#8220;||||false|false&#8220; custom_padding=&#8220;0px||80px||false|false&#8220; locked=&#8220;off&#8220; global_colors_info=&#8220;{}&#8220; theme_builder_area=&#8220;post_content&#8220;][et_pb_column type=&#8220;1_2&#8243; _builder_version=&#8220;4.19.0&#8243; _module_preset=&#8220;default&#8220; global_colors_info=&#8220;{}&#8220; theme_builder_area=&#8220;post_content&#8220;][et_pb_image src=&#8220;https:\/\/www.mobility4all.eu\/de\/wp-content\/uploads\/2024\/03\/Rolstoelbus-huren.jpg&#8220; alt=&#8220;Rolstoelbus huren&#8220; title_text=&#8220;Rolstoelbus huren&#8220; force_fullwidth=&#8220;on&#8220; _builder_version=&#8220;4.27.2&#8243; _module_preset=&#8220;default&#8220; custom_margin=&#8220;||0px||false|false&#8220; animation_style=&#8220;fade&#8220; animation_duration=&#8220;500ms&#8220; animation_delay=&#8220;550ms&#8220; global_colors_info=&#8220;{}&#8220; theme_builder_area=&#8220;post_content&#8220;][\/et_pb_image][et_pb_button button_url=&#8220;@ET-DC@eyJkeW5hbWljIjp0cnVlLCJjb250ZW50IjoicG9zdF9saW5rX3VybF9wYWdlIiwic2V0dGluZ3MiOnsicG9zdF9pZCI6IjE3NTkifX0=@&#8220; button_text=&#8220;Nehmen Sie jetzt Kontakt mit uns auf&#8220; button_text_tablet=&#8220;Nehmen Sie jetzt Kontakt mit uns auf&#8220; button_text_phone=&#8220;Kontakt&#8220; button_text_last_edited=&#8220;on|desktop&#8220; _builder_version=&#8220;4.27.2&#8243; _dynamic_attributes=&#8220;button_url&#8220; _module_preset=&#8220;9033427a-bd24-4ee2-8ee0-a12f7cbf84ac&#8220; vertical_offset=&#8220;-25px&#8220; z_index=&#8220;20&#8243; global_colors_info=&#8220;{}&#8220; theme_builder_area=&#8220;post_content&#8220;][\/et_pb_button][\/et_pb_column][et_pb_column type=&#8220;1_2&#8243; _builder_version=&#8220;4.19.0&#8243; _module_preset=&#8220;default&#8220; global_colors_info=&#8220;{}&#8220; theme_builder_area=&#8220;post_content&#8220;][et_pb_text admin_label=&#8220;Tekst&#8220; _builder_version=&#8220;4.27.3&#8243; _module_preset=&#8220;8a3199e1-372f-4ef8-80ec-1609f2846847&#8243; custom_margin=&#8220;||40px||false|false&#8220; animation_direction=&#8220;bottom&#8220; hover_enabled=&#8220;0&#8243; locked=&#8220;off&#8220; global_colors_info=&#8220;{}&#8220; theme_builder_area=&#8220;post_content&#8220; sticky_enabled=&#8220;0&#8243;]\n<p>Schnell und einfach Rollstuhlbusse oder Rollstuhlautos \u00fcber unseren Partner mieten.<br \/>Fahrzeuge f\u00fcr die Personenbef\u00f6rderung stehen Ihnen \u00fcber unseren Partner zur Verf\u00fcgung.<\/p>\n<p>Unsere Mietwagen sind bedarfsgerecht f\u00fcr die Bef\u00f6rderung von Menschen mit und ohne Behinderung ausgestattet.<\/p>\n<p>Auf Anfrage k\u00f6nnen diese Fahrzeuge bundesweit zu Ihnen nach Hause geliefert werden.<\/p>\n<p><strong>Ihr Taxi hatte einen Unfall, oder eine Panne?<\/strong><br \/>Das Leihtaxi ist sofort einsatzbereit.<br \/>Halten Sie Ihre Ausfallzeit minimal, das Tagesgesch\u00e4ft geht weiter.<br \/>Bundesweite Zustellung und Ausstattung nach Wunsch bei jedem Leihtaxi.<\/p>\n<p><strong>24h Sofort-Hilfe !<\/strong><br \/>Bitte kontaktieren Sie uns \u00fcber das <a href=\"https:\/\/www.mobility4all.eu\/de\/kontakt\/\">Kontaktformular<\/a>.<br \/>Geben Sie Ihre W\u00fcnsche und die gew\u00fcnschte Mietdauer an.<\/p>\n[\/et_pb_text][\/et_pb_column][\/et_pb_row][et_pb_row column_structure=&#8220;1_2,1_2&#8243; _builder_version=&#8220;4.27.2&#8243; _module_preset=&#8220;default&#8220; custom_margin=&#8220;||||false|false&#8220; custom_padding=&#8220;0px||80px||false|false&#8220; locked=&#8220;off&#8220; global_colors_info=&#8220;{}&#8220; theme_builder_area=&#8220;post_content&#8220;][et_pb_column type=&#8220;1_2&#8243; _builder_version=&#8220;4.19.0&#8243; _module_preset=&#8220;default&#8220; global_colors_info=&#8220;{}&#8220; theme_builder_area=&#8220;post_content&#8220;][et_pb_image src=&#8220;https:\/\/www.mobility4all.eu\/de\/wp-content\/uploads\/2024\/11\/Mietwagen.jpg&#8220; alt=&#8220;Mietwagen&#8220; title_text=&#8220;Mietwagen&#8220; force_fullwidth=&#8220;on&#8220; _builder_version=&#8220;4.27.3&#8243; _module_preset=&#8220;default&#8220; custom_margin=&#8220;||0px||false|false&#8220; animation_style=&#8220;fade&#8220; animation_duration=&#8220;500ms&#8220; animation_delay=&#8220;550ms&#8220; hover_enabled=&#8220;0&#8243; global_colors_info=&#8220;{}&#8220; theme_builder_area=&#8220;post_content&#8220; sticky_enabled=&#8220;0&#8243;][\/et_pb_image][\/et_pb_column][et_pb_column type=&#8220;1_2&#8243; _builder_version=&#8220;4.19.0&#8243; _module_preset=&#8220;default&#8220; global_colors_info=&#8220;{}&#8220; theme_builder_area=&#8220;post_content&#8220;][et_pb_text admin_label=&#8220;Tekst&#8220; _builder_version=&#8220;4.27.3&#8243; _module_preset=&#8220;8a3199e1-372f-4ef8-80ec-1609f2846847&#8243; custom_margin=&#8220;||40px||false|false&#8220; animation_direction=&#8220;bottom&#8220; hover_enabled=&#8220;0&#8243; locked=&#8220;off&#8220; global_colors_info=&#8220;{}&#8220; theme_builder_area=&#8220;post_content&#8220; sticky_enabled=&#8220;0&#8243;]\n<p><strong>Ausstattungsmerkmale:<\/strong><\/p>\n<ul>\n<li><span style=\"font-size: 16px;\">Multifunktionaler 9-sitzer Rollstuhlbus.<\/span><\/li>\n<li>Caddy Maxi 6-sitzer Rollstuhltransporter<\/li>\n<li>Transport eines einzelnen Rollstuhls in Kombination mit mehreren Kunden.<\/li>\n<li>Transport bis 4 Rollst\u00fchle zusammen mit mehreren Kunden.<\/li>\n<li>Leicht zug\u00e4nglicher Einstieg mit Trittstufen an der Schiebet\u00fcr.<\/li>\n<li>Reisen Sie IMMER sicher mit unseren gut gewarteten Fahrzeugen.<\/li>\n<li>Rollstuhlhaltesysteme nach EU- ISO10542<\/li>\n<li>Geeignet f\u00fcr Elektrorollst\u00fchle<\/li>\n<li>e-Lift oder Rampe<\/li>\n<li>Immer Klimaanlag<\/li>\n<\/ul>\n<p>&nbsp;<\/p>\n[\/et_pb_text][\/et_pb_column][\/et_pb_row][\/et_pb_section]\n","protected":false},"excerpt":{"rendered":"<p>9-Sitzer<\/p>\n","protected":false},"author":1,"featured_media":1738,"parent":0,"menu_order":50,"comment_status":"closed","ping_status":"closed","template":"","meta":{"_et_pb_use_builder":"on","_et_pb_old_content":"","_et_gb_content_width":"","footnotes":""},"class_list":["post-1749","page","type-page","status-publish","has-post-thumbnail","hentry"],"aioseo_notices":[],"_links":{"self":[{"href":"https:\/\/www.mobility4all.eu\/de\/wp-json\/wp\/v2\/pages\/1749","targetHints":{"allow":["GET"]}}],"collection":[{"href":"https:\/\/www.mobility4all.eu\/de\/wp-json\/wp\/v2\/pages"}],"about":[{"href":"https:\/\/www.mobility4all.eu\/de\/wp-json\/wp\/v2\/types\/page"}],"author":[{"embeddable":true,"href":"https:\/\/www.mobility4all.eu\/de\/wp-json\/wp\/v2\/users\/1"}],"replies":[{"embeddable":true,"href":"https:\/\/www.mobility4all.eu\/de\/wp-json\/wp\/v2\/comments?post=1749"}],"version-history":[{"count":15,"href":"https:\/\/www.mobility4all.eu\/de\/wp-json\/wp\/v2\/pages\/1749\/revisions"}],"predecessor-version":[{"id":9972,"href":"https:\/\/www.mobility4all.eu\/de\/wp-json\/wp\/v2\/pages\/1749\/revisions\/9972"}],"wp:featuredmedia":[{"embeddable":true,"href":"https:\/\/www.mobility4all.eu\/de\/wp-json\/wp\/v2\/media\/1738"}],"wp:attachment":[{"href":"https:\/\/www.mobility4all.eu\/de\/wp-json\/wp\/v2\/media?parent=1749"}],"curies":[{"name":"wp","href":"https:\/\/api.w.org\/{rel}","templated":true}]}}