{"id":9153,"date":"2023-11-15T16:25:32","date_gmt":"2023-11-15T15:25:32","guid":{"rendered":"https:\/\/www.mobility4all.eu\/be\/?page_id=9153"},"modified":"2024-11-20T09:28:15","modified_gmt":"2024-11-20T08:28:15","slug":"caddy-maxi-rollstuhlauto","status":"publish","type":"page","link":"https:\/\/www.mobility4all.eu\/de\/moglichkeiten\/caddy-maxi-rollstuhlauto\/","title":{"rendered":"Caddy Rollstuhlauto"},"content":{"rendered":"[et_pb_section fb_built=&#8220;1&#8243; admin_label=&#8220;Tekstgebied wit&#8220; _builder_version=&#8220;4.23.1&#8243; _module_preset=&#8220;default&#8220; background_color=&#8220;#FFFFFF&#8220; custom_padding=&#8220;20px||20px||false|false&#8220; bottom_divider_style=&#8220;curve&#8220; bottom_divider_color=&#8220;#EFEFEF&#8220; bottom_divider_height=&#8220;40px&#8220; locked=&#8220;off&#8220; global_colors_info=&#8220;{}&#8220; theme_builder_area=&#8220;post_content&#8220;][et_pb_row _builder_version=&#8220;4.22.1&#8243; _module_preset=&#8220;default&#8220; custom_margin=&#8220;||||false|false&#8220; custom_padding=&#8220;80px||0px||false|false&#8220; locked=&#8220;off&#8220; global_colors_info=&#8220;{}&#8220; theme_builder_area=&#8220;post_content&#8220;][et_pb_column type=&#8220;4_4&#8243; _builder_version=&#8220;4.19.0&#8243; _module_preset=&#8220;default&#8220; global_colors_info=&#8220;{}&#8220; theme_builder_area=&#8220;post_content&#8220;][et_pb_text admin_label=&#8220;Title&#8220; _builder_version=&#8220;4.22.1&#8243; _module_preset=&#8220;6918ccfd-f835-474b-ac79-6df21dcefccd&#8220; custom_margin=&#8220;40px||40px||true|false&#8220; animation_direction=&#8220;bottom&#8220; animation_duration=&#8220;500ms&#8220; animation_intensity_slide=&#8220;10%&#8220; locked=&#8220;off&#8220; global_colors_info=&#8220;{}&#8220; theme_builder_area=&#8220;post_content&#8220;]\n<h2>Transport von 5 Personen und einem Rollstuhl<\/h2>\n<h5>Mit dem Caddy Rollstuhlauto von Mobility4all GmbH<\/h5>\n[\/et_pb_text][\/et_pb_column][\/et_pb_row][et_pb_row column_structure=&#8220;1_2,1_2&#8243; _builder_version=&#8220;4.22.1&#8243; _module_preset=&#8220;default&#8220; custom_margin=&#8220;||||false|false&#8220; custom_padding=&#8220;0px||80px||false|false&#8220; locked=&#8220;off&#8220; global_colors_info=&#8220;{}&#8220; theme_builder_area=&#8220;post_content&#8220;][et_pb_column type=&#8220;1_2&#8243; _builder_version=&#8220;4.19.0&#8243; _module_preset=&#8220;default&#8220; global_colors_info=&#8220;{}&#8220; theme_builder_area=&#8220;post_content&#8220;][et_pb_text admin_label=&#8220;Tekst&#8220; _builder_version=&#8220;4.23.1&#8243; _module_preset=&#8220;8a3199e1-372f-4ef8-80ec-1609f2846847&#8243; custom_margin=&#8220;||40px||false|false&#8220; animation_direction=&#8220;bottom&#8220; locked=&#8220;off&#8220; global_colors_info=&#8220;{}&#8220; theme_builder_area=&#8220;post_content&#8220;]\n<p>Mit dem Caddy (bis 7 Sitze) Rollstuhlauto von Mobility4all k\u00f6nnen Sie gleichzeitig f\u00fcnf (+2) Personen und einen Rollstuhl transportieren.<br \/><strong>Dank seiner vielseitigen Einsatzm\u00f6glichkeiten ist dieses Fahrzeug eines der beliebtesten in unserem Angebot.<\/strong><\/p>\n<p>Mit den optionalen 2 drehbaren Sitzen ganz hinten in diesem Caddy holen Sie das maximale Potenzial aus diesem Fahrzeug. <br \/>Da wir diese Fahrzeuge immer mit einem maximal Gesamtgewicht von 2450kg anbieten, sind Sie auch in dieser Konfiguration niemals \u00fcberladen.<br \/>Sowohl die Gesch\u00e4ftskunden als auch die Hotels und Pflegeheime sch\u00e4tzen die hohe Funktionalit\u00e4t unseres Caddys.<\/p>\n<p>Unsere sehr breite, lange Stahlbodensenkung ist die st\u00e4rkste und gr\u00f6\u00dfte auf dem Markt.<br \/>Mit unserem Umbau d\u00fcrfen Sie elektrische Rollst\u00fchle mit einem Gewicht bis zu 350kg transportieren.<br \/>Da wir diese Caddys direkt ab Werk bei Volkswagen bestellen, mit allen notwendigen Werksvorbereitungen f\u00fcr Karosseriebauunternehmen, haben Sie niemals Probleme mit der Garantie.<\/p>\n[\/et_pb_text][et_pb_text admin_label=&#8220;Tekst&#8220; _builder_version=&#8220;4.27.3&#8243; _module_preset=&#8220;8a3199e1-372f-4ef8-80ec-1609f2846847&#8243; custom_margin=&#8220;||40px||false|false&#8220; animation_direction=&#8220;bottom&#8220; hover_enabled=&#8220;0&#8243; locked=&#8220;off&#8220; global_colors_info=&#8220;{}&#8220; theme_builder_area=&#8220;post_content&#8220; sticky_enabled=&#8220;0&#8243;]\n<p><strong>M\u00f6chten Sie ein unverbindliches Angebot f\u00fcr eines unserer <a href=\"https:\/\/mobility4all.eu\/de\/fahrzeuge\/\">sofort verf\u00fcgbaren<\/a>\u00a0Caddy Rollstuhlautos?<\/strong><br \/>Dann nehmen Sie gerne unverbindlich <a href=\"https:\/\/www.mobility4all.eu\/de\/kontakt\/\">Kontakt<\/a> mit uns auf.<\/p>\n[\/et_pb_text][et_pb_button button_url=&#8220;@ET-DC@eyJkeW5hbWljIjp0cnVlLCJjb250ZW50IjoicG9zdF9saW5rX3VybF9wYWdlIiwic2V0dGluZ3MiOnsicG9zdF9pZCI6IjE3NTkifX0=@&#8220; button_text=&#8220;Nehmen Sie jetzt Kontakt mit uns auf&#8220; button_text_tablet=&#8220;Nehmen Sie jetzt Kontakt mit uns auf&#8220; button_text_phone=&#8220;Kontakt&#8220; button_text_last_edited=&#8220;on|phone&#8220; _builder_version=&#8220;4.27.2&#8243; _dynamic_attributes=&#8220;button_url&#8220; _module_preset=&#8220;9033427a-bd24-4ee2-8ee0-a12f7cbf84ac&#8220; vertical_offset=&#8220;0px&#8220; z_index=&#8220;20&#8243; locked=&#8220;off&#8220; global_colors_info=&#8220;{}&#8220; theme_builder_area=&#8220;post_content&#8220;][\/et_pb_button][\/et_pb_column][et_pb_column type=&#8220;1_2&#8243; _builder_version=&#8220;4.19.0&#8243; _module_preset=&#8220;default&#8220; global_colors_info=&#8220;{}&#8220; theme_builder_area=&#8220;post_content&#8220;][et_pb_video src=&#8220;https:\/\/www.youtube.com\/watch?v=Bm-esGXNCxM&#8220; _builder_version=&#8220;4.23.1&#8243; _module_preset=&#8220;default&#8220; global_colors_info=&#8220;{}&#8220; theme_builder_area=&#8220;post_content&#8220;][\/et_pb_video][\/et_pb_column][\/et_pb_row][\/et_pb_section][et_pb_section fb_built=&#8220;1&#8243; admin_label=&#8220;Tekstgebied grijs&#8220; _builder_version=&#8220;4.23.1&#8243; _module_preset=&#8220;default&#8220; background_color=&#8220;#EFEFEF&#8220; use_background_color_gradient=&#8220;on&#8220; background_color_gradient_stops=&#8220;#efefef 0%|#ffffff 100%&#8220; custom_padding=&#8220;40px||20px||false|false&#8220; bottom_divider_color=&#8220;#FFFFFF&#8220; bottom_divider_height=&#8220;40px&#8220; locked=&#8220;off&#8220; global_colors_info=&#8220;{}&#8220; theme_builder_area=&#8220;post_content&#8220;][et_pb_row use_custom_gutter=&#8220;on&#8220; gutter_width=&#8220;1&#8243; module_class=&#8220;gallery-tiles&#8220; _builder_version=&#8220;4.22.1&#8243; _module_preset=&#8220;default&#8220; max_width=&#8220;1460px&#8220; module_alignment=&#8220;center&#8220; custom_margin=&#8220;||||false|false&#8220; custom_padding=&#8220;20px||20px||false|false&#8220; locked=&#8220;off&#8220; global_colors_info=&#8220;{}&#8220; theme_builder_area=&#8220;post_content&#8220;][et_pb_column type=&#8220;4_4&#8243; _builder_version=&#8220;4.19.0&#8243; _module_preset=&#8220;default&#8220; global_colors_info=&#8220;{}&#8220; theme_builder_area=&#8220;post_content&#8220;][et_pb_gallery gallery_ids=&#8220;9981,9982,9983,9984&#8243; posts_number=&#8220;100&#8243; show_title_and_caption=&#8220;off&#8220; show_pagination=&#8220;off&#8220; zoom_icon_color=&#8220;#FFFFFF&#8220; hover_overlay_color=&#8220;rgba(0,69,138,0.5)&#8220; _builder_version=&#8220;4.27.3&#8243; _module_preset=&#8220;default&#8220; module_alignment=&#8220;center&#8220; hover_enabled=&#8220;0&#8243; global_colors_info=&#8220;{}&#8220; theme_builder_area=&#8220;post_content&#8220; sticky_enabled=&#8220;0&#8243;][\/et_pb_gallery][\/et_pb_column][\/et_pb_row][\/et_pb_section]\n","protected":false},"excerpt":{"rendered":"<p>VW Caddy 5 Combi Max Rollstuhlauto<\/p>\n","protected":false},"author":1,"featured_media":9285,"parent":1833,"menu_order":1,"comment_status":"closed","ping_status":"closed","template":"","meta":{"_et_pb_use_builder":"on","_et_pb_old_content":"","_et_gb_content_width":"","footnotes":""},"class_list":["post-9153","page","type-page","status-publish","has-post-thumbnail","hentry"],"aioseo_notices":[],"_links":{"self":[{"href":"https:\/\/www.mobility4all.eu\/de\/wp-json\/wp\/v2\/pages\/9153","targetHints":{"allow":["GET"]}}],"collection":[{"href":"https:\/\/www.mobility4all.eu\/de\/wp-json\/wp\/v2\/pages"}],"about":[{"href":"https:\/\/www.mobility4all.eu\/de\/wp-json\/wp\/v2\/types\/page"}],"author":[{"embeddable":true,"href":"https:\/\/www.mobility4all.eu\/de\/wp-json\/wp\/v2\/users\/1"}],"replies":[{"embeddable":true,"href":"https:\/\/www.mobility4all.eu\/de\/wp-json\/wp\/v2\/comments?post=9153"}],"version-history":[{"count":16,"href":"https:\/\/www.mobility4all.eu\/de\/wp-json\/wp\/v2\/pages\/9153\/revisions"}],"predecessor-version":[{"id":9986,"href":"https:\/\/www.mobility4all.eu\/de\/wp-json\/wp\/v2\/pages\/9153\/revisions\/9986"}],"up":[{"embeddable":true,"href":"https:\/\/www.mobility4all.eu\/de\/wp-json\/wp\/v2\/pages\/1833"}],"wp:featuredmedia":[{"embeddable":true,"href":"https:\/\/www.mobility4all.eu\/de\/wp-json\/wp\/v2\/media\/9285"}],"wp:attachment":[{"href":"https:\/\/www.mobility4all.eu\/de\/wp-json\/wp\/v2\/media?parent=9153"}],"curies":[{"name":"wp","href":"https:\/\/api.w.org\/{rel}","templated":true}]}}