{"id":9544,"date":"2024-08-27T16:39:16","date_gmt":"2024-08-27T14:39:16","guid":{"rendered":"https:\/\/www.mobility4all.eu\/be\/?page_id=9544"},"modified":"2024-11-05T13:59:45","modified_gmt":"2024-11-05T12:59:45","slug":"drehstuhl-klappsitz","status":"publish","type":"page","link":"https:\/\/www.mobility4all.eu\/de\/moglichkeiten\/drehstuhl-klappsitz\/","title":{"rendered":"Drehstuhl \/ Klappsitz"},"content":{"rendered":"[et_pb_section fb_built=&#8220;1&#8243; admin_label=&#8220;Tekstgebied wit&#8220; _builder_version=&#8220;4.23.1&#8243; _module_preset=&#8220;default&#8220; background_color=&#8220;#FFFFFF&#8220; custom_padding=&#8220;20px||20px||false|false&#8220; bottom_divider_color=&#8220;#EFEFEF&#8220; bottom_divider_height=&#8220;40px&#8220; locked=&#8220;off&#8220; global_colors_info=&#8220;{}&#8220; theme_builder_area=&#8220;post_content&#8220;][et_pb_row _builder_version=&#8220;4.22.1&#8243; _module_preset=&#8220;default&#8220; custom_margin=&#8220;||||false|false&#8220; custom_padding=&#8220;80px||0px||false|false&#8220; locked=&#8220;off&#8220; global_colors_info=&#8220;{}&#8220; theme_builder_area=&#8220;post_content&#8220;][et_pb_column type=&#8220;4_4&#8243; _builder_version=&#8220;4.19.0&#8243; _module_preset=&#8220;default&#8220; global_colors_info=&#8220;{}&#8220; theme_builder_area=&#8220;post_content&#8220;][et_pb_text admin_label=&#8220;Title&#8220; _builder_version=&#8220;4.22.1&#8243; _module_preset=&#8220;6918ccfd-f835-474b-ac79-6df21dcefccd&#8220; custom_margin=&#8220;40px||40px||true|false&#8220; animation_direction=&#8220;bottom&#8220; animation_duration=&#8220;500ms&#8220; animation_intensity_slide=&#8220;10%&#8220; locked=&#8220;off&#8220; global_colors_info=&#8220;{}&#8220; theme_builder_area=&#8220;post_content&#8220;]\n<h2><strong>Drehstuhl \/ Klappsitz<\/strong><\/h2>\n<h5>Besondere Sitzgelegenheiten<\/h5>\n[\/et_pb_text][\/et_pb_column][\/et_pb_row][et_pb_row column_structure=&#8220;1_2,1_2&#8243; _builder_version=&#8220;4.22.1&#8243; _module_preset=&#8220;default&#8220; custom_margin=&#8220;||||false|false&#8220; custom_padding=&#8220;0px||80px||false|false&#8220; locked=&#8220;off&#8220; global_colors_info=&#8220;{}&#8220; theme_builder_area=&#8220;post_content&#8220;][et_pb_column type=&#8220;1_2&#8243; _builder_version=&#8220;4.19.0&#8243; _module_preset=&#8220;default&#8220; global_colors_info=&#8220;{}&#8220; theme_builder_area=&#8220;post_content&#8220;][et_pb_text admin_label=&#8220;Tekst&#8220; _builder_version=&#8220;4.27.0&#8243; _module_preset=&#8220;8a3199e1-372f-4ef8-80ec-1609f2846847&#8243; custom_margin=&#8220;||40px||false|false&#8220; animation_direction=&#8220;bottom&#8220; locked=&#8220;off&#8220; global_colors_info=&#8220;{}&#8220; theme_builder_area=&#8220;post_content&#8220;]\n<p>Klappsitze oder drehbare Sitzpl\u00e4tze sind spezielle M1 St\u00fchle, die einfach eingeklappt oder weggedreht werden k\u00f6nnen, um Platz f\u00fcr einen Rollstuhl zu schaffen.<\/p>\n<p>Sie finden diese h\u00e4ufig in Fahrzeugen, die von Mobility4all GmbH geliefert werden.<\/p>\n<p>Sie werden oft in Rollstuhlbusen, Rollstuhlautos, im \u00f6ffentlichen Verkehr wie Z\u00fcgen oder Bussen sowie im Krankentransport montiert.<\/p>\n[\/et_pb_text][\/et_pb_column][et_pb_column type=&#8220;1_2&#8243; _builder_version=&#8220;4.19.0&#8243; _module_preset=&#8220;default&#8220; global_colors_info=&#8220;{}&#8220; theme_builder_area=&#8220;post_content&#8220;][et_pb_text admin_label=&#8220;Tekst&#8220; _builder_version=&#8220;4.23.1&#8243; _module_preset=&#8220;8a3199e1-372f-4ef8-80ec-1609f2846847&#8243; custom_margin=&#8220;||40px||false|false&#8220; animation_direction=&#8220;bottom&#8220; locked=&#8220;off&#8220; global_colors_info=&#8220;{}&#8220; theme_builder_area=&#8220;post_content&#8220;]\n<p>Durch die Verwendung eines M1-zertifizierten Drehstuhls in einem Rollstuhlbus m\u00fcssen Sie keine Sitze entfernen, wenn Sie einen oder mehrere Rollst\u00fchle transportieren m\u00f6chten.<\/p>\n<p>Dies erh\u00f6ht Ihre Flexibilit\u00e4t erheblich, und erleichtert die t\u00e4gliche Arbeit.\u00a0<\/p>\n[\/et_pb_text][et_pb_button button_url=&#8220;@ET-DC@eyJkeW5hbWljIjp0cnVlLCJjb250ZW50IjoicG9zdF9saW5rX3VybF9wYWdlIiwic2V0dGluZ3MiOnsicG9zdF9pZCI6IjE3NTkifX0=@&#8220; button_text=&#8220;Nehmen Sie jetzt Kontakt mit uns auf&#8220; _builder_version=&#8220;4.27.2&#8243; _dynamic_attributes=&#8220;button_url&#8220; _module_preset=&#8220;9033427a-bd24-4ee2-8ee0-a12f7cbf84ac&#8220; vertical_offset=&#8220;0px&#8220; z_index=&#8220;20&#8243; hover_enabled=&#8220;0&#8243; locked=&#8220;off&#8220; global_colors_info=&#8220;{}&#8220; theme_builder_area=&#8220;post_content&#8220; button_text_last_edited=&#8220;on|phone&#8220; sticky_enabled=&#8220;0&#8243; button_text_phone=&#8220;Kontakt&#8220; button_text_tablet=&#8220;Nehmen Sie jetzt Kontakt mit uns auf&#8220;][\/et_pb_button][\/et_pb_column][\/et_pb_row][et_pb_row column_structure=&#8220;1_2,1_2&#8243; _builder_version=&#8220;4.22.1&#8243; _module_preset=&#8220;default&#8220; custom_margin=&#8220;||||false|false&#8220; custom_padding=&#8220;0px||80px||false|false&#8220; locked=&#8220;off&#8220; global_colors_info=&#8220;{}&#8220; theme_builder_area=&#8220;post_content&#8220;][et_pb_column type=&#8220;1_2&#8243; _builder_version=&#8220;4.19.0&#8243; _module_preset=&#8220;default&#8220; global_colors_info=&#8220;{}&#8220; theme_builder_area=&#8220;post_content&#8220;][et_pb_image src=&#8220;https:\/\/mobility4all.eu\/de\/wp-content\/uploads\/2024\/09\/Draaistoel-klapstoel-02.jpg&#8220; alt=&#8220;Draaistoel &#8211; klapstoel&#8220; title_text=&#8220;Draaistoel &#8211; klapstoel&#8220; force_fullwidth=&#8220;on&#8220; _builder_version=&#8220;4.27.0&#8243; _module_preset=&#8220;default&#8220; custom_margin=&#8220;0px||||false|false&#8220; animation_style=&#8220;fade&#8220; animation_direction=&#8220;bottom&#8220; animation_duration=&#8220;750ms&#8220; animation_delay=&#8220;650ms&#8220; global_colors_info=&#8220;{}&#8220; theme_builder_area=&#8220;post_content&#8220;][\/et_pb_image][\/et_pb_column][et_pb_column type=&#8220;1_2&#8243; _builder_version=&#8220;4.19.0&#8243; _module_preset=&#8220;default&#8220; global_colors_info=&#8220;{}&#8220; theme_builder_area=&#8220;post_content&#8220;][et_pb_image src=&#8220;https:\/\/mobility4all.eu\/de\/wp-content\/uploads\/2024\/09\/Draaistoel-klapstoel-03.jpg&#8220; alt=&#8220;Draaistoel &#8211; klapstoel&#8220; title_text=&#8220;Draaistoel &#8211; klapstoel&#8220; force_fullwidth=&#8220;on&#8220; _builder_version=&#8220;4.27.0&#8243; _module_preset=&#8220;default&#8220; custom_margin=&#8220;||28px||false|false&#8220; animation_style=&#8220;fade&#8220; animation_duration=&#8220;500ms&#8220; animation_delay=&#8220;550ms&#8220; global_colors_info=&#8220;{}&#8220; theme_builder_area=&#8220;post_content&#8220;][\/et_pb_image][\/et_pb_column][\/et_pb_row][et_pb_row column_structure=&#8220;1_2,1_2&#8243; _builder_version=&#8220;4.22.1&#8243; _module_preset=&#8220;default&#8220; custom_margin=&#8220;||||false|false&#8220; custom_padding=&#8220;0px||80px||false|false&#8220; locked=&#8220;off&#8220; global_colors_info=&#8220;{}&#8220; theme_builder_area=&#8220;post_content&#8220;][et_pb_column type=&#8220;1_2&#8243; _builder_version=&#8220;4.19.0&#8243; _module_preset=&#8220;default&#8220; global_colors_info=&#8220;{}&#8220; theme_builder_area=&#8220;post_content&#8220;][et_pb_text admin_label=&#8220;Tekst&#8220; _builder_version=&#8220;4.23.1&#8243; _module_preset=&#8220;8a3199e1-372f-4ef8-80ec-1609f2846847&#8243; custom_margin=&#8220;||40px||false|false&#8220; animation_direction=&#8220;bottom&#8220; locked=&#8220;off&#8220; global_colors_info=&#8220;{}&#8220; theme_builder_area=&#8220;post_content&#8220;]\n<p><strong>Wenn Sie jemals Schwierigkeiten hatten, Ihren Rollstuhl in einen Bus zu bekommen, kann ein drehbarer Sitz von Mobility4all eine gute Option sein.<\/strong><\/p>\n<p>Mobility4all hat die Rotationsfunktion eines normalen M1-zertifizierten Sitzes eingef\u00fchrt. <br \/>Dies macht die Nutzung erheblich leichter und einfacher.<\/p>\n<p>Die Amortisationszeit Ihres Fahrzeugs ist k\u00fcrzer f\u00fcr einen Rollstuhlbus, der professionell genutzt wird.<\/p>\n[\/et_pb_text][et_pb_text admin_label=&#8220;Tekst&#8220; _builder_version=&#8220;4.27.0&#8243; _module_preset=&#8220;8a3199e1-372f-4ef8-80ec-1609f2846847&#8243; custom_margin=&#8220;||40px||false|false&#8220; animation_direction=&#8220;bottom&#8220; locked=&#8220;off&#8220; global_colors_info=&#8220;{}&#8220; theme_builder_area=&#8220;post_content&#8220;]\n<p><strong>Worauf sollten Sie beim Kauf eines drehbaren sitzes achten?<\/strong><\/p>\n<p>Die drehbaren Sitzpl\u00e4tze von Mobility4all sind alle M1-zertifiziert und entsprechen den europ\u00e4ischen Standards. <br \/>Egal wo Sie sich in Europa befinden, Sie k\u00f6nnen sich immer auf einen sicheren Transport mit einem Drehstuhl von Mobility4all verlassen.<\/p>\n[\/et_pb_text][et_pb_button button_url=&#8220;@ET-DC@eyJkeW5hbWljIjp0cnVlLCJjb250ZW50IjoicG9zdF9saW5rX3VybF9wYWdlIiwic2V0dGluZ3MiOnsicG9zdF9pZCI6IjE3NTkifX0=@&#8220; button_text=&#8220;Nehmen Sie jetzt Kontakt mit uns auf&#8220; _builder_version=&#8220;4.27.2&#8243; _dynamic_attributes=&#8220;button_url&#8220; _module_preset=&#8220;9033427a-bd24-4ee2-8ee0-a12f7cbf84ac&#8220; vertical_offset=&#8220;0px&#8220; z_index=&#8220;20&#8243; hover_enabled=&#8220;0&#8243; locked=&#8220;off&#8220; global_colors_info=&#8220;{}&#8220; theme_builder_area=&#8220;post_content&#8220; button_text_last_edited=&#8220;on|phone&#8220; sticky_enabled=&#8220;0&#8243; button_text_phone=&#8220;Kontakt&#8220; button_text_tablet=&#8220;Nehmen Sie jetzt Kontakt mit uns auf&#8220;][\/et_pb_button][\/et_pb_column][et_pb_column type=&#8220;1_2&#8243; _builder_version=&#8220;4.19.0&#8243; _module_preset=&#8220;default&#8220; global_colors_info=&#8220;{}&#8220; theme_builder_area=&#8220;post_content&#8220;][et_pb_image src=&#8220;https:\/\/mobility4all.eu\/de\/wp-content\/uploads\/2024\/09\/voorbeeldopstelling.jpg&#8220; alt=&#8220;voorbeeldopstelling&#8220; title_text=&#8220;voorbeeldopstelling&#8220; force_fullwidth=&#8220;on&#8220; _builder_version=&#8220;4.27.0&#8243; _module_preset=&#8220;default&#8220; custom_margin=&#8220;0px||||false|false&#8220; animation_style=&#8220;fade&#8220; animation_direction=&#8220;bottom&#8220; animation_duration=&#8220;750ms&#8220; animation_delay=&#8220;650ms&#8220; global_colors_info=&#8220;{}&#8220; theme_builder_area=&#8220;post_content&#8220;][\/et_pb_image][\/et_pb_column][\/et_pb_row][\/et_pb_section]\n","protected":false},"excerpt":{"rendered":"<p>Besondere Sitzgelegenheiten<\/p>\n","protected":false},"author":1,"featured_media":1424,"parent":1833,"menu_order":4,"comment_status":"closed","ping_status":"closed","template":"","meta":{"_et_pb_use_builder":"on","_et_pb_old_content":"","_et_gb_content_width":"","footnotes":""},"class_list":["post-9544","page","type-page","status-publish","has-post-thumbnail","hentry"],"aioseo_notices":[],"_links":{"self":[{"href":"https:\/\/www.mobility4all.eu\/de\/wp-json\/wp\/v2\/pages\/9544","targetHints":{"allow":["GET"]}}],"collection":[{"href":"https:\/\/www.mobility4all.eu\/de\/wp-json\/wp\/v2\/pages"}],"about":[{"href":"https:\/\/www.mobility4all.eu\/de\/wp-json\/wp\/v2\/types\/page"}],"author":[{"embeddable":true,"href":"https:\/\/www.mobility4all.eu\/de\/wp-json\/wp\/v2\/users\/1"}],"replies":[{"embeddable":true,"href":"https:\/\/www.mobility4all.eu\/de\/wp-json\/wp\/v2\/comments?post=9544"}],"version-history":[{"count":6,"href":"https:\/\/www.mobility4all.eu\/de\/wp-json\/wp\/v2\/pages\/9544\/revisions"}],"predecessor-version":[{"id":9837,"href":"https:\/\/www.mobility4all.eu\/de\/wp-json\/wp\/v2\/pages\/9544\/revisions\/9837"}],"up":[{"embeddable":true,"href":"https:\/\/www.mobility4all.eu\/de\/wp-json\/wp\/v2\/pages\/1833"}],"wp:featuredmedia":[{"embeddable":true,"href":"https:\/\/www.mobility4all.eu\/de\/wp-json\/wp\/v2\/media\/1424"}],"wp:attachment":[{"href":"https:\/\/www.mobility4all.eu\/de\/wp-json\/wp\/v2\/media?parent=9544"}],"curies":[{"name":"wp","href":"https:\/\/api.w.org\/{rel}","templated":true}]}}